{"id":2954,"date":"2024-04-02T18:49:51","date_gmt":"2024-04-02T17:49:51","guid":{"rendered":"https:\/\/sublimationsoinsexperts.com\/?post_type=product&#038;p=2954"},"modified":"2024-04-02T18:49:51","modified_gmt":"2024-04-02T17:49:51","slug":"attelle-de-genou-3-panneaux-orthopedic-1405","status":"publish","type":"product","link":"https:\/\/sublimationsoinsexperts.com\/index.php\/product\/attelle-de-genou-3-panneaux-orthopedic-1405\/","title":{"rendered":"Attelle de genou 3 panneaux Orthopedic 1405"},"content":{"rendered":"<p>\u2022 Une orth\u00e8se assurant une immobilisation du genou en extension pour assurer la stabilit\u00e9 de la jambe et \u00e9viter la bascule de l&rsquo;articulation vers l&rsquo;avant ou l&rsquo;arri\u00e8re.<br \/>\n\u2022 Utilisation en cas de:<br \/>\n&#8211; Entorses moyennes ou graves<br \/>\n&#8211; L\u00e9sions musculaires<br \/>\n&#8211; Luxation de la rotule<br \/>\n&#8211; Etats pr\u00e9\/post-op\u00e9ratoires<\/p>\n","protected":false},"excerpt":{"rendered":"<p>\u2022 Une orth\u00e8se assurant une immobilisation du genou en extension pour assurer la stabilit\u00e9 de la jambe et \u00e9viter la bascule de l&rsquo;articulation vers l&rsquo;avant ou l&rsquo;arri\u00e8re. \u2022 Utilisation en cas de: &#8211; Entorses moyennes ou graves &#8211; L\u00e9sions musculaires &#8211; Luxation de la rotule &#8211; Etats pr\u00e9\/post-op\u00e9ratoires<\/p>\n","protected":false},"featured_media":2955,"comment_status":"open","ping_status":"closed","template":"","meta":[],"product_brand":[],"product_cat":[117,111],"product_tag":[],"class_list":{"0":"post-2954","1":"product","2":"type-product","3":"status-publish","4":"has-post-thumbnail","6":"product_cat-attelle-de-genou","7":"product_cat-orthopedie","9":"first","10":"instock","11":"shipping-taxable","12":"purchasable","13":"product-type-simple"},"yoast_head":"<!-- This site is optimized with the Yoast SEO plugin v27.3 - https:\/\/yoast.com\/product\/yoast-seo-wordpress\/ -->\n<title>Attelle de genou 3 panneaux Orthopedic 1405 - Sublimation soins experts<\/title>\n<meta name=\"robots\" content=\"index, follow, max-snippet:-1, max-image-preview:large, max-video-preview:-1\" \/>\n<link rel=\"canonical\" href=\"https:\/\/sublimationsoinsexperts.com\/index.php\/product\/attelle-de-genou-3-panneaux-orthopedic-1405\/\" \/>\n<meta property=\"og:locale\" content=\"fr_FR\" \/>\n<meta property=\"og:type\" content=\"article\" \/>\n<meta property=\"og:title\" content=\"Attelle de genou 3 panneaux Orthopedic 1405 - Sublimation soins experts\" \/>\n<meta property=\"og:description\" content=\"\u2022 Une orth\u00e8se assurant une immobilisation du genou en extension pour assurer la stabilit\u00e9 de la jambe et \u00e9viter la bascule de l&rsquo;articulation vers l&rsquo;avant ou l&rsquo;arri\u00e8re. \u2022 Utilisation en cas de: &#8211; Entorses moyennes ou graves &#8211; L\u00e9sions musculaires &#8211; Luxation de la rotule &#8211; Etats pr\u00e9\/post-op\u00e9ratoires\" \/>\n<meta property=\"og:url\" content=\"https:\/\/sublimationsoinsexperts.com\/index.php\/product\/attelle-de-genou-3-panneaux-orthopedic-1405\/\" \/>\n<meta property=\"og:site_name\" content=\"Sublimation soins experts\" \/>\n<meta property=\"og:image\" content=\"http:\/\/sublimationsoinsexperts.com\/wp-content\/uploads\/2024\/04\/O104_Attelle-de-genou-3-panneaux-Orthopedic-1405.jpg\" \/>\n\t<meta property=\"og:image:width\" content=\"215\" \/>\n\t<meta property=\"og:image:height\" content=\"400\" \/>\n\t<meta property=\"og:image:type\" content=\"image\/jpeg\" \/>\n<meta name=\"twitter:card\" content=\"summary_large_image\" \/>\n<meta name=\"twitter:label1\" content=\"Dur\u00e9e de lecture estim\u00e9e\" \/>\n\t<meta name=\"twitter:data1\" content=\"1 minute\" \/>\n<script type=\"application\/ld+json\" class=\"yoast-schema-graph\">{\"@context\":\"https:\\\/\\\/schema.org\",\"@graph\":[{\"@type\":\"WebPage\",\"@id\":\"https:\\\/\\\/sublimationsoinsexperts.com\\\/index.php\\\/product\\\/attelle-de-genou-3-panneaux-orthopedic-1405\\\/\",\"url\":\"https:\\\/\\\/sublimationsoinsexperts.com\\\/index.php\\\/product\\\/attelle-de-genou-3-panneaux-orthopedic-1405\\\/\",\"name\":\"Attelle de genou 3 panneaux Orthopedic 1405 - Sublimation soins experts\",\"isPartOf\":{\"@id\":\"https:\\\/\\\/sublimationsoinsexperts.com\\\/#website\"},\"primaryImageOfPage\":{\"@id\":\"https:\\\/\\\/sublimationsoinsexperts.com\\\/index.php\\\/product\\\/attelle-de-genou-3-panneaux-orthopedic-1405\\\/#primaryimage\"},\"image\":{\"@id\":\"https:\\\/\\\/sublimationsoinsexperts.com\\\/index.php\\\/product\\\/attelle-de-genou-3-panneaux-orthopedic-1405\\\/#primaryimage\"},\"thumbnailUrl\":\"https:\\\/\\\/sublimationsoinsexperts.com\\\/wp-content\\\/uploads\\\/2024\\\/04\\\/O104_Attelle-de-genou-3-panneaux-Orthopedic-1405.jpg\",\"datePublished\":\"2024-04-02T17:49:51+00:00\",\"breadcrumb\":{\"@id\":\"https:\\\/\\\/sublimationsoinsexperts.com\\\/index.php\\\/product\\\/attelle-de-genou-3-panneaux-orthopedic-1405\\\/#breadcrumb\"},\"inLanguage\":\"fr-FR\",\"potentialAction\":[{\"@type\":\"ReadAction\",\"target\":[\"https:\\\/\\\/sublimationsoinsexperts.com\\\/index.php\\\/product\\\/attelle-de-genou-3-panneaux-orthopedic-1405\\\/\"]}]},{\"@type\":\"ImageObject\",\"inLanguage\":\"fr-FR\",\"@id\":\"https:\\\/\\\/sublimationsoinsexperts.com\\\/index.php\\\/product\\\/attelle-de-genou-3-panneaux-orthopedic-1405\\\/#primaryimage\",\"url\":\"https:\\\/\\\/sublimationsoinsexperts.com\\\/wp-content\\\/uploads\\\/2024\\\/04\\\/O104_Attelle-de-genou-3-panneaux-Orthopedic-1405.jpg\",\"contentUrl\":\"https:\\\/\\\/sublimationsoinsexperts.com\\\/wp-content\\\/uploads\\\/2024\\\/04\\\/O104_Attelle-de-genou-3-panneaux-Orthopedic-1405.jpg\",\"width\":215,\"height\":400},{\"@type\":\"BreadcrumbList\",\"@id\":\"https:\\\/\\\/sublimationsoinsexperts.com\\\/index.php\\\/product\\\/attelle-de-genou-3-panneaux-orthopedic-1405\\\/#breadcrumb\",\"itemListElement\":[{\"@type\":\"ListItem\",\"position\":1,\"name\":\"Accueil\",\"item\":\"https:\\\/\\\/sublimationsoinsexperts.com\\\/\"},{\"@type\":\"ListItem\",\"position\":2,\"name\":\"Shop\",\"item\":\"https:\\\/\\\/sublimationsoinsexperts.com\\\/index.php\\\/shop\\\/\"},{\"@type\":\"ListItem\",\"position\":3,\"name\":\"Attelle de genou 3 panneaux Orthopedic 1405\"}]},{\"@type\":\"WebSite\",\"@id\":\"https:\\\/\\\/sublimationsoinsexperts.com\\\/#website\",\"url\":\"https:\\\/\\\/sublimationsoinsexperts.com\\\/\",\"name\":\"Sublimation soins experts\",\"description\":\"\",\"potentialAction\":[{\"@type\":\"SearchAction\",\"target\":{\"@type\":\"EntryPoint\",\"urlTemplate\":\"https:\\\/\\\/sublimationsoinsexperts.com\\\/?s={search_term_string}\"},\"query-input\":{\"@type\":\"PropertyValueSpecification\",\"valueRequired\":true,\"valueName\":\"search_term_string\"}}],\"inLanguage\":\"fr-FR\"}]}<\/script>\n<!-- \/ Yoast SEO plugin. -->","yoast_head_json":{"title":"Attelle de genou 3 panneaux Orthopedic 1405 - Sublimation soins experts","robots":{"index":"index","follow":"follow","max-snippet":"max-snippet:-1","max-image-preview":"max-image-preview:large","max-video-preview":"max-video-preview:-1"},"canonical":"https:\/\/sublimationsoinsexperts.com\/index.php\/product\/attelle-de-genou-3-panneaux-orthopedic-1405\/","og_locale":"fr_FR","og_type":"article","og_title":"Attelle de genou 3 panneaux Orthopedic 1405 - Sublimation soins experts","og_description":"\u2022 Une orth\u00e8se assurant une immobilisation du genou en extension pour assurer la stabilit\u00e9 de la jambe et \u00e9viter la bascule de l&rsquo;articulation vers l&rsquo;avant ou l&rsquo;arri\u00e8re. \u2022 Utilisation en cas de: &#8211; Entorses moyennes ou graves &#8211; L\u00e9sions musculaires &#8211; Luxation de la rotule &#8211; Etats pr\u00e9\/post-op\u00e9ratoires","og_url":"https:\/\/sublimationsoinsexperts.com\/index.php\/product\/attelle-de-genou-3-panneaux-orthopedic-1405\/","og_site_name":"Sublimation soins experts","og_image":[{"width":215,"height":400,"url":"http:\/\/sublimationsoinsexperts.com\/wp-content\/uploads\/2024\/04\/O104_Attelle-de-genou-3-panneaux-Orthopedic-1405.jpg","type":"image\/jpeg"}],"twitter_card":"summary_large_image","twitter_misc":{"Dur\u00e9e de lecture estim\u00e9e":"1 minute"},"schema":{"@context":"https:\/\/schema.org","@graph":[{"@type":"WebPage","@id":"https:\/\/sublimationsoinsexperts.com\/index.php\/product\/attelle-de-genou-3-panneaux-orthopedic-1405\/","url":"https:\/\/sublimationsoinsexperts.com\/index.php\/product\/attelle-de-genou-3-panneaux-orthopedic-1405\/","name":"Attelle de genou 3 panneaux Orthopedic 1405 - Sublimation soins experts","isPartOf":{"@id":"https:\/\/sublimationsoinsexperts.com\/#website"},"primaryImageOfPage":{"@id":"https:\/\/sublimationsoinsexperts.com\/index.php\/product\/attelle-de-genou-3-panneaux-orthopedic-1405\/#primaryimage"},"image":{"@id":"https:\/\/sublimationsoinsexperts.com\/index.php\/product\/attelle-de-genou-3-panneaux-orthopedic-1405\/#primaryimage"},"thumbnailUrl":"https:\/\/sublimationsoinsexperts.com\/wp-content\/uploads\/2024\/04\/O104_Attelle-de-genou-3-panneaux-Orthopedic-1405.jpg","datePublished":"2024-04-02T17:49:51+00:00","breadcrumb":{"@id":"https:\/\/sublimationsoinsexperts.com\/index.php\/product\/attelle-de-genou-3-panneaux-orthopedic-1405\/#breadcrumb"},"inLanguage":"fr-FR","potentialAction":[{"@type":"ReadAction","target":["https:\/\/sublimationsoinsexperts.com\/index.php\/product\/attelle-de-genou-3-panneaux-orthopedic-1405\/"]}]},{"@type":"ImageObject","inLanguage":"fr-FR","@id":"https:\/\/sublimationsoinsexperts.com\/index.php\/product\/attelle-de-genou-3-panneaux-orthopedic-1405\/#primaryimage","url":"https:\/\/sublimationsoinsexperts.com\/wp-content\/uploads\/2024\/04\/O104_Attelle-de-genou-3-panneaux-Orthopedic-1405.jpg","contentUrl":"https:\/\/sublimationsoinsexperts.com\/wp-content\/uploads\/2024\/04\/O104_Attelle-de-genou-3-panneaux-Orthopedic-1405.jpg","width":215,"height":400},{"@type":"BreadcrumbList","@id":"https:\/\/sublimationsoinsexperts.com\/index.php\/product\/attelle-de-genou-3-panneaux-orthopedic-1405\/#breadcrumb","itemListElement":[{"@type":"ListItem","position":1,"name":"Accueil","item":"https:\/\/sublimationsoinsexperts.com\/"},{"@type":"ListItem","position":2,"name":"Shop","item":"https:\/\/sublimationsoinsexperts.com\/index.php\/shop\/"},{"@type":"ListItem","position":3,"name":"Attelle de genou 3 panneaux Orthopedic 1405"}]},{"@type":"WebSite","@id":"https:\/\/sublimationsoinsexperts.com\/#website","url":"https:\/\/sublimationsoinsexperts.com\/","name":"Sublimation soins experts","description":"","potentialAction":[{"@type":"SearchAction","target":{"@type":"EntryPoint","urlTemplate":"https:\/\/sublimationsoinsexperts.com\/?s={search_term_string}"},"query-input":{"@type":"PropertyValueSpecification","valueRequired":true,"valueName":"search_term_string"}}],"inLanguage":"fr-FR"}]}},"_links":{"self":[{"href":"https:\/\/sublimationsoinsexperts.com\/index.php\/wp-json\/wp\/v2\/product\/2954","targetHints":{"allow":["GET"]}}],"collection":[{"href":"https:\/\/sublimationsoinsexperts.com\/index.php\/wp-json\/wp\/v2\/product"}],"about":[{"href":"https:\/\/sublimationsoinsexperts.com\/index.php\/wp-json\/wp\/v2\/types\/product"}],"replies":[{"embeddable":true,"href":"https:\/\/sublimationsoinsexperts.com\/index.php\/wp-json\/wp\/v2\/comments?post=2954"}],"wp:featuredmedia":[{"embeddable":true,"href":"https:\/\/sublimationsoinsexperts.com\/index.php\/wp-json\/wp\/v2\/media\/2955"}],"wp:attachment":[{"href":"https:\/\/sublimationsoinsexperts.com\/index.php\/wp-json\/wp\/v2\/media?parent=2954"}],"wp:term":[{"taxonomy":"product_brand","embeddable":true,"href":"https:\/\/sublimationsoinsexperts.com\/index.php\/wp-json\/wp\/v2\/product_brand?post=2954"},{"taxonomy":"product_cat","embeddable":true,"href":"https:\/\/sublimationsoinsexperts.com\/index.php\/wp-json\/wp\/v2\/product_cat?post=2954"},{"taxonomy":"product_tag","embeddable":true,"href":"https:\/\/sublimationsoinsexperts.com\/index.php\/wp-json\/wp\/v2\/product_tag?post=2954"}],"curies":[{"name":"wp","href":"https:\/\/api.w.org\/{rel}","templated":true}]}}