{"id":2956,"date":"2024-04-02T19:06:22","date_gmt":"2024-04-02T18:06:22","guid":{"rendered":"https:\/\/sublimationsoinsexperts.com\/?post_type=product&#038;p=2956"},"modified":"2024-04-02T19:06:22","modified_gmt":"2024-04-02T18:06:22","slug":"attelle-de-poignet-pouce-gauche-droit-orthopedic-1903","status":"publish","type":"product","link":"https:\/\/sublimationsoinsexperts.com\/index.php\/product\/attelle-de-poignet-pouce-gauche-droit-orthopedic-1903\/","title":{"rendered":"Attelle de poignet pouce gauche \/ droit Orthopedic 1903"},"content":{"rendered":"<p>\u2022 Une orth\u00e8se assurant une stabilisation et immobilisation du poignet et du pouce.<br \/>\n\u2022 Une forme anatomique pour soulager les douleurs et r\u00e9duire les tensions.<br \/>\n\u2022 Tr\u00e8s l\u00e9g\u00e8re pour une meilleure adaptabilit\u00e9 aux gestes quotidiens.<br \/>\n\u2022 Utilisation en cas de:<br \/>\n&#8211; Tendinite de Ouervain<br \/>\n&#8211; Blessure au scapho\u00efde<br \/>\n&#8211; Rhizarthrose<br \/>\n&#8211; Traumatologie du pouce<\/p>\n<p>\u2022 Mat\u00e9riaux:<br \/>\n&#8211; Tissu ext\u00e9rieur en polyamide<br \/>\n&#8211; 2 \u00e9clisses palmaires ajustables et 2 baleines souples pour assurer une stabilit\u00e9 et une \u00e9limination du risque lors des mouvements<br \/>\n\u2022 Entretien:<br \/>\n&#8211; Laver \u00e0 la main \/ machine \u00e0 30\u00b0 max<br \/>\n&#8211; Ne pas repasser<br \/>\n&#8211; Ne pas mettre au s\u00e8che-linge<\/p>\n","protected":false},"excerpt":{"rendered":"<p>\u2022 Une orth\u00e8se assurant une stabilisation et immobilisation du poignet et du pouce. \u2022 Une forme anatomique pour soulager les douleurs et r\u00e9duire les tensions. \u2022 Tr\u00e8s l\u00e9g\u00e8re pour une meilleure adaptabilit\u00e9 aux gestes quotidiens. \u2022 Utilisation en cas de: &#8211; Tendinite de Ouervain &#8211; Blessure au scapho\u00efde &#8211; Rhizarthrose &#8211; Traumatologie du pouce \u2022 [&hellip;]<\/p>\n","protected":false},"featured_media":2957,"comment_status":"open","ping_status":"closed","template":"","meta":[],"product_brand":[],"product_cat":[119,111],"product_tag":[],"class_list":{"0":"post-2956","1":"product","2":"type-product","3":"status-publish","4":"has-post-thumbnail","6":"product_cat-attelle-de-poignet","7":"product_cat-orthopedie","9":"first","10":"instock","11":"shipping-taxable","12":"purchasable","13":"product-type-simple"},"yoast_head":"<!-- This site is optimized with the Yoast SEO plugin v27.4 - https:\/\/yoast.com\/product\/yoast-seo-wordpress\/ -->\n<title>Attelle de poignet pouce gauche \/ droit Orthopedic 1903 - Sublimation soins experts<\/title>\n<meta name=\"robots\" content=\"index, follow, max-snippet:-1, max-image-preview:large, max-video-preview:-1\" \/>\n<link rel=\"canonical\" href=\"https:\/\/sublimationsoinsexperts.com\/index.php\/product\/attelle-de-poignet-pouce-gauche-droit-orthopedic-1903\/\" \/>\n<meta property=\"og:locale\" content=\"fr_FR\" \/>\n<meta property=\"og:type\" content=\"article\" \/>\n<meta property=\"og:title\" content=\"Attelle de poignet pouce gauche \/ droit Orthopedic 1903 - Sublimation soins experts\" \/>\n<meta property=\"og:description\" content=\"\u2022 Une orth\u00e8se assurant une stabilisation et immobilisation du poignet et du pouce. \u2022 Une forme anatomique pour soulager les douleurs et r\u00e9duire les tensions. \u2022 Tr\u00e8s l\u00e9g\u00e8re pour une meilleure adaptabilit\u00e9 aux gestes quotidiens. \u2022 Utilisation en cas de: &#8211; Tendinite de Ouervain &#8211; Blessure au scapho\u00efde &#8211; Rhizarthrose &#8211; Traumatologie du pouce \u2022 [&hellip;]\" \/>\n<meta property=\"og:url\" content=\"https:\/\/sublimationsoinsexperts.com\/index.php\/product\/attelle-de-poignet-pouce-gauche-droit-orthopedic-1903\/\" \/>\n<meta property=\"og:site_name\" content=\"Sublimation soins experts\" \/>\n<meta property=\"og:image\" content=\"http:\/\/sublimationsoinsexperts.com\/wp-content\/uploads\/2024\/04\/O105_Attelle-de-poignet-pouce-gauche-droit-Orthopedic-1903.jpg\" \/>\n\t<meta property=\"og:image:width\" content=\"212\" \/>\n\t<meta property=\"og:image:height\" content=\"400\" \/>\n\t<meta property=\"og:image:type\" content=\"image\/jpeg\" \/>\n<meta name=\"twitter:card\" content=\"summary_large_image\" \/>\n<meta name=\"twitter:label1\" content=\"Dur\u00e9e de lecture estim\u00e9e\" \/>\n\t<meta name=\"twitter:data1\" content=\"1 minute\" \/>\n<script type=\"application\/ld+json\" class=\"yoast-schema-graph\">{\"@context\":\"https:\\\/\\\/schema.org\",\"@graph\":[{\"@type\":\"WebPage\",\"@id\":\"https:\\\/\\\/sublimationsoinsexperts.com\\\/index.php\\\/product\\\/attelle-de-poignet-pouce-gauche-droit-orthopedic-1903\\\/\",\"url\":\"https:\\\/\\\/sublimationsoinsexperts.com\\\/index.php\\\/product\\\/attelle-de-poignet-pouce-gauche-droit-orthopedic-1903\\\/\",\"name\":\"Attelle de poignet pouce gauche \\\/ droit Orthopedic 1903 - Sublimation soins experts\",\"isPartOf\":{\"@id\":\"https:\\\/\\\/sublimationsoinsexperts.com\\\/#website\"},\"primaryImageOfPage\":{\"@id\":\"https:\\\/\\\/sublimationsoinsexperts.com\\\/index.php\\\/product\\\/attelle-de-poignet-pouce-gauche-droit-orthopedic-1903\\\/#primaryimage\"},\"image\":{\"@id\":\"https:\\\/\\\/sublimationsoinsexperts.com\\\/index.php\\\/product\\\/attelle-de-poignet-pouce-gauche-droit-orthopedic-1903\\\/#primaryimage\"},\"thumbnailUrl\":\"https:\\\/\\\/sublimationsoinsexperts.com\\\/wp-content\\\/uploads\\\/2024\\\/04\\\/O105_Attelle-de-poignet-pouce-gauche-droit-Orthopedic-1903.jpg\",\"datePublished\":\"2024-04-02T18:06:22+00:00\",\"breadcrumb\":{\"@id\":\"https:\\\/\\\/sublimationsoinsexperts.com\\\/index.php\\\/product\\\/attelle-de-poignet-pouce-gauche-droit-orthopedic-1903\\\/#breadcrumb\"},\"inLanguage\":\"fr-FR\",\"potentialAction\":[{\"@type\":\"ReadAction\",\"target\":[\"https:\\\/\\\/sublimationsoinsexperts.com\\\/index.php\\\/product\\\/attelle-de-poignet-pouce-gauche-droit-orthopedic-1903\\\/\"]}]},{\"@type\":\"ImageObject\",\"inLanguage\":\"fr-FR\",\"@id\":\"https:\\\/\\\/sublimationsoinsexperts.com\\\/index.php\\\/product\\\/attelle-de-poignet-pouce-gauche-droit-orthopedic-1903\\\/#primaryimage\",\"url\":\"https:\\\/\\\/sublimationsoinsexperts.com\\\/wp-content\\\/uploads\\\/2024\\\/04\\\/O105_Attelle-de-poignet-pouce-gauche-droit-Orthopedic-1903.jpg\",\"contentUrl\":\"https:\\\/\\\/sublimationsoinsexperts.com\\\/wp-content\\\/uploads\\\/2024\\\/04\\\/O105_Attelle-de-poignet-pouce-gauche-droit-Orthopedic-1903.jpg\",\"width\":212,\"height\":400},{\"@type\":\"BreadcrumbList\",\"@id\":\"https:\\\/\\\/sublimationsoinsexperts.com\\\/index.php\\\/product\\\/attelle-de-poignet-pouce-gauche-droit-orthopedic-1903\\\/#breadcrumb\",\"itemListElement\":[{\"@type\":\"ListItem\",\"position\":1,\"name\":\"Accueil\",\"item\":\"https:\\\/\\\/sublimationsoinsexperts.com\\\/\"},{\"@type\":\"ListItem\",\"position\":2,\"name\":\"Shop\",\"item\":\"https:\\\/\\\/sublimationsoinsexperts.com\\\/index.php\\\/shop\\\/\"},{\"@type\":\"ListItem\",\"position\":3,\"name\":\"Attelle de poignet pouce gauche \\\/ droit Orthopedic 1903\"}]},{\"@type\":\"WebSite\",\"@id\":\"https:\\\/\\\/sublimationsoinsexperts.com\\\/#website\",\"url\":\"https:\\\/\\\/sublimationsoinsexperts.com\\\/\",\"name\":\"Sublimation soins experts\",\"description\":\"\",\"potentialAction\":[{\"@type\":\"SearchAction\",\"target\":{\"@type\":\"EntryPoint\",\"urlTemplate\":\"https:\\\/\\\/sublimationsoinsexperts.com\\\/?s={search_term_string}\"},\"query-input\":{\"@type\":\"PropertyValueSpecification\",\"valueRequired\":true,\"valueName\":\"search_term_string\"}}],\"inLanguage\":\"fr-FR\"}]}<\/script>\n<!-- \/ Yoast SEO plugin. -->","yoast_head_json":{"title":"Attelle de poignet pouce gauche \/ droit Orthopedic 1903 - Sublimation soins experts","robots":{"index":"index","follow":"follow","max-snippet":"max-snippet:-1","max-image-preview":"max-image-preview:large","max-video-preview":"max-video-preview:-1"},"canonical":"https:\/\/sublimationsoinsexperts.com\/index.php\/product\/attelle-de-poignet-pouce-gauche-droit-orthopedic-1903\/","og_locale":"fr_FR","og_type":"article","og_title":"Attelle de poignet pouce gauche \/ droit Orthopedic 1903 - Sublimation soins experts","og_description":"\u2022 Une orth\u00e8se assurant une stabilisation et immobilisation du poignet et du pouce. \u2022 Une forme anatomique pour soulager les douleurs et r\u00e9duire les tensions. \u2022 Tr\u00e8s l\u00e9g\u00e8re pour une meilleure adaptabilit\u00e9 aux gestes quotidiens. \u2022 Utilisation en cas de: &#8211; Tendinite de Ouervain &#8211; Blessure au scapho\u00efde &#8211; Rhizarthrose &#8211; Traumatologie du pouce \u2022 [&hellip;]","og_url":"https:\/\/sublimationsoinsexperts.com\/index.php\/product\/attelle-de-poignet-pouce-gauche-droit-orthopedic-1903\/","og_site_name":"Sublimation soins experts","og_image":[{"width":212,"height":400,"url":"http:\/\/sublimationsoinsexperts.com\/wp-content\/uploads\/2024\/04\/O105_Attelle-de-poignet-pouce-gauche-droit-Orthopedic-1903.jpg","type":"image\/jpeg"}],"twitter_card":"summary_large_image","twitter_misc":{"Dur\u00e9e de lecture estim\u00e9e":"1 minute"},"schema":{"@context":"https:\/\/schema.org","@graph":[{"@type":"WebPage","@id":"https:\/\/sublimationsoinsexperts.com\/index.php\/product\/attelle-de-poignet-pouce-gauche-droit-orthopedic-1903\/","url":"https:\/\/sublimationsoinsexperts.com\/index.php\/product\/attelle-de-poignet-pouce-gauche-droit-orthopedic-1903\/","name":"Attelle de poignet pouce gauche \/ droit Orthopedic 1903 - Sublimation soins experts","isPartOf":{"@id":"https:\/\/sublimationsoinsexperts.com\/#website"},"primaryImageOfPage":{"@id":"https:\/\/sublimationsoinsexperts.com\/index.php\/product\/attelle-de-poignet-pouce-gauche-droit-orthopedic-1903\/#primaryimage"},"image":{"@id":"https:\/\/sublimationsoinsexperts.com\/index.php\/product\/attelle-de-poignet-pouce-gauche-droit-orthopedic-1903\/#primaryimage"},"thumbnailUrl":"https:\/\/sublimationsoinsexperts.com\/wp-content\/uploads\/2024\/04\/O105_Attelle-de-poignet-pouce-gauche-droit-Orthopedic-1903.jpg","datePublished":"2024-04-02T18:06:22+00:00","breadcrumb":{"@id":"https:\/\/sublimationsoinsexperts.com\/index.php\/product\/attelle-de-poignet-pouce-gauche-droit-orthopedic-1903\/#breadcrumb"},"inLanguage":"fr-FR","potentialAction":[{"@type":"ReadAction","target":["https:\/\/sublimationsoinsexperts.com\/index.php\/product\/attelle-de-poignet-pouce-gauche-droit-orthopedic-1903\/"]}]},{"@type":"ImageObject","inLanguage":"fr-FR","@id":"https:\/\/sublimationsoinsexperts.com\/index.php\/product\/attelle-de-poignet-pouce-gauche-droit-orthopedic-1903\/#primaryimage","url":"https:\/\/sublimationsoinsexperts.com\/wp-content\/uploads\/2024\/04\/O105_Attelle-de-poignet-pouce-gauche-droit-Orthopedic-1903.jpg","contentUrl":"https:\/\/sublimationsoinsexperts.com\/wp-content\/uploads\/2024\/04\/O105_Attelle-de-poignet-pouce-gauche-droit-Orthopedic-1903.jpg","width":212,"height":400},{"@type":"BreadcrumbList","@id":"https:\/\/sublimationsoinsexperts.com\/index.php\/product\/attelle-de-poignet-pouce-gauche-droit-orthopedic-1903\/#breadcrumb","itemListElement":[{"@type":"ListItem","position":1,"name":"Accueil","item":"https:\/\/sublimationsoinsexperts.com\/"},{"@type":"ListItem","position":2,"name":"Shop","item":"https:\/\/sublimationsoinsexperts.com\/index.php\/shop\/"},{"@type":"ListItem","position":3,"name":"Attelle de poignet pouce gauche \/ droit Orthopedic 1903"}]},{"@type":"WebSite","@id":"https:\/\/sublimationsoinsexperts.com\/#website","url":"https:\/\/sublimationsoinsexperts.com\/","name":"Sublimation soins experts","description":"","potentialAction":[{"@type":"SearchAction","target":{"@type":"EntryPoint","urlTemplate":"https:\/\/sublimationsoinsexperts.com\/?s={search_term_string}"},"query-input":{"@type":"PropertyValueSpecification","valueRequired":true,"valueName":"search_term_string"}}],"inLanguage":"fr-FR"}]}},"_links":{"self":[{"href":"https:\/\/sublimationsoinsexperts.com\/index.php\/wp-json\/wp\/v2\/product\/2956","targetHints":{"allow":["GET"]}}],"collection":[{"href":"https:\/\/sublimationsoinsexperts.com\/index.php\/wp-json\/wp\/v2\/product"}],"about":[{"href":"https:\/\/sublimationsoinsexperts.com\/index.php\/wp-json\/wp\/v2\/types\/product"}],"replies":[{"embeddable":true,"href":"https:\/\/sublimationsoinsexperts.com\/index.php\/wp-json\/wp\/v2\/comments?post=2956"}],"wp:featuredmedia":[{"embeddable":true,"href":"https:\/\/sublimationsoinsexperts.com\/index.php\/wp-json\/wp\/v2\/media\/2957"}],"wp:attachment":[{"href":"https:\/\/sublimationsoinsexperts.com\/index.php\/wp-json\/wp\/v2\/media?parent=2956"}],"wp:term":[{"taxonomy":"product_brand","embeddable":true,"href":"https:\/\/sublimationsoinsexperts.com\/index.php\/wp-json\/wp\/v2\/product_brand?post=2956"},{"taxonomy":"product_cat","embeddable":true,"href":"https:\/\/sublimationsoinsexperts.com\/index.php\/wp-json\/wp\/v2\/product_cat?post=2956"},{"taxonomy":"product_tag","embeddable":true,"href":"https:\/\/sublimationsoinsexperts.com\/index.php\/wp-json\/wp\/v2\/product_tag?post=2956"}],"curies":[{"name":"wp","href":"https:\/\/api.w.org\/{rel}","templated":true}]}}