{"id":2996,"date":"2024-04-02T23:58:14","date_gmt":"2024-04-02T22:58:14","guid":{"rendered":"https:\/\/sublimationsoinsexperts.com\/?post_type=product&#038;p=2996"},"modified":"2024-04-03T01:50:34","modified_gmt":"2024-04-03T00:50:34","slug":"rollator-4-roues-pliable-gcare-advance-en-aluminium-noir","status":"publish","type":"product","link":"https:\/\/sublimationsoinsexperts.com\/index.php\/product\/rollator-4-roues-pliable-gcare-advance-en-aluminium-noir\/","title":{"rendered":"Rollator 4 roues pliable GCare Advance en aluminium noir"},"content":{"rendered":"<p>\u2022 Poign\u00e9es ergonomiques \u00e0 hauteur r\u00e9glable.<br \/>\n\u2022 Rollator pliable ce qui permet un gain de place et facilite le rangement.<br \/>\n\u2022 Le rollator est \u00e9quip\u00e9 de roues pivotantes.<br \/>\n\u2022 Freins parking et de service.<br \/>\n\u2022 Le rollator est \u00e9quip\u00e9 d&rsquo;un sac \u00e0 provisions et d&rsquo;un porte-canne.<br \/>\n\u2022 Dimensions: 630x610xH815-930mm<br \/>\n\u2022 Poids du rollator: 7,9 kg<br \/>\n\u2022 Nomenclature AVIQ 104104001872<br \/>\n\u2022 Nomenclature Iris Care: 410479 104104001696<\/p>\n<p>&nbsp;<\/p>\n<p>&nbsp;<\/p>\n<p>REF GOHY 060.380<\/p>\n","protected":false},"excerpt":{"rendered":"<p>\u2022 Poign\u00e9es ergonomiques \u00e0 hauteur r\u00e9glable. \u2022 Rollator pliable ce qui permet un gain de place et facilite le rangement. \u2022 Le rollator est \u00e9quip\u00e9 de roues pivotantes. \u2022 Freins parking et de service. \u2022 Le rollator est \u00e9quip\u00e9 d&rsquo;un sac \u00e0 provisions et d&rsquo;un porte-canne. \u2022 Dimensions: 630x610xH815-930mm \u2022 Poids du rollator: 7,9 kg [&hellip;]<\/p>\n","protected":false},"featured_media":2997,"comment_status":"open","ping_status":"closed","template":"","meta":[],"product_brand":[],"product_cat":[112,128],"product_tag":[],"class_list":{"0":"post-2996","1":"product","2":"type-product","3":"status-publish","4":"has-post-thumbnail","6":"product_cat-mobilite","7":"product_cat-rollator","9":"first","10":"instock","11":"shipping-taxable","12":"purchasable","13":"product-type-simple"},"yoast_head":"<!-- This site is optimized with the Yoast SEO plugin v27.5 - https:\/\/yoast.com\/product\/yoast-seo-wordpress\/ -->\n<title>Rollator 4 roues pliable GCare Advance en aluminium noir - Sublimation soins experts<\/title>\n<meta name=\"robots\" content=\"index, follow, max-snippet:-1, max-image-preview:large, max-video-preview:-1\" \/>\n<link rel=\"canonical\" href=\"https:\/\/sublimationsoinsexperts.com\/index.php\/product\/rollator-4-roues-pliable-gcare-advance-en-aluminium-noir\/\" \/>\n<meta property=\"og:locale\" content=\"fr_FR\" \/>\n<meta property=\"og:type\" content=\"article\" \/>\n<meta property=\"og:title\" content=\"Rollator 4 roues pliable GCare Advance en aluminium noir - Sublimation soins experts\" \/>\n<meta property=\"og:description\" content=\"\u2022 Poign\u00e9es ergonomiques \u00e0 hauteur r\u00e9glable. \u2022 Rollator pliable ce qui permet un gain de place et facilite le rangement. \u2022 Le rollator est \u00e9quip\u00e9 de roues pivotantes. \u2022 Freins parking et de service. \u2022 Le rollator est \u00e9quip\u00e9 d&rsquo;un sac \u00e0 provisions et d&rsquo;un porte-canne. \u2022 Dimensions: 630x610xH815-930mm \u2022 Poids du rollator: 7,9 kg [&hellip;]\" \/>\n<meta property=\"og:url\" content=\"https:\/\/sublimationsoinsexperts.com\/index.php\/product\/rollator-4-roues-pliable-gcare-advance-en-aluminium-noir\/\" \/>\n<meta property=\"og:site_name\" content=\"Sublimation soins experts\" \/>\n<meta property=\"article:modified_time\" content=\"2024-04-03T00:50:34+00:00\" \/>\n<meta property=\"og:image\" content=\"http:\/\/sublimationsoinsexperts.com\/wp-content\/uploads\/2024\/04\/060.380_Rollator-4-roues-pliable-GCare-Advance-en-aluminium-noir.jpg\" \/>\n\t<meta property=\"og:image:width\" content=\"340\" \/>\n\t<meta property=\"og:image:height\" content=\"400\" \/>\n\t<meta property=\"og:image:type\" content=\"image\/jpeg\" \/>\n<meta name=\"twitter:card\" content=\"summary_large_image\" \/>\n<meta name=\"twitter:label1\" content=\"Dur\u00e9e de lecture estim\u00e9e\" \/>\n\t<meta name=\"twitter:data1\" content=\"1 minute\" \/>\n<script type=\"application\/ld+json\" class=\"yoast-schema-graph\">{\"@context\":\"https:\\\/\\\/schema.org\",\"@graph\":[{\"@type\":\"WebPage\",\"@id\":\"https:\\\/\\\/sublimationsoinsexperts.com\\\/index.php\\\/product\\\/rollator-4-roues-pliable-gcare-advance-en-aluminium-noir\\\/\",\"url\":\"https:\\\/\\\/sublimationsoinsexperts.com\\\/index.php\\\/product\\\/rollator-4-roues-pliable-gcare-advance-en-aluminium-noir\\\/\",\"name\":\"Rollator 4 roues pliable GCare Advance en aluminium noir - Sublimation soins experts\",\"isPartOf\":{\"@id\":\"https:\\\/\\\/sublimationsoinsexperts.com\\\/#website\"},\"primaryImageOfPage\":{\"@id\":\"https:\\\/\\\/sublimationsoinsexperts.com\\\/index.php\\\/product\\\/rollator-4-roues-pliable-gcare-advance-en-aluminium-noir\\\/#primaryimage\"},\"image\":{\"@id\":\"https:\\\/\\\/sublimationsoinsexperts.com\\\/index.php\\\/product\\\/rollator-4-roues-pliable-gcare-advance-en-aluminium-noir\\\/#primaryimage\"},\"thumbnailUrl\":\"https:\\\/\\\/sublimationsoinsexperts.com\\\/wp-content\\\/uploads\\\/2024\\\/04\\\/060.380_Rollator-4-roues-pliable-GCare-Advance-en-aluminium-noir.jpg\",\"datePublished\":\"2024-04-02T22:58:14+00:00\",\"dateModified\":\"2024-04-03T00:50:34+00:00\",\"breadcrumb\":{\"@id\":\"https:\\\/\\\/sublimationsoinsexperts.com\\\/index.php\\\/product\\\/rollator-4-roues-pliable-gcare-advance-en-aluminium-noir\\\/#breadcrumb\"},\"inLanguage\":\"fr-FR\",\"potentialAction\":[{\"@type\":\"ReadAction\",\"target\":[\"https:\\\/\\\/sublimationsoinsexperts.com\\\/index.php\\\/product\\\/rollator-4-roues-pliable-gcare-advance-en-aluminium-noir\\\/\"]}]},{\"@type\":\"ImageObject\",\"inLanguage\":\"fr-FR\",\"@id\":\"https:\\\/\\\/sublimationsoinsexperts.com\\\/index.php\\\/product\\\/rollator-4-roues-pliable-gcare-advance-en-aluminium-noir\\\/#primaryimage\",\"url\":\"https:\\\/\\\/sublimationsoinsexperts.com\\\/wp-content\\\/uploads\\\/2024\\\/04\\\/060.380_Rollator-4-roues-pliable-GCare-Advance-en-aluminium-noir.jpg\",\"contentUrl\":\"https:\\\/\\\/sublimationsoinsexperts.com\\\/wp-content\\\/uploads\\\/2024\\\/04\\\/060.380_Rollator-4-roues-pliable-GCare-Advance-en-aluminium-noir.jpg\",\"width\":340,\"height\":400},{\"@type\":\"BreadcrumbList\",\"@id\":\"https:\\\/\\\/sublimationsoinsexperts.com\\\/index.php\\\/product\\\/rollator-4-roues-pliable-gcare-advance-en-aluminium-noir\\\/#breadcrumb\",\"itemListElement\":[{\"@type\":\"ListItem\",\"position\":1,\"name\":\"Accueil\",\"item\":\"https:\\\/\\\/sublimationsoinsexperts.com\\\/\"},{\"@type\":\"ListItem\",\"position\":2,\"name\":\"Shop\",\"item\":\"https:\\\/\\\/sublimationsoinsexperts.com\\\/index.php\\\/shop\\\/\"},{\"@type\":\"ListItem\",\"position\":3,\"name\":\"Rollator 4 roues pliable GCare Advance en aluminium noir\"}]},{\"@type\":\"WebSite\",\"@id\":\"https:\\\/\\\/sublimationsoinsexperts.com\\\/#website\",\"url\":\"https:\\\/\\\/sublimationsoinsexperts.com\\\/\",\"name\":\"Sublimation soins experts\",\"description\":\"\",\"potentialAction\":[{\"@type\":\"SearchAction\",\"target\":{\"@type\":\"EntryPoint\",\"urlTemplate\":\"https:\\\/\\\/sublimationsoinsexperts.com\\\/?s={search_term_string}\"},\"query-input\":{\"@type\":\"PropertyValueSpecification\",\"valueRequired\":true,\"valueName\":\"search_term_string\"}}],\"inLanguage\":\"fr-FR\"}]}<\/script>\n<!-- \/ Yoast SEO plugin. -->","yoast_head_json":{"title":"Rollator 4 roues pliable GCare Advance en aluminium noir - Sublimation soins experts","robots":{"index":"index","follow":"follow","max-snippet":"max-snippet:-1","max-image-preview":"max-image-preview:large","max-video-preview":"max-video-preview:-1"},"canonical":"https:\/\/sublimationsoinsexperts.com\/index.php\/product\/rollator-4-roues-pliable-gcare-advance-en-aluminium-noir\/","og_locale":"fr_FR","og_type":"article","og_title":"Rollator 4 roues pliable GCare Advance en aluminium noir - Sublimation soins experts","og_description":"\u2022 Poign\u00e9es ergonomiques \u00e0 hauteur r\u00e9glable. \u2022 Rollator pliable ce qui permet un gain de place et facilite le rangement. \u2022 Le rollator est \u00e9quip\u00e9 de roues pivotantes. \u2022 Freins parking et de service. \u2022 Le rollator est \u00e9quip\u00e9 d&rsquo;un sac \u00e0 provisions et d&rsquo;un porte-canne. \u2022 Dimensions: 630x610xH815-930mm \u2022 Poids du rollator: 7,9 kg [&hellip;]","og_url":"https:\/\/sublimationsoinsexperts.com\/index.php\/product\/rollator-4-roues-pliable-gcare-advance-en-aluminium-noir\/","og_site_name":"Sublimation soins experts","article_modified_time":"2024-04-03T00:50:34+00:00","og_image":[{"width":340,"height":400,"url":"http:\/\/sublimationsoinsexperts.com\/wp-content\/uploads\/2024\/04\/060.380_Rollator-4-roues-pliable-GCare-Advance-en-aluminium-noir.jpg","type":"image\/jpeg"}],"twitter_card":"summary_large_image","twitter_misc":{"Dur\u00e9e de lecture estim\u00e9e":"1 minute"},"schema":{"@context":"https:\/\/schema.org","@graph":[{"@type":"WebPage","@id":"https:\/\/sublimationsoinsexperts.com\/index.php\/product\/rollator-4-roues-pliable-gcare-advance-en-aluminium-noir\/","url":"https:\/\/sublimationsoinsexperts.com\/index.php\/product\/rollator-4-roues-pliable-gcare-advance-en-aluminium-noir\/","name":"Rollator 4 roues pliable GCare Advance en aluminium noir - Sublimation soins experts","isPartOf":{"@id":"https:\/\/sublimationsoinsexperts.com\/#website"},"primaryImageOfPage":{"@id":"https:\/\/sublimationsoinsexperts.com\/index.php\/product\/rollator-4-roues-pliable-gcare-advance-en-aluminium-noir\/#primaryimage"},"image":{"@id":"https:\/\/sublimationsoinsexperts.com\/index.php\/product\/rollator-4-roues-pliable-gcare-advance-en-aluminium-noir\/#primaryimage"},"thumbnailUrl":"https:\/\/sublimationsoinsexperts.com\/wp-content\/uploads\/2024\/04\/060.380_Rollator-4-roues-pliable-GCare-Advance-en-aluminium-noir.jpg","datePublished":"2024-04-02T22:58:14+00:00","dateModified":"2024-04-03T00:50:34+00:00","breadcrumb":{"@id":"https:\/\/sublimationsoinsexperts.com\/index.php\/product\/rollator-4-roues-pliable-gcare-advance-en-aluminium-noir\/#breadcrumb"},"inLanguage":"fr-FR","potentialAction":[{"@type":"ReadAction","target":["https:\/\/sublimationsoinsexperts.com\/index.php\/product\/rollator-4-roues-pliable-gcare-advance-en-aluminium-noir\/"]}]},{"@type":"ImageObject","inLanguage":"fr-FR","@id":"https:\/\/sublimationsoinsexperts.com\/index.php\/product\/rollator-4-roues-pliable-gcare-advance-en-aluminium-noir\/#primaryimage","url":"https:\/\/sublimationsoinsexperts.com\/wp-content\/uploads\/2024\/04\/060.380_Rollator-4-roues-pliable-GCare-Advance-en-aluminium-noir.jpg","contentUrl":"https:\/\/sublimationsoinsexperts.com\/wp-content\/uploads\/2024\/04\/060.380_Rollator-4-roues-pliable-GCare-Advance-en-aluminium-noir.jpg","width":340,"height":400},{"@type":"BreadcrumbList","@id":"https:\/\/sublimationsoinsexperts.com\/index.php\/product\/rollator-4-roues-pliable-gcare-advance-en-aluminium-noir\/#breadcrumb","itemListElement":[{"@type":"ListItem","position":1,"name":"Accueil","item":"https:\/\/sublimationsoinsexperts.com\/"},{"@type":"ListItem","position":2,"name":"Shop","item":"https:\/\/sublimationsoinsexperts.com\/index.php\/shop\/"},{"@type":"ListItem","position":3,"name":"Rollator 4 roues pliable GCare Advance en aluminium noir"}]},{"@type":"WebSite","@id":"https:\/\/sublimationsoinsexperts.com\/#website","url":"https:\/\/sublimationsoinsexperts.com\/","name":"Sublimation soins experts","description":"","potentialAction":[{"@type":"SearchAction","target":{"@type":"EntryPoint","urlTemplate":"https:\/\/sublimationsoinsexperts.com\/?s={search_term_string}"},"query-input":{"@type":"PropertyValueSpecification","valueRequired":true,"valueName":"search_term_string"}}],"inLanguage":"fr-FR"}]}},"_links":{"self":[{"href":"https:\/\/sublimationsoinsexperts.com\/index.php\/wp-json\/wp\/v2\/product\/2996","targetHints":{"allow":["GET"]}}],"collection":[{"href":"https:\/\/sublimationsoinsexperts.com\/index.php\/wp-json\/wp\/v2\/product"}],"about":[{"href":"https:\/\/sublimationsoinsexperts.com\/index.php\/wp-json\/wp\/v2\/types\/product"}],"replies":[{"embeddable":true,"href":"https:\/\/sublimationsoinsexperts.com\/index.php\/wp-json\/wp\/v2\/comments?post=2996"}],"wp:featuredmedia":[{"embeddable":true,"href":"https:\/\/sublimationsoinsexperts.com\/index.php\/wp-json\/wp\/v2\/media\/2997"}],"wp:attachment":[{"href":"https:\/\/sublimationsoinsexperts.com\/index.php\/wp-json\/wp\/v2\/media?parent=2996"}],"wp:term":[{"taxonomy":"product_brand","embeddable":true,"href":"https:\/\/sublimationsoinsexperts.com\/index.php\/wp-json\/wp\/v2\/product_brand?post=2996"},{"taxonomy":"product_cat","embeddable":true,"href":"https:\/\/sublimationsoinsexperts.com\/index.php\/wp-json\/wp\/v2\/product_cat?post=2996"},{"taxonomy":"product_tag","embeddable":true,"href":"https:\/\/sublimationsoinsexperts.com\/index.php\/wp-json\/wp\/v2\/product_tag?post=2996"}],"curies":[{"name":"wp","href":"https:\/\/api.w.org\/{rel}","templated":true}]}}