{"id":3002,"date":"2024-04-03T00:35:40","date_gmt":"2024-04-02T23:35:40","guid":{"rendered":"https:\/\/sublimationsoinsexperts.com\/?post_type=product&#038;p=3002"},"modified":"2024-04-03T00:35:40","modified_gmt":"2024-04-02T23:35:40","slug":"lit-basique-budget-4-parties","status":"publish","type":"product","link":"https:\/\/sublimationsoinsexperts.com\/index.php\/product\/lit-basique-budget-4-parties\/","title":{"rendered":"Lit Basique Budget &#8211; 4 parties"},"content":{"rendered":"<p>\u2022 Lit d\u2019une grande stabilit\u00e9 : les panneaux t\u00eate et pieds sont munis de deux colonnes m\u00e9talliques t\u00e9lescopiques actionn\u00e9es par moteur<br \/>\n\u00e9lectrique, bas voltage.<br \/>\n\u2022 Sommier \u00e0 lattes bois<br \/>\n\u2022 Barri\u00e8res coulissantes 2 barres bois.<br \/>\n\u2022 Potence \u00e9poxy Silver<br \/>\n\u2022 Panneau de finition en m\u00e9lamin\u00e9 h\u00eatre (9 mm) dissimulant les moteurs colonnes c\u00f4t\u00e9 patient<br \/>\n\u2022 Livr\u00e9 avec kit de transport, montage facile sans outil<br \/>\n\u2022 Hauteur de 38 \u00e0 78 cm<br \/>\n\u2022 4 roues pivotantes \u00d8 100 mm avec frein ind\u00e9pendant sur chaque roue.<br \/>\n\u2022 Dimensions ext\u00e9rieures: 104,5 x 210,5 cm.<br \/>\n\u2022 Sommier de 90 x 200 cm<br \/>\n\u2022 Un bo\u00eetier de commande permet d\u2019assurer au personnel infirmier et au r\u00e9sident une<br \/>\nutilisation avec un maximum de s\u00e9curit\u00e9 et d\u2019aisance.<br \/>\n\u2022 Les diff\u00e9rentes fonctions de la commande \u00e0 main sont :<br \/>\n&#8211; R\u00e9glage du rel\u00e8ve-buste de 0\u00b0 \u00e0 70\u00b0<br \/>\n&#8211; R\u00e9glage de la hauteur du sommier<br \/>\n&#8211; R\u00e9glage du rel\u00e8ve-jambe de 0\u00b0 \u00e0 20\u00b0<br \/>\n&#8211; Mise en position Proclive (position D\u00e9clive impossible).<br \/>\n\u2022 La t\u00e9l\u00e9commande est munie d\u2019une clef permettant de condamner toutes les fonctions.<br \/>\n\u2022 Capacit\u00e9 maximale : 175 kg<br \/>\n\u2022 L\u2019ensemble du syst\u00e8me de motorisation Linak est garantie CE.<br \/>\n\u2022 R\u00e9pond \u00e0 la norme IEC 60601-2-52<\/p>\n<p>REF GOHY 2835.300<\/p>\n","protected":false},"excerpt":{"rendered":"<p>\u2022 Lit d\u2019une grande stabilit\u00e9 : les panneaux t\u00eate et pieds sont munis de deux colonnes m\u00e9talliques t\u00e9lescopiques actionn\u00e9es par moteur \u00e9lectrique, bas voltage. \u2022 Sommier \u00e0 lattes bois \u2022 Barri\u00e8res coulissantes 2 barres bois. \u2022 Potence \u00e9poxy Silver \u2022 Panneau de finition en m\u00e9lamin\u00e9 h\u00eatre (9 mm) dissimulant les moteurs colonnes c\u00f4t\u00e9 patient \u2022 [&hellip;]<\/p>\n","protected":false},"featured_media":3003,"comment_status":"open","ping_status":"closed","template":"","meta":[],"product_brand":[],"product_cat":[131,113],"product_tag":[],"class_list":{"0":"post-3002","1":"product","2":"type-product","3":"status-publish","4":"has-post-thumbnail","6":"product_cat-lit-electrique","7":"product_cat-mobilier-et-literie","9":"first","10":"instock","11":"shipping-taxable","12":"product-type-simple"},"yoast_head":"<!-- This site is optimized with the Yoast SEO plugin v27.3 - https:\/\/yoast.com\/product\/yoast-seo-wordpress\/ -->\n<title>Lit Basique Budget &#8211; 4 parties - Sublimation soins experts<\/title>\n<meta name=\"robots\" content=\"index, follow, max-snippet:-1, max-image-preview:large, max-video-preview:-1\" \/>\n<link rel=\"canonical\" href=\"https:\/\/sublimationsoinsexperts.com\/index.php\/product\/lit-basique-budget-4-parties\/\" \/>\n<meta property=\"og:locale\" content=\"fr_FR\" \/>\n<meta property=\"og:type\" content=\"article\" \/>\n<meta property=\"og:title\" content=\"Lit Basique Budget &#8211; 4 parties - Sublimation soins experts\" \/>\n<meta property=\"og:description\" content=\"\u2022 Lit d\u2019une grande stabilit\u00e9 : les panneaux t\u00eate et pieds sont munis de deux colonnes m\u00e9talliques t\u00e9lescopiques actionn\u00e9es par moteur \u00e9lectrique, bas voltage. \u2022 Sommier \u00e0 lattes bois \u2022 Barri\u00e8res coulissantes 2 barres bois. \u2022 Potence \u00e9poxy Silver \u2022 Panneau de finition en m\u00e9lamin\u00e9 h\u00eatre (9 mm) dissimulant les moteurs colonnes c\u00f4t\u00e9 patient \u2022 [&hellip;]\" \/>\n<meta property=\"og:url\" content=\"https:\/\/sublimationsoinsexperts.com\/index.php\/product\/lit-basique-budget-4-parties\/\" \/>\n<meta property=\"og:site_name\" content=\"Sublimation soins experts\" \/>\n<meta property=\"og:image\" content=\"http:\/\/sublimationsoinsexperts.com\/wp-content\/uploads\/2024\/04\/2835.300_Lit-Basique-Budget-4-parties.jpg\" \/>\n\t<meta property=\"og:image:width\" content=\"400\" \/>\n\t<meta property=\"og:image:height\" content=\"300\" \/>\n\t<meta property=\"og:image:type\" content=\"image\/jpeg\" \/>\n<meta name=\"twitter:card\" content=\"summary_large_image\" \/>\n<meta name=\"twitter:label1\" content=\"Dur\u00e9e de lecture estim\u00e9e\" \/>\n\t<meta name=\"twitter:data1\" content=\"2 minutes\" \/>\n<script type=\"application\/ld+json\" class=\"yoast-schema-graph\">{\"@context\":\"https:\\\/\\\/schema.org\",\"@graph\":[{\"@type\":\"WebPage\",\"@id\":\"https:\\\/\\\/sublimationsoinsexperts.com\\\/index.php\\\/product\\\/lit-basique-budget-4-parties\\\/\",\"url\":\"https:\\\/\\\/sublimationsoinsexperts.com\\\/index.php\\\/product\\\/lit-basique-budget-4-parties\\\/\",\"name\":\"Lit Basique Budget &#8211; 4 parties - Sublimation soins experts\",\"isPartOf\":{\"@id\":\"https:\\\/\\\/sublimationsoinsexperts.com\\\/#website\"},\"primaryImageOfPage\":{\"@id\":\"https:\\\/\\\/sublimationsoinsexperts.com\\\/index.php\\\/product\\\/lit-basique-budget-4-parties\\\/#primaryimage\"},\"image\":{\"@id\":\"https:\\\/\\\/sublimationsoinsexperts.com\\\/index.php\\\/product\\\/lit-basique-budget-4-parties\\\/#primaryimage\"},\"thumbnailUrl\":\"https:\\\/\\\/sublimationsoinsexperts.com\\\/wp-content\\\/uploads\\\/2024\\\/04\\\/2835.300_Lit-Basique-Budget-4-parties.jpg\",\"datePublished\":\"2024-04-02T23:35:40+00:00\",\"breadcrumb\":{\"@id\":\"https:\\\/\\\/sublimationsoinsexperts.com\\\/index.php\\\/product\\\/lit-basique-budget-4-parties\\\/#breadcrumb\"},\"inLanguage\":\"fr-FR\",\"potentialAction\":[{\"@type\":\"ReadAction\",\"target\":[\"https:\\\/\\\/sublimationsoinsexperts.com\\\/index.php\\\/product\\\/lit-basique-budget-4-parties\\\/\"]}]},{\"@type\":\"ImageObject\",\"inLanguage\":\"fr-FR\",\"@id\":\"https:\\\/\\\/sublimationsoinsexperts.com\\\/index.php\\\/product\\\/lit-basique-budget-4-parties\\\/#primaryimage\",\"url\":\"https:\\\/\\\/sublimationsoinsexperts.com\\\/wp-content\\\/uploads\\\/2024\\\/04\\\/2835.300_Lit-Basique-Budget-4-parties.jpg\",\"contentUrl\":\"https:\\\/\\\/sublimationsoinsexperts.com\\\/wp-content\\\/uploads\\\/2024\\\/04\\\/2835.300_Lit-Basique-Budget-4-parties.jpg\",\"width\":400,\"height\":300},{\"@type\":\"BreadcrumbList\",\"@id\":\"https:\\\/\\\/sublimationsoinsexperts.com\\\/index.php\\\/product\\\/lit-basique-budget-4-parties\\\/#breadcrumb\",\"itemListElement\":[{\"@type\":\"ListItem\",\"position\":1,\"name\":\"Accueil\",\"item\":\"https:\\\/\\\/sublimationsoinsexperts.com\\\/\"},{\"@type\":\"ListItem\",\"position\":2,\"name\":\"Shop\",\"item\":\"https:\\\/\\\/sublimationsoinsexperts.com\\\/index.php\\\/shop\\\/\"},{\"@type\":\"ListItem\",\"position\":3,\"name\":\"Lit Basique Budget &#8211; 4 parties\"}]},{\"@type\":\"WebSite\",\"@id\":\"https:\\\/\\\/sublimationsoinsexperts.com\\\/#website\",\"url\":\"https:\\\/\\\/sublimationsoinsexperts.com\\\/\",\"name\":\"Sublimation soins experts\",\"description\":\"\",\"potentialAction\":[{\"@type\":\"SearchAction\",\"target\":{\"@type\":\"EntryPoint\",\"urlTemplate\":\"https:\\\/\\\/sublimationsoinsexperts.com\\\/?s={search_term_string}\"},\"query-input\":{\"@type\":\"PropertyValueSpecification\",\"valueRequired\":true,\"valueName\":\"search_term_string\"}}],\"inLanguage\":\"fr-FR\"}]}<\/script>\n<!-- \/ Yoast SEO plugin. -->","yoast_head_json":{"title":"Lit Basique Budget &#8211; 4 parties - Sublimation soins experts","robots":{"index":"index","follow":"follow","max-snippet":"max-snippet:-1","max-image-preview":"max-image-preview:large","max-video-preview":"max-video-preview:-1"},"canonical":"https:\/\/sublimationsoinsexperts.com\/index.php\/product\/lit-basique-budget-4-parties\/","og_locale":"fr_FR","og_type":"article","og_title":"Lit Basique Budget &#8211; 4 parties - Sublimation soins experts","og_description":"\u2022 Lit d\u2019une grande stabilit\u00e9 : les panneaux t\u00eate et pieds sont munis de deux colonnes m\u00e9talliques t\u00e9lescopiques actionn\u00e9es par moteur \u00e9lectrique, bas voltage. \u2022 Sommier \u00e0 lattes bois \u2022 Barri\u00e8res coulissantes 2 barres bois. \u2022 Potence \u00e9poxy Silver \u2022 Panneau de finition en m\u00e9lamin\u00e9 h\u00eatre (9 mm) dissimulant les moteurs colonnes c\u00f4t\u00e9 patient \u2022 [&hellip;]","og_url":"https:\/\/sublimationsoinsexperts.com\/index.php\/product\/lit-basique-budget-4-parties\/","og_site_name":"Sublimation soins experts","og_image":[{"width":400,"height":300,"url":"http:\/\/sublimationsoinsexperts.com\/wp-content\/uploads\/2024\/04\/2835.300_Lit-Basique-Budget-4-parties.jpg","type":"image\/jpeg"}],"twitter_card":"summary_large_image","twitter_misc":{"Dur\u00e9e de lecture estim\u00e9e":"2 minutes"},"schema":{"@context":"https:\/\/schema.org","@graph":[{"@type":"WebPage","@id":"https:\/\/sublimationsoinsexperts.com\/index.php\/product\/lit-basique-budget-4-parties\/","url":"https:\/\/sublimationsoinsexperts.com\/index.php\/product\/lit-basique-budget-4-parties\/","name":"Lit Basique Budget &#8211; 4 parties - Sublimation soins experts","isPartOf":{"@id":"https:\/\/sublimationsoinsexperts.com\/#website"},"primaryImageOfPage":{"@id":"https:\/\/sublimationsoinsexperts.com\/index.php\/product\/lit-basique-budget-4-parties\/#primaryimage"},"image":{"@id":"https:\/\/sublimationsoinsexperts.com\/index.php\/product\/lit-basique-budget-4-parties\/#primaryimage"},"thumbnailUrl":"https:\/\/sublimationsoinsexperts.com\/wp-content\/uploads\/2024\/04\/2835.300_Lit-Basique-Budget-4-parties.jpg","datePublished":"2024-04-02T23:35:40+00:00","breadcrumb":{"@id":"https:\/\/sublimationsoinsexperts.com\/index.php\/product\/lit-basique-budget-4-parties\/#breadcrumb"},"inLanguage":"fr-FR","potentialAction":[{"@type":"ReadAction","target":["https:\/\/sublimationsoinsexperts.com\/index.php\/product\/lit-basique-budget-4-parties\/"]}]},{"@type":"ImageObject","inLanguage":"fr-FR","@id":"https:\/\/sublimationsoinsexperts.com\/index.php\/product\/lit-basique-budget-4-parties\/#primaryimage","url":"https:\/\/sublimationsoinsexperts.com\/wp-content\/uploads\/2024\/04\/2835.300_Lit-Basique-Budget-4-parties.jpg","contentUrl":"https:\/\/sublimationsoinsexperts.com\/wp-content\/uploads\/2024\/04\/2835.300_Lit-Basique-Budget-4-parties.jpg","width":400,"height":300},{"@type":"BreadcrumbList","@id":"https:\/\/sublimationsoinsexperts.com\/index.php\/product\/lit-basique-budget-4-parties\/#breadcrumb","itemListElement":[{"@type":"ListItem","position":1,"name":"Accueil","item":"https:\/\/sublimationsoinsexperts.com\/"},{"@type":"ListItem","position":2,"name":"Shop","item":"https:\/\/sublimationsoinsexperts.com\/index.php\/shop\/"},{"@type":"ListItem","position":3,"name":"Lit Basique Budget &#8211; 4 parties"}]},{"@type":"WebSite","@id":"https:\/\/sublimationsoinsexperts.com\/#website","url":"https:\/\/sublimationsoinsexperts.com\/","name":"Sublimation soins experts","description":"","potentialAction":[{"@type":"SearchAction","target":{"@type":"EntryPoint","urlTemplate":"https:\/\/sublimationsoinsexperts.com\/?s={search_term_string}"},"query-input":{"@type":"PropertyValueSpecification","valueRequired":true,"valueName":"search_term_string"}}],"inLanguage":"fr-FR"}]}},"_links":{"self":[{"href":"https:\/\/sublimationsoinsexperts.com\/index.php\/wp-json\/wp\/v2\/product\/3002","targetHints":{"allow":["GET"]}}],"collection":[{"href":"https:\/\/sublimationsoinsexperts.com\/index.php\/wp-json\/wp\/v2\/product"}],"about":[{"href":"https:\/\/sublimationsoinsexperts.com\/index.php\/wp-json\/wp\/v2\/types\/product"}],"replies":[{"embeddable":true,"href":"https:\/\/sublimationsoinsexperts.com\/index.php\/wp-json\/wp\/v2\/comments?post=3002"}],"wp:featuredmedia":[{"embeddable":true,"href":"https:\/\/sublimationsoinsexperts.com\/index.php\/wp-json\/wp\/v2\/media\/3003"}],"wp:attachment":[{"href":"https:\/\/sublimationsoinsexperts.com\/index.php\/wp-json\/wp\/v2\/media?parent=3002"}],"wp:term":[{"taxonomy":"product_brand","embeddable":true,"href":"https:\/\/sublimationsoinsexperts.com\/index.php\/wp-json\/wp\/v2\/product_brand?post=3002"},{"taxonomy":"product_cat","embeddable":true,"href":"https:\/\/sublimationsoinsexperts.com\/index.php\/wp-json\/wp\/v2\/product_cat?post=3002"},{"taxonomy":"product_tag","embeddable":true,"href":"https:\/\/sublimationsoinsexperts.com\/index.php\/wp-json\/wp\/v2\/product_tag?post=3002"}],"curies":[{"name":"wp","href":"https:\/\/api.w.org\/{rel}","templated":true}]}}