{"id":3005,"date":"2024-04-03T00:46:53","date_gmt":"2024-04-02T23:46:53","guid":{"rendered":"https:\/\/sublimationsoinsexperts.com\/?post_type=product&#038;p=3005"},"modified":"2024-04-03T00:49:38","modified_gmt":"2024-04-02T23:49:38","slug":"matelas-viscoflex","status":"publish","type":"product","link":"https:\/\/sublimationsoinsexperts.com\/index.php\/product\/matelas-viscoflex\/","title":{"rendered":"Matelas Viscoflex"},"content":{"rendered":"<p>\u2022 Dimensions: 90 x 200 x 14 cm<br \/>\n\u2022 Matelas moul\u00e9 en mousse visco\u00e9lastique \u00e0 m\u00e9moire de forme 80 kg\/m3 avec insert anatomique en mousse haute r\u00e9silience 40 kg\/m3.<br \/>\n\u2022 Pr\u00e9vention : Risque moyen \u00e0 \u00e9lev\u00e9<br \/>\n\u2022 Patient lev\u00e9 dans la journ\u00e9e, alit\u00e9 plus de 15 heures<br \/>\n\u2022 Protection Polymaille\u00ae : housse int\u00e9grale<br \/>\n\u2022 Enduction de Polyur\u00e9thane anallergique sur textile type jersey trait\u00e9<br \/>\n\u2022 Antibact\u00e9rien, antimicrobien et antifongique.<br \/>\n\u2022 Bi-extensible, imper-respirante afin de diminuer de l\u2019effet de mac\u00e9ration et imperm\u00e9abilis\u00e9e.<br \/>\n\u2022 Housse ouverte sur 3 c\u00f4t\u00e9s et face inf\u00e9rieure antid\u00e9rapante (ref. 736.100).<br \/>\n\u2022 Housse soud\u00e9e et cousue pour une meilleure \u00e9tanch\u00e9it\u00e9 et dot\u00e9e d\u2019une bi-extensibilit\u00e9 accrue pour un usage adapt\u00e9 aux environnements exigeants et\/ou collectivit\u00e9s (ref. 736.101).<\/p>\n<p>&nbsp;<\/p>\n<p>REF\u00a0GOHY 736.100<\/p>\n","protected":false},"excerpt":{"rendered":"<p>\u2022 Dimensions: 90 x 200 x 14 cm \u2022 Matelas moul\u00e9 en mousse visco\u00e9lastique \u00e0 m\u00e9moire de forme 80 kg\/m3 avec insert anatomique en mousse haute r\u00e9silience 40 kg\/m3. \u2022 Pr\u00e9vention : Risque moyen \u00e0 \u00e9lev\u00e9 \u2022 Patient lev\u00e9 dans la journ\u00e9e, alit\u00e9 plus de 15 heures \u2022 Protection Polymaille\u00ae : housse int\u00e9grale \u2022 Enduction [&hellip;]<\/p>\n","protected":false},"featured_media":3006,"comment_status":"open","ping_status":"closed","template":"","meta":[],"product_brand":[],"product_cat":[136,113],"product_tag":[],"class_list":{"0":"post-3005","1":"product","2":"type-product","3":"status-publish","4":"has-post-thumbnail","6":"product_cat-matelas-anti-escrres","7":"product_cat-mobilier-et-literie","9":"first","10":"instock","11":"shipping-taxable","12":"purchasable","13":"product-type-simple"},"yoast_head":"<!-- This site is optimized with the Yoast SEO plugin v27.3 - https:\/\/yoast.com\/product\/yoast-seo-wordpress\/ -->\n<title>Matelas Viscoflex - Sublimation soins experts<\/title>\n<meta name=\"robots\" content=\"index, follow, max-snippet:-1, max-image-preview:large, max-video-preview:-1\" \/>\n<link rel=\"canonical\" href=\"https:\/\/sublimationsoinsexperts.com\/index.php\/product\/matelas-viscoflex\/\" \/>\n<meta property=\"og:locale\" content=\"fr_FR\" \/>\n<meta property=\"og:type\" content=\"article\" \/>\n<meta property=\"og:title\" content=\"Matelas Viscoflex - Sublimation soins experts\" \/>\n<meta property=\"og:description\" content=\"\u2022 Dimensions: 90 x 200 x 14 cm \u2022 Matelas moul\u00e9 en mousse visco\u00e9lastique \u00e0 m\u00e9moire de forme 80 kg\/m3 avec insert anatomique en mousse haute r\u00e9silience 40 kg\/m3. \u2022 Pr\u00e9vention : Risque moyen \u00e0 \u00e9lev\u00e9 \u2022 Patient lev\u00e9 dans la journ\u00e9e, alit\u00e9 plus de 15 heures \u2022 Protection Polymaille\u00ae : housse int\u00e9grale \u2022 Enduction [&hellip;]\" \/>\n<meta property=\"og:url\" content=\"https:\/\/sublimationsoinsexperts.com\/index.php\/product\/matelas-viscoflex\/\" \/>\n<meta property=\"og:site_name\" content=\"Sublimation soins experts\" \/>\n<meta property=\"article:modified_time\" content=\"2024-04-02T23:49:38+00:00\" \/>\n<meta property=\"og:image\" content=\"http:\/\/sublimationsoinsexperts.com\/wp-content\/uploads\/2024\/04\/736.100_Matelas-Viscoflex.jpg\" \/>\n\t<meta property=\"og:image:width\" content=\"400\" \/>\n\t<meta property=\"og:image:height\" content=\"320\" \/>\n\t<meta property=\"og:image:type\" content=\"image\/jpeg\" \/>\n<meta name=\"twitter:card\" content=\"summary_large_image\" \/>\n<meta name=\"twitter:label1\" content=\"Dur\u00e9e de lecture estim\u00e9e\" \/>\n\t<meta name=\"twitter:data1\" content=\"1 minute\" \/>\n<script type=\"application\/ld+json\" class=\"yoast-schema-graph\">{\"@context\":\"https:\\\/\\\/schema.org\",\"@graph\":[{\"@type\":\"WebPage\",\"@id\":\"https:\\\/\\\/sublimationsoinsexperts.com\\\/index.php\\\/product\\\/matelas-viscoflex\\\/\",\"url\":\"https:\\\/\\\/sublimationsoinsexperts.com\\\/index.php\\\/product\\\/matelas-viscoflex\\\/\",\"name\":\"Matelas Viscoflex - Sublimation soins experts\",\"isPartOf\":{\"@id\":\"https:\\\/\\\/sublimationsoinsexperts.com\\\/#website\"},\"primaryImageOfPage\":{\"@id\":\"https:\\\/\\\/sublimationsoinsexperts.com\\\/index.php\\\/product\\\/matelas-viscoflex\\\/#primaryimage\"},\"image\":{\"@id\":\"https:\\\/\\\/sublimationsoinsexperts.com\\\/index.php\\\/product\\\/matelas-viscoflex\\\/#primaryimage\"},\"thumbnailUrl\":\"https:\\\/\\\/sublimationsoinsexperts.com\\\/wp-content\\\/uploads\\\/2024\\\/04\\\/736.100_Matelas-Viscoflex.jpg\",\"datePublished\":\"2024-04-02T23:46:53+00:00\",\"dateModified\":\"2024-04-02T23:49:38+00:00\",\"breadcrumb\":{\"@id\":\"https:\\\/\\\/sublimationsoinsexperts.com\\\/index.php\\\/product\\\/matelas-viscoflex\\\/#breadcrumb\"},\"inLanguage\":\"fr-FR\",\"potentialAction\":[{\"@type\":\"ReadAction\",\"target\":[\"https:\\\/\\\/sublimationsoinsexperts.com\\\/index.php\\\/product\\\/matelas-viscoflex\\\/\"]}]},{\"@type\":\"ImageObject\",\"inLanguage\":\"fr-FR\",\"@id\":\"https:\\\/\\\/sublimationsoinsexperts.com\\\/index.php\\\/product\\\/matelas-viscoflex\\\/#primaryimage\",\"url\":\"https:\\\/\\\/sublimationsoinsexperts.com\\\/wp-content\\\/uploads\\\/2024\\\/04\\\/736.100_Matelas-Viscoflex.jpg\",\"contentUrl\":\"https:\\\/\\\/sublimationsoinsexperts.com\\\/wp-content\\\/uploads\\\/2024\\\/04\\\/736.100_Matelas-Viscoflex.jpg\",\"width\":400,\"height\":320},{\"@type\":\"BreadcrumbList\",\"@id\":\"https:\\\/\\\/sublimationsoinsexperts.com\\\/index.php\\\/product\\\/matelas-viscoflex\\\/#breadcrumb\",\"itemListElement\":[{\"@type\":\"ListItem\",\"position\":1,\"name\":\"Accueil\",\"item\":\"https:\\\/\\\/sublimationsoinsexperts.com\\\/\"},{\"@type\":\"ListItem\",\"position\":2,\"name\":\"Shop\",\"item\":\"https:\\\/\\\/sublimationsoinsexperts.com\\\/index.php\\\/shop\\\/\"},{\"@type\":\"ListItem\",\"position\":3,\"name\":\"Matelas Viscoflex\"}]},{\"@type\":\"WebSite\",\"@id\":\"https:\\\/\\\/sublimationsoinsexperts.com\\\/#website\",\"url\":\"https:\\\/\\\/sublimationsoinsexperts.com\\\/\",\"name\":\"Sublimation soins experts\",\"description\":\"\",\"potentialAction\":[{\"@type\":\"SearchAction\",\"target\":{\"@type\":\"EntryPoint\",\"urlTemplate\":\"https:\\\/\\\/sublimationsoinsexperts.com\\\/?s={search_term_string}\"},\"query-input\":{\"@type\":\"PropertyValueSpecification\",\"valueRequired\":true,\"valueName\":\"search_term_string\"}}],\"inLanguage\":\"fr-FR\"}]}<\/script>\n<!-- \/ Yoast SEO plugin. -->","yoast_head_json":{"title":"Matelas Viscoflex - Sublimation soins experts","robots":{"index":"index","follow":"follow","max-snippet":"max-snippet:-1","max-image-preview":"max-image-preview:large","max-video-preview":"max-video-preview:-1"},"canonical":"https:\/\/sublimationsoinsexperts.com\/index.php\/product\/matelas-viscoflex\/","og_locale":"fr_FR","og_type":"article","og_title":"Matelas Viscoflex - Sublimation soins experts","og_description":"\u2022 Dimensions: 90 x 200 x 14 cm \u2022 Matelas moul\u00e9 en mousse visco\u00e9lastique \u00e0 m\u00e9moire de forme 80 kg\/m3 avec insert anatomique en mousse haute r\u00e9silience 40 kg\/m3. \u2022 Pr\u00e9vention : Risque moyen \u00e0 \u00e9lev\u00e9 \u2022 Patient lev\u00e9 dans la journ\u00e9e, alit\u00e9 plus de 15 heures \u2022 Protection Polymaille\u00ae : housse int\u00e9grale \u2022 Enduction [&hellip;]","og_url":"https:\/\/sublimationsoinsexperts.com\/index.php\/product\/matelas-viscoflex\/","og_site_name":"Sublimation soins experts","article_modified_time":"2024-04-02T23:49:38+00:00","og_image":[{"width":400,"height":320,"url":"http:\/\/sublimationsoinsexperts.com\/wp-content\/uploads\/2024\/04\/736.100_Matelas-Viscoflex.jpg","type":"image\/jpeg"}],"twitter_card":"summary_large_image","twitter_misc":{"Dur\u00e9e de lecture estim\u00e9e":"1 minute"},"schema":{"@context":"https:\/\/schema.org","@graph":[{"@type":"WebPage","@id":"https:\/\/sublimationsoinsexperts.com\/index.php\/product\/matelas-viscoflex\/","url":"https:\/\/sublimationsoinsexperts.com\/index.php\/product\/matelas-viscoflex\/","name":"Matelas Viscoflex - Sublimation soins experts","isPartOf":{"@id":"https:\/\/sublimationsoinsexperts.com\/#website"},"primaryImageOfPage":{"@id":"https:\/\/sublimationsoinsexperts.com\/index.php\/product\/matelas-viscoflex\/#primaryimage"},"image":{"@id":"https:\/\/sublimationsoinsexperts.com\/index.php\/product\/matelas-viscoflex\/#primaryimage"},"thumbnailUrl":"https:\/\/sublimationsoinsexperts.com\/wp-content\/uploads\/2024\/04\/736.100_Matelas-Viscoflex.jpg","datePublished":"2024-04-02T23:46:53+00:00","dateModified":"2024-04-02T23:49:38+00:00","breadcrumb":{"@id":"https:\/\/sublimationsoinsexperts.com\/index.php\/product\/matelas-viscoflex\/#breadcrumb"},"inLanguage":"fr-FR","potentialAction":[{"@type":"ReadAction","target":["https:\/\/sublimationsoinsexperts.com\/index.php\/product\/matelas-viscoflex\/"]}]},{"@type":"ImageObject","inLanguage":"fr-FR","@id":"https:\/\/sublimationsoinsexperts.com\/index.php\/product\/matelas-viscoflex\/#primaryimage","url":"https:\/\/sublimationsoinsexperts.com\/wp-content\/uploads\/2024\/04\/736.100_Matelas-Viscoflex.jpg","contentUrl":"https:\/\/sublimationsoinsexperts.com\/wp-content\/uploads\/2024\/04\/736.100_Matelas-Viscoflex.jpg","width":400,"height":320},{"@type":"BreadcrumbList","@id":"https:\/\/sublimationsoinsexperts.com\/index.php\/product\/matelas-viscoflex\/#breadcrumb","itemListElement":[{"@type":"ListItem","position":1,"name":"Accueil","item":"https:\/\/sublimationsoinsexperts.com\/"},{"@type":"ListItem","position":2,"name":"Shop","item":"https:\/\/sublimationsoinsexperts.com\/index.php\/shop\/"},{"@type":"ListItem","position":3,"name":"Matelas Viscoflex"}]},{"@type":"WebSite","@id":"https:\/\/sublimationsoinsexperts.com\/#website","url":"https:\/\/sublimationsoinsexperts.com\/","name":"Sublimation soins experts","description":"","potentialAction":[{"@type":"SearchAction","target":{"@type":"EntryPoint","urlTemplate":"https:\/\/sublimationsoinsexperts.com\/?s={search_term_string}"},"query-input":{"@type":"PropertyValueSpecification","valueRequired":true,"valueName":"search_term_string"}}],"inLanguage":"fr-FR"}]}},"_links":{"self":[{"href":"https:\/\/sublimationsoinsexperts.com\/index.php\/wp-json\/wp\/v2\/product\/3005","targetHints":{"allow":["GET"]}}],"collection":[{"href":"https:\/\/sublimationsoinsexperts.com\/index.php\/wp-json\/wp\/v2\/product"}],"about":[{"href":"https:\/\/sublimationsoinsexperts.com\/index.php\/wp-json\/wp\/v2\/types\/product"}],"replies":[{"embeddable":true,"href":"https:\/\/sublimationsoinsexperts.com\/index.php\/wp-json\/wp\/v2\/comments?post=3005"}],"wp:featuredmedia":[{"embeddable":true,"href":"https:\/\/sublimationsoinsexperts.com\/index.php\/wp-json\/wp\/v2\/media\/3006"}],"wp:attachment":[{"href":"https:\/\/sublimationsoinsexperts.com\/index.php\/wp-json\/wp\/v2\/media?parent=3005"}],"wp:term":[{"taxonomy":"product_brand","embeddable":true,"href":"https:\/\/sublimationsoinsexperts.com\/index.php\/wp-json\/wp\/v2\/product_brand?post=3005"},{"taxonomy":"product_cat","embeddable":true,"href":"https:\/\/sublimationsoinsexperts.com\/index.php\/wp-json\/wp\/v2\/product_cat?post=3005"},{"taxonomy":"product_tag","embeddable":true,"href":"https:\/\/sublimationsoinsexperts.com\/index.php\/wp-json\/wp\/v2\/product_tag?post=3005"}],"curies":[{"name":"wp","href":"https:\/\/api.w.org\/{rel}","templated":true}]}}