{"id":3035,"date":"2024-04-08T16:06:02","date_gmt":"2024-04-08T15:06:02","guid":{"rendered":"https:\/\/sublimationsoinsexperts.com\/?post_type=product&#038;p=3035"},"modified":"2024-04-22T17:09:54","modified_gmt":"2024-04-22T16:09:54","slug":"plateau-de-soins-pour-container-a-aiguilles-essentia","status":"publish","type":"product","link":"https:\/\/sublimationsoinsexperts.com\/index.php\/product\/plateau-de-soins-pour-container-a-aiguilles-essentia\/","title":{"rendered":"Plateau de soins pour container \u00e0 aiguilles Essentia."},"content":{"rendered":"<p>\u2022 Dimensions : 350 x 255 x 40 mm<br \/>\n\u2022 Mati\u00e8re : PP<br \/>\n\u2022 Poids : 365 gr<br \/>\n\u2022 Capacit\u00e9 : 1 partie plateau, 4 parties support de fixation<br \/>\n\u2022 Particularit\u00e9s : les empreintes de fixation non utilis\u00e9es peuvent servir de compartiments de stockage de mat\u00e9riel<br \/>\n\u2022 Caract\u00e9ristique : pour les collecteurs 0,6L\/0,8L\/1,1L &#8211; Premium : 2L\/3L<\/p>\n<p>&nbsp;<\/p>\n<p>REF GOHY 593.150<\/p>\n","protected":false},"excerpt":{"rendered":"<p>\u2022 Dimensions : 350 x 255 x 40 mm \u2022 Mati\u00e8re : PP \u2022 Poids : 365 gr \u2022 Capacit\u00e9 : 1 partie plateau, 4 parties support de fixation \u2022 Particularit\u00e9s : les empreintes de fixation non utilis\u00e9es peuvent servir de compartiments de stockage de mat\u00e9riel \u2022 Caract\u00e9ristique : pour les collecteurs 0,6L\/0,8L\/1,1L &#8211; Premium [&hellip;]<\/p>\n","protected":false},"featured_media":3036,"comment_status":"open","ping_status":"closed","template":"","meta":[],"product_brand":[],"product_cat":[18],"product_tag":[],"class_list":{"0":"post-3035","1":"product","2":"type-product","3":"status-publish","4":"has-post-thumbnail","6":"product_cat-materiel-dinjection-et-de-prelevement","8":"first","9":"instock","10":"shipping-taxable","11":"purchasable","12":"product-type-simple"},"yoast_head":"<!-- This site is optimized with the Yoast SEO plugin v27.4 - https:\/\/yoast.com\/product\/yoast-seo-wordpress\/ -->\n<title>Plateau de soins pour container \u00e0 aiguilles Essentia. - Sublimation soins experts<\/title>\n<meta name=\"robots\" content=\"index, follow, max-snippet:-1, max-image-preview:large, max-video-preview:-1\" \/>\n<link rel=\"canonical\" href=\"https:\/\/sublimationsoinsexperts.com\/index.php\/product\/plateau-de-soins-pour-container-a-aiguilles-essentia\/\" \/>\n<meta property=\"og:locale\" content=\"fr_FR\" \/>\n<meta property=\"og:type\" content=\"article\" \/>\n<meta property=\"og:title\" content=\"Plateau de soins pour container \u00e0 aiguilles Essentia. - Sublimation soins experts\" \/>\n<meta property=\"og:description\" content=\"\u2022 Dimensions : 350 x 255 x 40 mm \u2022 Mati\u00e8re : PP \u2022 Poids : 365 gr \u2022 Capacit\u00e9 : 1 partie plateau, 4 parties support de fixation \u2022 Particularit\u00e9s : les empreintes de fixation non utilis\u00e9es peuvent servir de compartiments de stockage de mat\u00e9riel \u2022 Caract\u00e9ristique : pour les collecteurs 0,6L\/0,8L\/1,1L &#8211; Premium [&hellip;]\" \/>\n<meta property=\"og:url\" content=\"https:\/\/sublimationsoinsexperts.com\/index.php\/product\/plateau-de-soins-pour-container-a-aiguilles-essentia\/\" \/>\n<meta property=\"og:site_name\" content=\"Sublimation soins experts\" \/>\n<meta property=\"article:modified_time\" content=\"2024-04-22T16:09:54+00:00\" \/>\n<meta property=\"og:image\" content=\"http:\/\/sublimationsoinsexperts.com\/wp-content\/uploads\/2024\/04\/593.150_Plateau-de-soins-pour-container-a-aiguilles-Essentia.jpg\" \/>\n\t<meta property=\"og:image:width\" content=\"400\" \/>\n\t<meta property=\"og:image:height\" content=\"269\" \/>\n\t<meta property=\"og:image:type\" content=\"image\/jpeg\" \/>\n<meta name=\"twitter:card\" content=\"summary_large_image\" \/>\n<meta name=\"twitter:label1\" content=\"Dur\u00e9e de lecture estim\u00e9e\" \/>\n\t<meta name=\"twitter:data1\" content=\"1 minute\" \/>\n<script type=\"application\/ld+json\" class=\"yoast-schema-graph\">{\"@context\":\"https:\\\/\\\/schema.org\",\"@graph\":[{\"@type\":\"WebPage\",\"@id\":\"https:\\\/\\\/sublimationsoinsexperts.com\\\/index.php\\\/product\\\/plateau-de-soins-pour-container-a-aiguilles-essentia\\\/\",\"url\":\"https:\\\/\\\/sublimationsoinsexperts.com\\\/index.php\\\/product\\\/plateau-de-soins-pour-container-a-aiguilles-essentia\\\/\",\"name\":\"Plateau de soins pour container \u00e0 aiguilles Essentia. - Sublimation soins experts\",\"isPartOf\":{\"@id\":\"https:\\\/\\\/sublimationsoinsexperts.com\\\/#website\"},\"primaryImageOfPage\":{\"@id\":\"https:\\\/\\\/sublimationsoinsexperts.com\\\/index.php\\\/product\\\/plateau-de-soins-pour-container-a-aiguilles-essentia\\\/#primaryimage\"},\"image\":{\"@id\":\"https:\\\/\\\/sublimationsoinsexperts.com\\\/index.php\\\/product\\\/plateau-de-soins-pour-container-a-aiguilles-essentia\\\/#primaryimage\"},\"thumbnailUrl\":\"https:\\\/\\\/sublimationsoinsexperts.com\\\/wp-content\\\/uploads\\\/2024\\\/04\\\/593.150_Plateau-de-soins-pour-container-a-aiguilles-Essentia.jpg\",\"datePublished\":\"2024-04-08T15:06:02+00:00\",\"dateModified\":\"2024-04-22T16:09:54+00:00\",\"breadcrumb\":{\"@id\":\"https:\\\/\\\/sublimationsoinsexperts.com\\\/index.php\\\/product\\\/plateau-de-soins-pour-container-a-aiguilles-essentia\\\/#breadcrumb\"},\"inLanguage\":\"fr-FR\",\"potentialAction\":[{\"@type\":\"ReadAction\",\"target\":[\"https:\\\/\\\/sublimationsoinsexperts.com\\\/index.php\\\/product\\\/plateau-de-soins-pour-container-a-aiguilles-essentia\\\/\"]}]},{\"@type\":\"ImageObject\",\"inLanguage\":\"fr-FR\",\"@id\":\"https:\\\/\\\/sublimationsoinsexperts.com\\\/index.php\\\/product\\\/plateau-de-soins-pour-container-a-aiguilles-essentia\\\/#primaryimage\",\"url\":\"https:\\\/\\\/sublimationsoinsexperts.com\\\/wp-content\\\/uploads\\\/2024\\\/04\\\/593.150_Plateau-de-soins-pour-container-a-aiguilles-Essentia.jpg\",\"contentUrl\":\"https:\\\/\\\/sublimationsoinsexperts.com\\\/wp-content\\\/uploads\\\/2024\\\/04\\\/593.150_Plateau-de-soins-pour-container-a-aiguilles-Essentia.jpg\",\"width\":400,\"height\":269},{\"@type\":\"BreadcrumbList\",\"@id\":\"https:\\\/\\\/sublimationsoinsexperts.com\\\/index.php\\\/product\\\/plateau-de-soins-pour-container-a-aiguilles-essentia\\\/#breadcrumb\",\"itemListElement\":[{\"@type\":\"ListItem\",\"position\":1,\"name\":\"Accueil\",\"item\":\"https:\\\/\\\/sublimationsoinsexperts.com\\\/\"},{\"@type\":\"ListItem\",\"position\":2,\"name\":\"Shop\",\"item\":\"https:\\\/\\\/sublimationsoinsexperts.com\\\/index.php\\\/shop\\\/\"},{\"@type\":\"ListItem\",\"position\":3,\"name\":\"Plateau de soins pour container \u00e0 aiguilles Essentia.\"}]},{\"@type\":\"WebSite\",\"@id\":\"https:\\\/\\\/sublimationsoinsexperts.com\\\/#website\",\"url\":\"https:\\\/\\\/sublimationsoinsexperts.com\\\/\",\"name\":\"Sublimation soins experts\",\"description\":\"\",\"potentialAction\":[{\"@type\":\"SearchAction\",\"target\":{\"@type\":\"EntryPoint\",\"urlTemplate\":\"https:\\\/\\\/sublimationsoinsexperts.com\\\/?s={search_term_string}\"},\"query-input\":{\"@type\":\"PropertyValueSpecification\",\"valueRequired\":true,\"valueName\":\"search_term_string\"}}],\"inLanguage\":\"fr-FR\"}]}<\/script>\n<!-- \/ Yoast SEO plugin. -->","yoast_head_json":{"title":"Plateau de soins pour container \u00e0 aiguilles Essentia. - Sublimation soins experts","robots":{"index":"index","follow":"follow","max-snippet":"max-snippet:-1","max-image-preview":"max-image-preview:large","max-video-preview":"max-video-preview:-1"},"canonical":"https:\/\/sublimationsoinsexperts.com\/index.php\/product\/plateau-de-soins-pour-container-a-aiguilles-essentia\/","og_locale":"fr_FR","og_type":"article","og_title":"Plateau de soins pour container \u00e0 aiguilles Essentia. - Sublimation soins experts","og_description":"\u2022 Dimensions : 350 x 255 x 40 mm \u2022 Mati\u00e8re : PP \u2022 Poids : 365 gr \u2022 Capacit\u00e9 : 1 partie plateau, 4 parties support de fixation \u2022 Particularit\u00e9s : les empreintes de fixation non utilis\u00e9es peuvent servir de compartiments de stockage de mat\u00e9riel \u2022 Caract\u00e9ristique : pour les collecteurs 0,6L\/0,8L\/1,1L &#8211; Premium [&hellip;]","og_url":"https:\/\/sublimationsoinsexperts.com\/index.php\/product\/plateau-de-soins-pour-container-a-aiguilles-essentia\/","og_site_name":"Sublimation soins experts","article_modified_time":"2024-04-22T16:09:54+00:00","og_image":[{"width":400,"height":269,"url":"http:\/\/sublimationsoinsexperts.com\/wp-content\/uploads\/2024\/04\/593.150_Plateau-de-soins-pour-container-a-aiguilles-Essentia.jpg","type":"image\/jpeg"}],"twitter_card":"summary_large_image","twitter_misc":{"Dur\u00e9e de lecture estim\u00e9e":"1 minute"},"schema":{"@context":"https:\/\/schema.org","@graph":[{"@type":"WebPage","@id":"https:\/\/sublimationsoinsexperts.com\/index.php\/product\/plateau-de-soins-pour-container-a-aiguilles-essentia\/","url":"https:\/\/sublimationsoinsexperts.com\/index.php\/product\/plateau-de-soins-pour-container-a-aiguilles-essentia\/","name":"Plateau de soins pour container \u00e0 aiguilles Essentia. - Sublimation soins experts","isPartOf":{"@id":"https:\/\/sublimationsoinsexperts.com\/#website"},"primaryImageOfPage":{"@id":"https:\/\/sublimationsoinsexperts.com\/index.php\/product\/plateau-de-soins-pour-container-a-aiguilles-essentia\/#primaryimage"},"image":{"@id":"https:\/\/sublimationsoinsexperts.com\/index.php\/product\/plateau-de-soins-pour-container-a-aiguilles-essentia\/#primaryimage"},"thumbnailUrl":"https:\/\/sublimationsoinsexperts.com\/wp-content\/uploads\/2024\/04\/593.150_Plateau-de-soins-pour-container-a-aiguilles-Essentia.jpg","datePublished":"2024-04-08T15:06:02+00:00","dateModified":"2024-04-22T16:09:54+00:00","breadcrumb":{"@id":"https:\/\/sublimationsoinsexperts.com\/index.php\/product\/plateau-de-soins-pour-container-a-aiguilles-essentia\/#breadcrumb"},"inLanguage":"fr-FR","potentialAction":[{"@type":"ReadAction","target":["https:\/\/sublimationsoinsexperts.com\/index.php\/product\/plateau-de-soins-pour-container-a-aiguilles-essentia\/"]}]},{"@type":"ImageObject","inLanguage":"fr-FR","@id":"https:\/\/sublimationsoinsexperts.com\/index.php\/product\/plateau-de-soins-pour-container-a-aiguilles-essentia\/#primaryimage","url":"https:\/\/sublimationsoinsexperts.com\/wp-content\/uploads\/2024\/04\/593.150_Plateau-de-soins-pour-container-a-aiguilles-Essentia.jpg","contentUrl":"https:\/\/sublimationsoinsexperts.com\/wp-content\/uploads\/2024\/04\/593.150_Plateau-de-soins-pour-container-a-aiguilles-Essentia.jpg","width":400,"height":269},{"@type":"BreadcrumbList","@id":"https:\/\/sublimationsoinsexperts.com\/index.php\/product\/plateau-de-soins-pour-container-a-aiguilles-essentia\/#breadcrumb","itemListElement":[{"@type":"ListItem","position":1,"name":"Accueil","item":"https:\/\/sublimationsoinsexperts.com\/"},{"@type":"ListItem","position":2,"name":"Shop","item":"https:\/\/sublimationsoinsexperts.com\/index.php\/shop\/"},{"@type":"ListItem","position":3,"name":"Plateau de soins pour container \u00e0 aiguilles Essentia."}]},{"@type":"WebSite","@id":"https:\/\/sublimationsoinsexperts.com\/#website","url":"https:\/\/sublimationsoinsexperts.com\/","name":"Sublimation soins experts","description":"","potentialAction":[{"@type":"SearchAction","target":{"@type":"EntryPoint","urlTemplate":"https:\/\/sublimationsoinsexperts.com\/?s={search_term_string}"},"query-input":{"@type":"PropertyValueSpecification","valueRequired":true,"valueName":"search_term_string"}}],"inLanguage":"fr-FR"}]}},"_links":{"self":[{"href":"https:\/\/sublimationsoinsexperts.com\/index.php\/wp-json\/wp\/v2\/product\/3035","targetHints":{"allow":["GET"]}}],"collection":[{"href":"https:\/\/sublimationsoinsexperts.com\/index.php\/wp-json\/wp\/v2\/product"}],"about":[{"href":"https:\/\/sublimationsoinsexperts.com\/index.php\/wp-json\/wp\/v2\/types\/product"}],"replies":[{"embeddable":true,"href":"https:\/\/sublimationsoinsexperts.com\/index.php\/wp-json\/wp\/v2\/comments?post=3035"}],"wp:featuredmedia":[{"embeddable":true,"href":"https:\/\/sublimationsoinsexperts.com\/index.php\/wp-json\/wp\/v2\/media\/3036"}],"wp:attachment":[{"href":"https:\/\/sublimationsoinsexperts.com\/index.php\/wp-json\/wp\/v2\/media?parent=3035"}],"wp:term":[{"taxonomy":"product_brand","embeddable":true,"href":"https:\/\/sublimationsoinsexperts.com\/index.php\/wp-json\/wp\/v2\/product_brand?post=3035"},{"taxonomy":"product_cat","embeddable":true,"href":"https:\/\/sublimationsoinsexperts.com\/index.php\/wp-json\/wp\/v2\/product_cat?post=3035"},{"taxonomy":"product_tag","embeddable":true,"href":"https:\/\/sublimationsoinsexperts.com\/index.php\/wp-json\/wp\/v2\/product_tag?post=3035"}],"curies":[{"name":"wp","href":"https:\/\/api.w.org\/{rel}","templated":true}]}}