{"id":3060,"date":"2024-04-16T17:42:35","date_gmt":"2024-04-16T16:42:35","guid":{"rendered":"https:\/\/sublimationsoinsexperts.com\/?post_type=product&#038;p=3060"},"modified":"2025-05-26T10:31:38","modified_gmt":"2025-05-26T09:31:38","slug":"flacon-pompe-de-400-ml-de-instantgel-complete","status":"publish","type":"product","link":"https:\/\/sublimationsoinsexperts.com\/index.php\/product\/flacon-pompe-de-400-ml-de-instantgel-complete\/","title":{"rendered":"Flacon-pompe de 400 ml de Instantgel Complete"},"content":{"rendered":"<p>\u2022 Activit\u00e9 biocide compl\u00e8te \u00e0 large spectre<br \/>\nFormule tr\u00e8s efficace avec activit\u00e9 bact\u00e9ricide, virucide, levuricide et mycobact\u00e9ricide. Elimine 99.999% des germes les plus courants.<br \/>\n\u2022 Compatibilit\u00e9 cutan\u00e9e cliniquement prouv\u00e9e<br \/>\nExcellente compatibilit\u00e9 cutan\u00e9e prouv\u00e9e par des tests ind\u00e9pendants.<br \/>\n\u2022Contient de l\u2018extrait naturel d\u2018hamam\u00e9lis astringent<br \/>\nAide \u00e0 pr\u00e9venir le ramollissement cutan\u00e9 en cas de transpiration li\u00e9e au port de gants.<br \/>\n\u2022Formule hypoallerg\u00e9nique<br \/>\nFormule ayant un faible potentiel allerg\u00e8ne pour la peau. \u00c9valu\u00e9e par un toxicologue ind\u00e9pendant et d\u00e9clar\u00e9e \u00ab Hypoallerg\u00e9nique \u00bb.<br \/>\n\u2022Gel instantan\u00e9<br \/>\nS\u2019\u00e9tale rapidement et facilement. Ne coule pas entre les doigts, \u00e9vitant ainsi les gouttes ou les \u00e9claboussures li\u00e9es \u00e0 l\u2019utilisation de solutions hydroalcooliques liquides.<br \/>\n\u2022Utilisation agr\u00e9able<br \/>\nCe gel onctueux est extr\u00eamement agr\u00e9able pour une utilisation fr\u00e9quente entre deux lavages des mains, gr\u00e2ce aux agents hydratants (Glyc\u00e9rine et Panth\u00e9nol), favorisant ainsi une observance maximale.<\/p>\n<p>&nbsp;<\/p>\n<p>REF GOHY 010.021<\/p>\n","protected":false},"excerpt":{"rendered":"<p>\u2022 Activit\u00e9 biocide compl\u00e8te \u00e0 large spectre Formule tr\u00e8s efficace avec activit\u00e9 bact\u00e9ricide, virucide, levuricide et mycobact\u00e9ricide. Elimine 99.999% des germes les plus courants. \u2022 Compatibilit\u00e9 cutan\u00e9e cliniquement prouv\u00e9e Excellente compatibilit\u00e9 cutan\u00e9e prouv\u00e9e par des tests ind\u00e9pendants. \u2022Contient de l\u2018extrait naturel d\u2018hamam\u00e9lis astringent Aide \u00e0 pr\u00e9venir le ramollissement cutan\u00e9 en cas de transpiration li\u00e9e au [&hellip;]<\/p>\n","protected":false},"featured_media":3051,"comment_status":"open","ping_status":"closed","template":"","meta":[],"product_brand":[],"product_cat":[144,21],"product_tag":[],"class_list":{"0":"post-3060","1":"product","2":"type-product","3":"status-publish","4":"has-post-thumbnail","6":"product_cat-desinfection-des-mains","7":"product_cat-protection-du-soignant","9":"first","10":"instock","11":"shipping-taxable","12":"purchasable","13":"product-type-simple"},"yoast_head":"<!-- This site is optimized with the Yoast SEO plugin v27.3 - https:\/\/yoast.com\/product\/yoast-seo-wordpress\/ -->\n<title>Flacon-pompe de 400 ml de Instantgel Complete - Sublimation soins experts<\/title>\n<meta name=\"robots\" content=\"index, follow, max-snippet:-1, max-image-preview:large, max-video-preview:-1\" \/>\n<link rel=\"canonical\" href=\"https:\/\/sublimationsoinsexperts.com\/index.php\/product\/flacon-pompe-de-400-ml-de-instantgel-complete\/\" \/>\n<meta property=\"og:locale\" content=\"fr_FR\" \/>\n<meta property=\"og:type\" content=\"article\" \/>\n<meta property=\"og:title\" content=\"Flacon-pompe de 400 ml de Instantgel Complete - Sublimation soins experts\" \/>\n<meta property=\"og:description\" content=\"\u2022 Activit\u00e9 biocide compl\u00e8te \u00e0 large spectre Formule tr\u00e8s efficace avec activit\u00e9 bact\u00e9ricide, virucide, levuricide et mycobact\u00e9ricide. Elimine 99.999% des germes les plus courants. \u2022 Compatibilit\u00e9 cutan\u00e9e cliniquement prouv\u00e9e Excellente compatibilit\u00e9 cutan\u00e9e prouv\u00e9e par des tests ind\u00e9pendants. \u2022Contient de l\u2018extrait naturel d\u2018hamam\u00e9lis astringent Aide \u00e0 pr\u00e9venir le ramollissement cutan\u00e9 en cas de transpiration li\u00e9e au [&hellip;]\" \/>\n<meta property=\"og:url\" content=\"https:\/\/sublimationsoinsexperts.com\/index.php\/product\/flacon-pompe-de-400-ml-de-instantgel-complete\/\" \/>\n<meta property=\"og:site_name\" content=\"Sublimation soins experts\" \/>\n<meta property=\"article:modified_time\" content=\"2025-05-26T09:31:38+00:00\" \/>\n<meta property=\"og:image\" content=\"http:\/\/sublimationsoinsexperts.com\/wp-content\/uploads\/2024\/04\/010.021_-SOLUTION-HYDRO-ALCOOLIQUE-DESINFECTION-DES-MAINS.jpg\" \/>\n\t<meta property=\"og:image:width\" content=\"214\" \/>\n\t<meta property=\"og:image:height\" content=\"400\" \/>\n\t<meta property=\"og:image:type\" content=\"image\/jpeg\" \/>\n<meta name=\"twitter:card\" content=\"summary_large_image\" \/>\n<meta name=\"twitter:label1\" content=\"Dur\u00e9e de lecture estim\u00e9e\" \/>\n\t<meta name=\"twitter:data1\" content=\"1 minute\" \/>\n<script type=\"application\/ld+json\" class=\"yoast-schema-graph\">{\"@context\":\"https:\\\/\\\/schema.org\",\"@graph\":[{\"@type\":\"WebPage\",\"@id\":\"https:\\\/\\\/sublimationsoinsexperts.com\\\/index.php\\\/product\\\/flacon-pompe-de-400-ml-de-instantgel-complete\\\/\",\"url\":\"https:\\\/\\\/sublimationsoinsexperts.com\\\/index.php\\\/product\\\/flacon-pompe-de-400-ml-de-instantgel-complete\\\/\",\"name\":\"Flacon-pompe de 400 ml de Instantgel Complete - Sublimation soins experts\",\"isPartOf\":{\"@id\":\"https:\\\/\\\/sublimationsoinsexperts.com\\\/#website\"},\"primaryImageOfPage\":{\"@id\":\"https:\\\/\\\/sublimationsoinsexperts.com\\\/index.php\\\/product\\\/flacon-pompe-de-400-ml-de-instantgel-complete\\\/#primaryimage\"},\"image\":{\"@id\":\"https:\\\/\\\/sublimationsoinsexperts.com\\\/index.php\\\/product\\\/flacon-pompe-de-400-ml-de-instantgel-complete\\\/#primaryimage\"},\"thumbnailUrl\":\"https:\\\/\\\/sublimationsoinsexperts.com\\\/wp-content\\\/uploads\\\/2024\\\/04\\\/010.021_-SOLUTION-HYDRO-ALCOOLIQUE-DESINFECTION-DES-MAINS.jpg\",\"datePublished\":\"2024-04-16T16:42:35+00:00\",\"dateModified\":\"2025-05-26T09:31:38+00:00\",\"breadcrumb\":{\"@id\":\"https:\\\/\\\/sublimationsoinsexperts.com\\\/index.php\\\/product\\\/flacon-pompe-de-400-ml-de-instantgel-complete\\\/#breadcrumb\"},\"inLanguage\":\"fr-FR\",\"potentialAction\":[{\"@type\":\"ReadAction\",\"target\":[\"https:\\\/\\\/sublimationsoinsexperts.com\\\/index.php\\\/product\\\/flacon-pompe-de-400-ml-de-instantgel-complete\\\/\"]}]},{\"@type\":\"ImageObject\",\"inLanguage\":\"fr-FR\",\"@id\":\"https:\\\/\\\/sublimationsoinsexperts.com\\\/index.php\\\/product\\\/flacon-pompe-de-400-ml-de-instantgel-complete\\\/#primaryimage\",\"url\":\"https:\\\/\\\/sublimationsoinsexperts.com\\\/wp-content\\\/uploads\\\/2024\\\/04\\\/010.021_-SOLUTION-HYDRO-ALCOOLIQUE-DESINFECTION-DES-MAINS.jpg\",\"contentUrl\":\"https:\\\/\\\/sublimationsoinsexperts.com\\\/wp-content\\\/uploads\\\/2024\\\/04\\\/010.021_-SOLUTION-HYDRO-ALCOOLIQUE-DESINFECTION-DES-MAINS.jpg\",\"width\":214,\"height\":400},{\"@type\":\"BreadcrumbList\",\"@id\":\"https:\\\/\\\/sublimationsoinsexperts.com\\\/index.php\\\/product\\\/flacon-pompe-de-400-ml-de-instantgel-complete\\\/#breadcrumb\",\"itemListElement\":[{\"@type\":\"ListItem\",\"position\":1,\"name\":\"Accueil\",\"item\":\"https:\\\/\\\/sublimationsoinsexperts.com\\\/\"},{\"@type\":\"ListItem\",\"position\":2,\"name\":\"Shop\",\"item\":\"https:\\\/\\\/sublimationsoinsexperts.com\\\/index.php\\\/shop\\\/\"},{\"@type\":\"ListItem\",\"position\":3,\"name\":\"Flacon-pompe de 400 ml de Instantgel Complete\"}]},{\"@type\":\"WebSite\",\"@id\":\"https:\\\/\\\/sublimationsoinsexperts.com\\\/#website\",\"url\":\"https:\\\/\\\/sublimationsoinsexperts.com\\\/\",\"name\":\"Sublimation soins experts\",\"description\":\"\",\"potentialAction\":[{\"@type\":\"SearchAction\",\"target\":{\"@type\":\"EntryPoint\",\"urlTemplate\":\"https:\\\/\\\/sublimationsoinsexperts.com\\\/?s={search_term_string}\"},\"query-input\":{\"@type\":\"PropertyValueSpecification\",\"valueRequired\":true,\"valueName\":\"search_term_string\"}}],\"inLanguage\":\"fr-FR\"}]}<\/script>\n<!-- \/ Yoast SEO plugin. -->","yoast_head_json":{"title":"Flacon-pompe de 400 ml de Instantgel Complete - Sublimation soins experts","robots":{"index":"index","follow":"follow","max-snippet":"max-snippet:-1","max-image-preview":"max-image-preview:large","max-video-preview":"max-video-preview:-1"},"canonical":"https:\/\/sublimationsoinsexperts.com\/index.php\/product\/flacon-pompe-de-400-ml-de-instantgel-complete\/","og_locale":"fr_FR","og_type":"article","og_title":"Flacon-pompe de 400 ml de Instantgel Complete - Sublimation soins experts","og_description":"\u2022 Activit\u00e9 biocide compl\u00e8te \u00e0 large spectre Formule tr\u00e8s efficace avec activit\u00e9 bact\u00e9ricide, virucide, levuricide et mycobact\u00e9ricide. Elimine 99.999% des germes les plus courants. \u2022 Compatibilit\u00e9 cutan\u00e9e cliniquement prouv\u00e9e Excellente compatibilit\u00e9 cutan\u00e9e prouv\u00e9e par des tests ind\u00e9pendants. \u2022Contient de l\u2018extrait naturel d\u2018hamam\u00e9lis astringent Aide \u00e0 pr\u00e9venir le ramollissement cutan\u00e9 en cas de transpiration li\u00e9e au [&hellip;]","og_url":"https:\/\/sublimationsoinsexperts.com\/index.php\/product\/flacon-pompe-de-400-ml-de-instantgel-complete\/","og_site_name":"Sublimation soins experts","article_modified_time":"2025-05-26T09:31:38+00:00","og_image":[{"width":214,"height":400,"url":"http:\/\/sublimationsoinsexperts.com\/wp-content\/uploads\/2024\/04\/010.021_-SOLUTION-HYDRO-ALCOOLIQUE-DESINFECTION-DES-MAINS.jpg","type":"image\/jpeg"}],"twitter_card":"summary_large_image","twitter_misc":{"Dur\u00e9e de lecture estim\u00e9e":"1 minute"},"schema":{"@context":"https:\/\/schema.org","@graph":[{"@type":"WebPage","@id":"https:\/\/sublimationsoinsexperts.com\/index.php\/product\/flacon-pompe-de-400-ml-de-instantgel-complete\/","url":"https:\/\/sublimationsoinsexperts.com\/index.php\/product\/flacon-pompe-de-400-ml-de-instantgel-complete\/","name":"Flacon-pompe de 400 ml de Instantgel Complete - Sublimation soins experts","isPartOf":{"@id":"https:\/\/sublimationsoinsexperts.com\/#website"},"primaryImageOfPage":{"@id":"https:\/\/sublimationsoinsexperts.com\/index.php\/product\/flacon-pompe-de-400-ml-de-instantgel-complete\/#primaryimage"},"image":{"@id":"https:\/\/sublimationsoinsexperts.com\/index.php\/product\/flacon-pompe-de-400-ml-de-instantgel-complete\/#primaryimage"},"thumbnailUrl":"https:\/\/sublimationsoinsexperts.com\/wp-content\/uploads\/2024\/04\/010.021_-SOLUTION-HYDRO-ALCOOLIQUE-DESINFECTION-DES-MAINS.jpg","datePublished":"2024-04-16T16:42:35+00:00","dateModified":"2025-05-26T09:31:38+00:00","breadcrumb":{"@id":"https:\/\/sublimationsoinsexperts.com\/index.php\/product\/flacon-pompe-de-400-ml-de-instantgel-complete\/#breadcrumb"},"inLanguage":"fr-FR","potentialAction":[{"@type":"ReadAction","target":["https:\/\/sublimationsoinsexperts.com\/index.php\/product\/flacon-pompe-de-400-ml-de-instantgel-complete\/"]}]},{"@type":"ImageObject","inLanguage":"fr-FR","@id":"https:\/\/sublimationsoinsexperts.com\/index.php\/product\/flacon-pompe-de-400-ml-de-instantgel-complete\/#primaryimage","url":"https:\/\/sublimationsoinsexperts.com\/wp-content\/uploads\/2024\/04\/010.021_-SOLUTION-HYDRO-ALCOOLIQUE-DESINFECTION-DES-MAINS.jpg","contentUrl":"https:\/\/sublimationsoinsexperts.com\/wp-content\/uploads\/2024\/04\/010.021_-SOLUTION-HYDRO-ALCOOLIQUE-DESINFECTION-DES-MAINS.jpg","width":214,"height":400},{"@type":"BreadcrumbList","@id":"https:\/\/sublimationsoinsexperts.com\/index.php\/product\/flacon-pompe-de-400-ml-de-instantgel-complete\/#breadcrumb","itemListElement":[{"@type":"ListItem","position":1,"name":"Accueil","item":"https:\/\/sublimationsoinsexperts.com\/"},{"@type":"ListItem","position":2,"name":"Shop","item":"https:\/\/sublimationsoinsexperts.com\/index.php\/shop\/"},{"@type":"ListItem","position":3,"name":"Flacon-pompe de 400 ml de Instantgel Complete"}]},{"@type":"WebSite","@id":"https:\/\/sublimationsoinsexperts.com\/#website","url":"https:\/\/sublimationsoinsexperts.com\/","name":"Sublimation soins experts","description":"","potentialAction":[{"@type":"SearchAction","target":{"@type":"EntryPoint","urlTemplate":"https:\/\/sublimationsoinsexperts.com\/?s={search_term_string}"},"query-input":{"@type":"PropertyValueSpecification","valueRequired":true,"valueName":"search_term_string"}}],"inLanguage":"fr-FR"}]}},"_links":{"self":[{"href":"https:\/\/sublimationsoinsexperts.com\/index.php\/wp-json\/wp\/v2\/product\/3060","targetHints":{"allow":["GET"]}}],"collection":[{"href":"https:\/\/sublimationsoinsexperts.com\/index.php\/wp-json\/wp\/v2\/product"}],"about":[{"href":"https:\/\/sublimationsoinsexperts.com\/index.php\/wp-json\/wp\/v2\/types\/product"}],"replies":[{"embeddable":true,"href":"https:\/\/sublimationsoinsexperts.com\/index.php\/wp-json\/wp\/v2\/comments?post=3060"}],"wp:featuredmedia":[{"embeddable":true,"href":"https:\/\/sublimationsoinsexperts.com\/index.php\/wp-json\/wp\/v2\/media\/3051"}],"wp:attachment":[{"href":"https:\/\/sublimationsoinsexperts.com\/index.php\/wp-json\/wp\/v2\/media?parent=3060"}],"wp:term":[{"taxonomy":"product_brand","embeddable":true,"href":"https:\/\/sublimationsoinsexperts.com\/index.php\/wp-json\/wp\/v2\/product_brand?post=3060"},{"taxonomy":"product_cat","embeddable":true,"href":"https:\/\/sublimationsoinsexperts.com\/index.php\/wp-json\/wp\/v2\/product_cat?post=3060"},{"taxonomy":"product_tag","embeddable":true,"href":"https:\/\/sublimationsoinsexperts.com\/index.php\/wp-json\/wp\/v2\/product_tag?post=3060"}],"curies":[{"name":"wp","href":"https:\/\/api.w.org\/{rel}","templated":true}]}}