{"id":3085,"date":"2024-04-16T20:20:40","date_gmt":"2024-04-16T19:20:40","guid":{"rendered":"https:\/\/sublimationsoinsexperts.com\/?post_type=product&#038;p=3085"},"modified":"2025-05-26T08:10:07","modified_gmt":"2025-05-26T07:10:07","slug":"sparadrap-microporeux-evocare","status":"publish","type":"product","link":"https:\/\/sublimationsoinsexperts.com\/index.php\/product\/sparadrap-microporeux-evocare\/","title":{"rendered":"Sparadrap microporeux EVOCARE"},"content":{"rendered":"<p>\u2022 Pansement adh\u00e9sif \u00abpapier\u00bb hypoallerg\u00e9nique pour peaux sensibles.<br \/>\n\u2022 Tr\u00e8s poreux et perm\u00e9able \u00e0 l\u2019air, une \u00e9vacuation de l\u2019humidit\u00e9 est possible sans compromettre la force adh\u00e9sive.<br \/>\n\u2022 Avantages:<br \/>\n&#8211; Gr\u00e2ce \u00e0 son exceptionnelle tol\u00e9rance \u00e0 la peau, le sparadrap adh\u00e9sif microporeux permet de fr\u00e9quents changements de pansement.<br \/>\n&#8211; Microporeux, perm\u00e9able \u00e0 la vapeur d\u2019eau et \u00e0 l\u2019air, il laisse la peau respirer.<br \/>\n&#8211; Son effet auto-adh\u00e9sif augmente avec le temps<br \/>\n&#8211; Il ne laisse aucun r\u00e9sidu collant et son retrait est indolore.<br \/>\n&#8211; Il passe des rayons X.<br \/>\n\u2022 Indications:<br \/>\n&#8211; Pour les applications g\u00e9n\u00e9rales.<br \/>\n&#8211; Convient aux peaux sensibles et fragiles.<br \/>\n&#8211; Convient parfaitement aux pansements cosm\u00e9tiques pour le visage.<\/p>\n<p>&nbsp;<\/p>\n<p>&nbsp;<\/p>\n","protected":false},"excerpt":{"rendered":"<p>\u2022 Pansement adh\u00e9sif \u00abpapier\u00bb hypoallerg\u00e9nique pour peaux sensibles. \u2022 Tr\u00e8s poreux et perm\u00e9able \u00e0 l\u2019air, une \u00e9vacuation de l\u2019humidit\u00e9 est possible sans compromettre la force adh\u00e9sive. \u2022 Avantages: &#8211; Gr\u00e2ce \u00e0 son exceptionnelle tol\u00e9rance \u00e0 la peau, le sparadrap adh\u00e9sif microporeux permet de fr\u00e9quents changements de pansement. &#8211; Microporeux, perm\u00e9able \u00e0 la vapeur d\u2019eau et [&hellip;]<\/p>\n","protected":false},"featured_media":3086,"comment_status":"open","ping_status":"closed","template":"","meta":[],"product_brand":[],"product_cat":[157,40,17],"product_tag":[],"class_list":{"0":"post-3085","1":"product","2":"type-product","3":"status-publish","4":"has-post-thumbnail","6":"product_cat-adhesifs-en-rouleau","7":"product_cat-gestion-de-la-plaie","8":"product_cat-soin","10":"first","11":"instock","12":"shipping-taxable","13":"purchasable","14":"product-type-variable"},"yoast_head":"<!-- This site is optimized with the Yoast SEO plugin v27.5 - https:\/\/yoast.com\/product\/yoast-seo-wordpress\/ -->\n<title>Sparadrap microporeux EVOCARE - Sublimation soins experts<\/title>\n<meta name=\"robots\" content=\"index, follow, max-snippet:-1, max-image-preview:large, max-video-preview:-1\" \/>\n<link rel=\"canonical\" href=\"https:\/\/sublimationsoinsexperts.com\/index.php\/product\/sparadrap-microporeux-evocare\/\" \/>\n<meta property=\"og:locale\" content=\"fr_FR\" \/>\n<meta property=\"og:type\" content=\"article\" \/>\n<meta property=\"og:title\" content=\"Sparadrap microporeux EVOCARE - Sublimation soins experts\" \/>\n<meta property=\"og:description\" content=\"\u2022 Pansement adh\u00e9sif \u00abpapier\u00bb hypoallerg\u00e9nique pour peaux sensibles. \u2022 Tr\u00e8s poreux et perm\u00e9able \u00e0 l\u2019air, une \u00e9vacuation de l\u2019humidit\u00e9 est possible sans compromettre la force adh\u00e9sive. \u2022 Avantages: &#8211; Gr\u00e2ce \u00e0 son exceptionnelle tol\u00e9rance \u00e0 la peau, le sparadrap adh\u00e9sif microporeux permet de fr\u00e9quents changements de pansement. &#8211; Microporeux, perm\u00e9able \u00e0 la vapeur d\u2019eau et [&hellip;]\" \/>\n<meta property=\"og:url\" content=\"https:\/\/sublimationsoinsexperts.com\/index.php\/product\/sparadrap-microporeux-evocare\/\" \/>\n<meta property=\"og:site_name\" content=\"Sublimation soins experts\" \/>\n<meta property=\"article:modified_time\" content=\"2025-05-26T07:10:07+00:00\" \/>\n<meta property=\"og:image\" content=\"http:\/\/sublimationsoinsexperts.com\/wp-content\/uploads\/2024\/04\/S505.109_Sparadrap-microporeux-Evocare.jpg\" \/>\n\t<meta property=\"og:image:width\" content=\"400\" \/>\n\t<meta property=\"og:image:height\" content=\"295\" \/>\n\t<meta property=\"og:image:type\" content=\"image\/jpeg\" \/>\n<meta name=\"twitter:card\" content=\"summary_large_image\" \/>\n<meta name=\"twitter:label1\" content=\"Dur\u00e9e de lecture estim\u00e9e\" \/>\n\t<meta name=\"twitter:data1\" content=\"1 minute\" \/>\n<script type=\"application\/ld+json\" class=\"yoast-schema-graph\">{\"@context\":\"https:\\\/\\\/schema.org\",\"@graph\":[{\"@type\":\"WebPage\",\"@id\":\"https:\\\/\\\/sublimationsoinsexperts.com\\\/index.php\\\/product\\\/sparadrap-microporeux-evocare\\\/\",\"url\":\"https:\\\/\\\/sublimationsoinsexperts.com\\\/index.php\\\/product\\\/sparadrap-microporeux-evocare\\\/\",\"name\":\"Sparadrap microporeux EVOCARE - Sublimation soins experts\",\"isPartOf\":{\"@id\":\"https:\\\/\\\/sublimationsoinsexperts.com\\\/#website\"},\"primaryImageOfPage\":{\"@id\":\"https:\\\/\\\/sublimationsoinsexperts.com\\\/index.php\\\/product\\\/sparadrap-microporeux-evocare\\\/#primaryimage\"},\"image\":{\"@id\":\"https:\\\/\\\/sublimationsoinsexperts.com\\\/index.php\\\/product\\\/sparadrap-microporeux-evocare\\\/#primaryimage\"},\"thumbnailUrl\":\"https:\\\/\\\/sublimationsoinsexperts.com\\\/wp-content\\\/uploads\\\/2024\\\/04\\\/S505.109_Sparadrap-microporeux-Evocare.jpg\",\"datePublished\":\"2024-04-16T19:20:40+00:00\",\"dateModified\":\"2025-05-26T07:10:07+00:00\",\"breadcrumb\":{\"@id\":\"https:\\\/\\\/sublimationsoinsexperts.com\\\/index.php\\\/product\\\/sparadrap-microporeux-evocare\\\/#breadcrumb\"},\"inLanguage\":\"fr-FR\",\"potentialAction\":[{\"@type\":\"ReadAction\",\"target\":[\"https:\\\/\\\/sublimationsoinsexperts.com\\\/index.php\\\/product\\\/sparadrap-microporeux-evocare\\\/\"]}]},{\"@type\":\"ImageObject\",\"inLanguage\":\"fr-FR\",\"@id\":\"https:\\\/\\\/sublimationsoinsexperts.com\\\/index.php\\\/product\\\/sparadrap-microporeux-evocare\\\/#primaryimage\",\"url\":\"https:\\\/\\\/sublimationsoinsexperts.com\\\/wp-content\\\/uploads\\\/2024\\\/04\\\/S505.109_Sparadrap-microporeux-Evocare.jpg\",\"contentUrl\":\"https:\\\/\\\/sublimationsoinsexperts.com\\\/wp-content\\\/uploads\\\/2024\\\/04\\\/S505.109_Sparadrap-microporeux-Evocare.jpg\",\"width\":400,\"height\":295},{\"@type\":\"BreadcrumbList\",\"@id\":\"https:\\\/\\\/sublimationsoinsexperts.com\\\/index.php\\\/product\\\/sparadrap-microporeux-evocare\\\/#breadcrumb\",\"itemListElement\":[{\"@type\":\"ListItem\",\"position\":1,\"name\":\"Accueil\",\"item\":\"https:\\\/\\\/sublimationsoinsexperts.com\\\/\"},{\"@type\":\"ListItem\",\"position\":2,\"name\":\"Shop\",\"item\":\"https:\\\/\\\/sublimationsoinsexperts.com\\\/index.php\\\/shop\\\/\"},{\"@type\":\"ListItem\",\"position\":3,\"name\":\"Sparadrap microporeux EVOCARE\"}]},{\"@type\":\"WebSite\",\"@id\":\"https:\\\/\\\/sublimationsoinsexperts.com\\\/#website\",\"url\":\"https:\\\/\\\/sublimationsoinsexperts.com\\\/\",\"name\":\"Sublimation soins experts\",\"description\":\"\",\"potentialAction\":[{\"@type\":\"SearchAction\",\"target\":{\"@type\":\"EntryPoint\",\"urlTemplate\":\"https:\\\/\\\/sublimationsoinsexperts.com\\\/?s={search_term_string}\"},\"query-input\":{\"@type\":\"PropertyValueSpecification\",\"valueRequired\":true,\"valueName\":\"search_term_string\"}}],\"inLanguage\":\"fr-FR\"}]}<\/script>\n<!-- \/ Yoast SEO plugin. -->","yoast_head_json":{"title":"Sparadrap microporeux EVOCARE - Sublimation soins experts","robots":{"index":"index","follow":"follow","max-snippet":"max-snippet:-1","max-image-preview":"max-image-preview:large","max-video-preview":"max-video-preview:-1"},"canonical":"https:\/\/sublimationsoinsexperts.com\/index.php\/product\/sparadrap-microporeux-evocare\/","og_locale":"fr_FR","og_type":"article","og_title":"Sparadrap microporeux EVOCARE - Sublimation soins experts","og_description":"\u2022 Pansement adh\u00e9sif \u00abpapier\u00bb hypoallerg\u00e9nique pour peaux sensibles. \u2022 Tr\u00e8s poreux et perm\u00e9able \u00e0 l\u2019air, une \u00e9vacuation de l\u2019humidit\u00e9 est possible sans compromettre la force adh\u00e9sive. \u2022 Avantages: &#8211; Gr\u00e2ce \u00e0 son exceptionnelle tol\u00e9rance \u00e0 la peau, le sparadrap adh\u00e9sif microporeux permet de fr\u00e9quents changements de pansement. &#8211; Microporeux, perm\u00e9able \u00e0 la vapeur d\u2019eau et [&hellip;]","og_url":"https:\/\/sublimationsoinsexperts.com\/index.php\/product\/sparadrap-microporeux-evocare\/","og_site_name":"Sublimation soins experts","article_modified_time":"2025-05-26T07:10:07+00:00","og_image":[{"width":400,"height":295,"url":"http:\/\/sublimationsoinsexperts.com\/wp-content\/uploads\/2024\/04\/S505.109_Sparadrap-microporeux-Evocare.jpg","type":"image\/jpeg"}],"twitter_card":"summary_large_image","twitter_misc":{"Dur\u00e9e de lecture estim\u00e9e":"1 minute"},"schema":{"@context":"https:\/\/schema.org","@graph":[{"@type":"WebPage","@id":"https:\/\/sublimationsoinsexperts.com\/index.php\/product\/sparadrap-microporeux-evocare\/","url":"https:\/\/sublimationsoinsexperts.com\/index.php\/product\/sparadrap-microporeux-evocare\/","name":"Sparadrap microporeux EVOCARE - Sublimation soins experts","isPartOf":{"@id":"https:\/\/sublimationsoinsexperts.com\/#website"},"primaryImageOfPage":{"@id":"https:\/\/sublimationsoinsexperts.com\/index.php\/product\/sparadrap-microporeux-evocare\/#primaryimage"},"image":{"@id":"https:\/\/sublimationsoinsexperts.com\/index.php\/product\/sparadrap-microporeux-evocare\/#primaryimage"},"thumbnailUrl":"https:\/\/sublimationsoinsexperts.com\/wp-content\/uploads\/2024\/04\/S505.109_Sparadrap-microporeux-Evocare.jpg","datePublished":"2024-04-16T19:20:40+00:00","dateModified":"2025-05-26T07:10:07+00:00","breadcrumb":{"@id":"https:\/\/sublimationsoinsexperts.com\/index.php\/product\/sparadrap-microporeux-evocare\/#breadcrumb"},"inLanguage":"fr-FR","potentialAction":[{"@type":"ReadAction","target":["https:\/\/sublimationsoinsexperts.com\/index.php\/product\/sparadrap-microporeux-evocare\/"]}]},{"@type":"ImageObject","inLanguage":"fr-FR","@id":"https:\/\/sublimationsoinsexperts.com\/index.php\/product\/sparadrap-microporeux-evocare\/#primaryimage","url":"https:\/\/sublimationsoinsexperts.com\/wp-content\/uploads\/2024\/04\/S505.109_Sparadrap-microporeux-Evocare.jpg","contentUrl":"https:\/\/sublimationsoinsexperts.com\/wp-content\/uploads\/2024\/04\/S505.109_Sparadrap-microporeux-Evocare.jpg","width":400,"height":295},{"@type":"BreadcrumbList","@id":"https:\/\/sublimationsoinsexperts.com\/index.php\/product\/sparadrap-microporeux-evocare\/#breadcrumb","itemListElement":[{"@type":"ListItem","position":1,"name":"Accueil","item":"https:\/\/sublimationsoinsexperts.com\/"},{"@type":"ListItem","position":2,"name":"Shop","item":"https:\/\/sublimationsoinsexperts.com\/index.php\/shop\/"},{"@type":"ListItem","position":3,"name":"Sparadrap microporeux EVOCARE"}]},{"@type":"WebSite","@id":"https:\/\/sublimationsoinsexperts.com\/#website","url":"https:\/\/sublimationsoinsexperts.com\/","name":"Sublimation soins experts","description":"","potentialAction":[{"@type":"SearchAction","target":{"@type":"EntryPoint","urlTemplate":"https:\/\/sublimationsoinsexperts.com\/?s={search_term_string}"},"query-input":{"@type":"PropertyValueSpecification","valueRequired":true,"valueName":"search_term_string"}}],"inLanguage":"fr-FR"}]}},"_links":{"self":[{"href":"https:\/\/sublimationsoinsexperts.com\/index.php\/wp-json\/wp\/v2\/product\/3085","targetHints":{"allow":["GET"]}}],"collection":[{"href":"https:\/\/sublimationsoinsexperts.com\/index.php\/wp-json\/wp\/v2\/product"}],"about":[{"href":"https:\/\/sublimationsoinsexperts.com\/index.php\/wp-json\/wp\/v2\/types\/product"}],"replies":[{"embeddable":true,"href":"https:\/\/sublimationsoinsexperts.com\/index.php\/wp-json\/wp\/v2\/comments?post=3085"}],"wp:featuredmedia":[{"embeddable":true,"href":"https:\/\/sublimationsoinsexperts.com\/index.php\/wp-json\/wp\/v2\/media\/3086"}],"wp:attachment":[{"href":"https:\/\/sublimationsoinsexperts.com\/index.php\/wp-json\/wp\/v2\/media?parent=3085"}],"wp:term":[{"taxonomy":"product_brand","embeddable":true,"href":"https:\/\/sublimationsoinsexperts.com\/index.php\/wp-json\/wp\/v2\/product_brand?post=3085"},{"taxonomy":"product_cat","embeddable":true,"href":"https:\/\/sublimationsoinsexperts.com\/index.php\/wp-json\/wp\/v2\/product_cat?post=3085"},{"taxonomy":"product_tag","embeddable":true,"href":"https:\/\/sublimationsoinsexperts.com\/index.php\/wp-json\/wp\/v2\/product_tag?post=3085"}],"curies":[{"name":"wp","href":"https:\/\/api.w.org\/{rel}","templated":true}]}}