{"id":3094,"date":"2024-04-16T20:24:07","date_gmt":"2024-04-16T19:24:07","guid":{"rendered":"https:\/\/sublimationsoinsexperts.com\/?post_type=product&#038;p=3094"},"modified":"2024-04-22T17:02:28","modified_gmt":"2024-04-22T16:02:28","slug":"sparadrap-micropore-surgical-tape-2","status":"publish","type":"product","link":"https:\/\/sublimationsoinsexperts.com\/index.php\/product\/sparadrap-micropore-surgical-tape-2\/","title":{"rendered":"Sparadrap Micropore Surgical Tape"},"content":{"rendered":"<p>\u2022 Le Micropore est un sparadrap compos\u00e9 d\u2019un support non tiss\u00e9 en fibres de rayonne et d\u2019une couche adh\u00e9sive de copolym\u00e8res d\u2019acrylate \u00e9vitant ainsi toute irritaion de la peau.<br \/>\n\u2022 Il est hypo-allerg\u00e9nique et donc particuli\u00e8rement indiqu\u00e9 en p\u00e9diatrie, g\u00e9riatrie et dermatologie.<br \/>\n\u2022 Le Micropore permet la perspiratoin naturelle de la peau pr\u00e9venant une prolif\u00e9ration bact\u00e9rienne \u00e9ventuelle.<br \/>\n\u2022 Son adh\u00e9rence est excellente, m\u00eame si la peau devient humide.<br \/>\n\u2022 L\u2019ablation, indolore et non \u00e9pilatoire ne laisse ni traces, ni r\u00e9sidus.<br \/>\n\u2022 Le Micropore est radio-transparent et peut \u00eatre st\u00e9rilis\u00e9 en rouleau, \u00e0 l\u2019ETO (Steri-Vac 55\u00b0C)<br \/>\n\u2022 Dur\u00e9e de conservatoin : 5 ans \u00e0 temp\u00e9rature ambiante<\/p>\n<p>&nbsp;<\/p>\n<p>&nbsp;<\/p>\n","protected":false},"excerpt":{"rendered":"<p>\u2022 Le Micropore est un sparadrap compos\u00e9 d\u2019un support non tiss\u00e9 en fibres de rayonne et d\u2019une couche adh\u00e9sive de copolym\u00e8res d\u2019acrylate \u00e9vitant ainsi toute irritaion de la peau. \u2022 Il est hypo-allerg\u00e9nique et donc particuli\u00e8rement indiqu\u00e9 en p\u00e9diatrie, g\u00e9riatrie et dermatologie. \u2022 Le Micropore permet la perspiratoin naturelle de la peau pr\u00e9venant une prolif\u00e9ration [&hellip;]<\/p>\n","protected":false},"featured_media":3084,"comment_status":"open","ping_status":"closed","template":"","meta":[],"product_brand":[],"product_cat":[157,40,17],"product_tag":[],"class_list":{"0":"post-3094","1":"product","2":"type-product","3":"status-publish","4":"has-post-thumbnail","6":"product_cat-adhesifs-en-rouleau","7":"product_cat-gestion-de-la-plaie","8":"product_cat-soin","10":"first","11":"instock","12":"shipping-taxable","13":"purchasable","14":"product-type-variable"},"yoast_head":"<!-- This site is optimized with the Yoast SEO plugin v27.5 - https:\/\/yoast.com\/product\/yoast-seo-wordpress\/ -->\n<title>Sparadrap Micropore Surgical Tape - Sublimation soins experts<\/title>\n<meta name=\"robots\" content=\"index, follow, max-snippet:-1, max-image-preview:large, max-video-preview:-1\" \/>\n<link rel=\"canonical\" href=\"https:\/\/sublimationsoinsexperts.com\/index.php\/product\/sparadrap-micropore-surgical-tape-2\/\" \/>\n<meta property=\"og:locale\" content=\"fr_FR\" \/>\n<meta property=\"og:type\" content=\"article\" \/>\n<meta property=\"og:title\" content=\"Sparadrap Micropore Surgical Tape - Sublimation soins experts\" \/>\n<meta property=\"og:description\" content=\"\u2022 Le Micropore est un sparadrap compos\u00e9 d\u2019un support non tiss\u00e9 en fibres de rayonne et d\u2019une couche adh\u00e9sive de copolym\u00e8res d\u2019acrylate \u00e9vitant ainsi toute irritaion de la peau. \u2022 Il est hypo-allerg\u00e9nique et donc particuli\u00e8rement indiqu\u00e9 en p\u00e9diatrie, g\u00e9riatrie et dermatologie. \u2022 Le Micropore permet la perspiratoin naturelle de la peau pr\u00e9venant une prolif\u00e9ration [&hellip;]\" \/>\n<meta property=\"og:url\" content=\"https:\/\/sublimationsoinsexperts.com\/index.php\/product\/sparadrap-micropore-surgical-tape-2\/\" \/>\n<meta property=\"og:site_name\" content=\"Sublimation soins experts\" \/>\n<meta property=\"article:modified_time\" content=\"2024-04-22T16:02:28+00:00\" \/>\n<meta property=\"og:image\" content=\"http:\/\/sublimationsoinsexperts.com\/wp-content\/uploads\/2024\/04\/S505.150_adhesifs-en-rouleau.jpg\" \/>\n\t<meta property=\"og:image:width\" content=\"400\" \/>\n\t<meta property=\"og:image:height\" content=\"400\" \/>\n\t<meta property=\"og:image:type\" content=\"image\/jpeg\" \/>\n<meta name=\"twitter:card\" content=\"summary_large_image\" \/>\n<meta name=\"twitter:label1\" content=\"Dur\u00e9e de lecture estim\u00e9e\" \/>\n\t<meta name=\"twitter:data1\" content=\"1 minute\" \/>\n<script type=\"application\/ld+json\" class=\"yoast-schema-graph\">{\"@context\":\"https:\\\/\\\/schema.org\",\"@graph\":[{\"@type\":\"WebPage\",\"@id\":\"https:\\\/\\\/sublimationsoinsexperts.com\\\/index.php\\\/product\\\/sparadrap-micropore-surgical-tape-2\\\/\",\"url\":\"https:\\\/\\\/sublimationsoinsexperts.com\\\/index.php\\\/product\\\/sparadrap-micropore-surgical-tape-2\\\/\",\"name\":\"Sparadrap Micropore Surgical Tape - Sublimation soins experts\",\"isPartOf\":{\"@id\":\"https:\\\/\\\/sublimationsoinsexperts.com\\\/#website\"},\"primaryImageOfPage\":{\"@id\":\"https:\\\/\\\/sublimationsoinsexperts.com\\\/index.php\\\/product\\\/sparadrap-micropore-surgical-tape-2\\\/#primaryimage\"},\"image\":{\"@id\":\"https:\\\/\\\/sublimationsoinsexperts.com\\\/index.php\\\/product\\\/sparadrap-micropore-surgical-tape-2\\\/#primaryimage\"},\"thumbnailUrl\":\"https:\\\/\\\/sublimationsoinsexperts.com\\\/wp-content\\\/uploads\\\/2024\\\/04\\\/S505.150_adhesifs-en-rouleau.jpg\",\"datePublished\":\"2024-04-16T19:24:07+00:00\",\"dateModified\":\"2024-04-22T16:02:28+00:00\",\"breadcrumb\":{\"@id\":\"https:\\\/\\\/sublimationsoinsexperts.com\\\/index.php\\\/product\\\/sparadrap-micropore-surgical-tape-2\\\/#breadcrumb\"},\"inLanguage\":\"fr-FR\",\"potentialAction\":[{\"@type\":\"ReadAction\",\"target\":[\"https:\\\/\\\/sublimationsoinsexperts.com\\\/index.php\\\/product\\\/sparadrap-micropore-surgical-tape-2\\\/\"]}]},{\"@type\":\"ImageObject\",\"inLanguage\":\"fr-FR\",\"@id\":\"https:\\\/\\\/sublimationsoinsexperts.com\\\/index.php\\\/product\\\/sparadrap-micropore-surgical-tape-2\\\/#primaryimage\",\"url\":\"https:\\\/\\\/sublimationsoinsexperts.com\\\/wp-content\\\/uploads\\\/2024\\\/04\\\/S505.150_adhesifs-en-rouleau.jpg\",\"contentUrl\":\"https:\\\/\\\/sublimationsoinsexperts.com\\\/wp-content\\\/uploads\\\/2024\\\/04\\\/S505.150_adhesifs-en-rouleau.jpg\",\"width\":400,\"height\":400},{\"@type\":\"BreadcrumbList\",\"@id\":\"https:\\\/\\\/sublimationsoinsexperts.com\\\/index.php\\\/product\\\/sparadrap-micropore-surgical-tape-2\\\/#breadcrumb\",\"itemListElement\":[{\"@type\":\"ListItem\",\"position\":1,\"name\":\"Accueil\",\"item\":\"https:\\\/\\\/sublimationsoinsexperts.com\\\/\"},{\"@type\":\"ListItem\",\"position\":2,\"name\":\"Shop\",\"item\":\"https:\\\/\\\/sublimationsoinsexperts.com\\\/index.php\\\/shop\\\/\"},{\"@type\":\"ListItem\",\"position\":3,\"name\":\"Sparadrap Micropore Surgical Tape\"}]},{\"@type\":\"WebSite\",\"@id\":\"https:\\\/\\\/sublimationsoinsexperts.com\\\/#website\",\"url\":\"https:\\\/\\\/sublimationsoinsexperts.com\\\/\",\"name\":\"Sublimation soins experts\",\"description\":\"\",\"potentialAction\":[{\"@type\":\"SearchAction\",\"target\":{\"@type\":\"EntryPoint\",\"urlTemplate\":\"https:\\\/\\\/sublimationsoinsexperts.com\\\/?s={search_term_string}\"},\"query-input\":{\"@type\":\"PropertyValueSpecification\",\"valueRequired\":true,\"valueName\":\"search_term_string\"}}],\"inLanguage\":\"fr-FR\"}]}<\/script>\n<!-- \/ Yoast SEO plugin. -->","yoast_head_json":{"title":"Sparadrap Micropore Surgical Tape - Sublimation soins experts","robots":{"index":"index","follow":"follow","max-snippet":"max-snippet:-1","max-image-preview":"max-image-preview:large","max-video-preview":"max-video-preview:-1"},"canonical":"https:\/\/sublimationsoinsexperts.com\/index.php\/product\/sparadrap-micropore-surgical-tape-2\/","og_locale":"fr_FR","og_type":"article","og_title":"Sparadrap Micropore Surgical Tape - Sublimation soins experts","og_description":"\u2022 Le Micropore est un sparadrap compos\u00e9 d\u2019un support non tiss\u00e9 en fibres de rayonne et d\u2019une couche adh\u00e9sive de copolym\u00e8res d\u2019acrylate \u00e9vitant ainsi toute irritaion de la peau. \u2022 Il est hypo-allerg\u00e9nique et donc particuli\u00e8rement indiqu\u00e9 en p\u00e9diatrie, g\u00e9riatrie et dermatologie. \u2022 Le Micropore permet la perspiratoin naturelle de la peau pr\u00e9venant une prolif\u00e9ration [&hellip;]","og_url":"https:\/\/sublimationsoinsexperts.com\/index.php\/product\/sparadrap-micropore-surgical-tape-2\/","og_site_name":"Sublimation soins experts","article_modified_time":"2024-04-22T16:02:28+00:00","og_image":[{"width":400,"height":400,"url":"http:\/\/sublimationsoinsexperts.com\/wp-content\/uploads\/2024\/04\/S505.150_adhesifs-en-rouleau.jpg","type":"image\/jpeg"}],"twitter_card":"summary_large_image","twitter_misc":{"Dur\u00e9e de lecture estim\u00e9e":"1 minute"},"schema":{"@context":"https:\/\/schema.org","@graph":[{"@type":"WebPage","@id":"https:\/\/sublimationsoinsexperts.com\/index.php\/product\/sparadrap-micropore-surgical-tape-2\/","url":"https:\/\/sublimationsoinsexperts.com\/index.php\/product\/sparadrap-micropore-surgical-tape-2\/","name":"Sparadrap Micropore Surgical Tape - Sublimation soins experts","isPartOf":{"@id":"https:\/\/sublimationsoinsexperts.com\/#website"},"primaryImageOfPage":{"@id":"https:\/\/sublimationsoinsexperts.com\/index.php\/product\/sparadrap-micropore-surgical-tape-2\/#primaryimage"},"image":{"@id":"https:\/\/sublimationsoinsexperts.com\/index.php\/product\/sparadrap-micropore-surgical-tape-2\/#primaryimage"},"thumbnailUrl":"https:\/\/sublimationsoinsexperts.com\/wp-content\/uploads\/2024\/04\/S505.150_adhesifs-en-rouleau.jpg","datePublished":"2024-04-16T19:24:07+00:00","dateModified":"2024-04-22T16:02:28+00:00","breadcrumb":{"@id":"https:\/\/sublimationsoinsexperts.com\/index.php\/product\/sparadrap-micropore-surgical-tape-2\/#breadcrumb"},"inLanguage":"fr-FR","potentialAction":[{"@type":"ReadAction","target":["https:\/\/sublimationsoinsexperts.com\/index.php\/product\/sparadrap-micropore-surgical-tape-2\/"]}]},{"@type":"ImageObject","inLanguage":"fr-FR","@id":"https:\/\/sublimationsoinsexperts.com\/index.php\/product\/sparadrap-micropore-surgical-tape-2\/#primaryimage","url":"https:\/\/sublimationsoinsexperts.com\/wp-content\/uploads\/2024\/04\/S505.150_adhesifs-en-rouleau.jpg","contentUrl":"https:\/\/sublimationsoinsexperts.com\/wp-content\/uploads\/2024\/04\/S505.150_adhesifs-en-rouleau.jpg","width":400,"height":400},{"@type":"BreadcrumbList","@id":"https:\/\/sublimationsoinsexperts.com\/index.php\/product\/sparadrap-micropore-surgical-tape-2\/#breadcrumb","itemListElement":[{"@type":"ListItem","position":1,"name":"Accueil","item":"https:\/\/sublimationsoinsexperts.com\/"},{"@type":"ListItem","position":2,"name":"Shop","item":"https:\/\/sublimationsoinsexperts.com\/index.php\/shop\/"},{"@type":"ListItem","position":3,"name":"Sparadrap Micropore Surgical Tape"}]},{"@type":"WebSite","@id":"https:\/\/sublimationsoinsexperts.com\/#website","url":"https:\/\/sublimationsoinsexperts.com\/","name":"Sublimation soins experts","description":"","potentialAction":[{"@type":"SearchAction","target":{"@type":"EntryPoint","urlTemplate":"https:\/\/sublimationsoinsexperts.com\/?s={search_term_string}"},"query-input":{"@type":"PropertyValueSpecification","valueRequired":true,"valueName":"search_term_string"}}],"inLanguage":"fr-FR"}]}},"_links":{"self":[{"href":"https:\/\/sublimationsoinsexperts.com\/index.php\/wp-json\/wp\/v2\/product\/3094","targetHints":{"allow":["GET"]}}],"collection":[{"href":"https:\/\/sublimationsoinsexperts.com\/index.php\/wp-json\/wp\/v2\/product"}],"about":[{"href":"https:\/\/sublimationsoinsexperts.com\/index.php\/wp-json\/wp\/v2\/types\/product"}],"replies":[{"embeddable":true,"href":"https:\/\/sublimationsoinsexperts.com\/index.php\/wp-json\/wp\/v2\/comments?post=3094"}],"wp:featuredmedia":[{"embeddable":true,"href":"https:\/\/sublimationsoinsexperts.com\/index.php\/wp-json\/wp\/v2\/media\/3084"}],"wp:attachment":[{"href":"https:\/\/sublimationsoinsexperts.com\/index.php\/wp-json\/wp\/v2\/media?parent=3094"}],"wp:term":[{"taxonomy":"product_brand","embeddable":true,"href":"https:\/\/sublimationsoinsexperts.com\/index.php\/wp-json\/wp\/v2\/product_brand?post=3094"},{"taxonomy":"product_cat","embeddable":true,"href":"https:\/\/sublimationsoinsexperts.com\/index.php\/wp-json\/wp\/v2\/product_cat?post=3094"},{"taxonomy":"product_tag","embeddable":true,"href":"https:\/\/sublimationsoinsexperts.com\/index.php\/wp-json\/wp\/v2\/product_tag?post=3094"}],"curies":[{"name":"wp","href":"https:\/\/api.w.org\/{rel}","templated":true}]}}