{"id":3119,"date":"2024-04-17T18:55:16","date_gmt":"2024-04-17T17:55:16","guid":{"rendered":"https:\/\/sublimationsoinsexperts.com\/?post_type=product&#038;p=3119"},"modified":"2024-04-22T17:02:28","modified_gmt":"2024-04-22T16:02:28","slug":"bandes-de-gaze-extensibles-evocare-10-cm-x-4-m","status":"publish","type":"product","link":"https:\/\/sublimationsoinsexperts.com\/index.php\/product\/bandes-de-gaze-extensibles-evocare-10-cm-x-4-m\/","title":{"rendered":"Bandes de gaze extensibles EVOCARE (10 cm x 4 m)"},"content":{"rendered":"<p>Bo\u00eete de 20<\/p>\n<p>&nbsp;<\/p>\n<p>\u2022 Bande de viscose ourl\u00e9e qui doit son excellente \u00e9lasticit\u00e9 en longueur \u00e0 l\u2019utilisation de fils de polyamide et de viscose.<br \/>\n\u2022 Emballage individuel sous cello.<br \/>\n\u2022 Non st\u00e9rile.<\/p>\n<p>&nbsp;<\/p>\n<p>REF GOHY S526.309<\/p>\n","protected":false},"excerpt":{"rendered":"<p>Bo\u00eete de 20 &nbsp; \u2022 Bande de viscose ourl\u00e9e qui doit son excellente \u00e9lasticit\u00e9 en longueur \u00e0 l\u2019utilisation de fils de polyamide et de viscose. \u2022 Emballage individuel sous cello. \u2022 Non st\u00e9rile. &nbsp; REF GOHY S526.309<\/p>\n","protected":false},"featured_media":3120,"comment_status":"open","ping_status":"closed","template":"","meta":[],"product_brand":[],"product_cat":[153,151,40,17],"product_tag":[],"class_list":{"0":"post-3119","1":"product","2":"type-product","3":"status-publish","4":"has-post-thumbnail","6":"product_cat-bandage-de-fixation","7":"product_cat-bandages","8":"product_cat-gestion-de-la-plaie","9":"product_cat-soin","11":"first","12":"instock","13":"shipping-taxable","14":"purchasable","15":"product-type-simple"},"yoast_head":"<!-- This site is optimized with the Yoast SEO plugin v27.3 - https:\/\/yoast.com\/product\/yoast-seo-wordpress\/ -->\n<title>Bandes de gaze extensibles EVOCARE (10 cm x 4 m) - Sublimation soins experts<\/title>\n<meta name=\"robots\" content=\"index, follow, max-snippet:-1, max-image-preview:large, max-video-preview:-1\" \/>\n<link rel=\"canonical\" href=\"https:\/\/sublimationsoinsexperts.com\/index.php\/product\/bandes-de-gaze-extensibles-evocare-10-cm-x-4-m\/\" \/>\n<meta property=\"og:locale\" content=\"fr_FR\" \/>\n<meta property=\"og:type\" content=\"article\" \/>\n<meta property=\"og:title\" content=\"Bandes de gaze extensibles EVOCARE (10 cm x 4 m) - Sublimation soins experts\" \/>\n<meta property=\"og:description\" content=\"Bo\u00eete de 20 &nbsp; \u2022 Bande de viscose ourl\u00e9e qui doit son excellente \u00e9lasticit\u00e9 en longueur \u00e0 l\u2019utilisation de fils de polyamide et de viscose. \u2022 Emballage individuel sous cello. \u2022 Non st\u00e9rile. &nbsp; REF GOHY S526.309\" \/>\n<meta property=\"og:url\" content=\"https:\/\/sublimationsoinsexperts.com\/index.php\/product\/bandes-de-gaze-extensibles-evocare-10-cm-x-4-m\/\" \/>\n<meta property=\"og:site_name\" content=\"Sublimation soins experts\" \/>\n<meta property=\"article:modified_time\" content=\"2024-04-22T16:02:28+00:00\" \/>\n<meta property=\"og:image\" content=\"http:\/\/sublimationsoinsexperts.com\/wp-content\/uploads\/2024\/04\/bande-gaz-10cm-x-4-m.webp\" \/>\n\t<meta property=\"og:image:width\" content=\"500\" \/>\n\t<meta property=\"og:image:height\" content=\"375\" \/>\n\t<meta property=\"og:image:type\" content=\"image\/webp\" \/>\n<meta name=\"twitter:card\" content=\"summary_large_image\" \/>\n<meta name=\"twitter:label1\" content=\"Dur\u00e9e de lecture estim\u00e9e\" \/>\n\t<meta name=\"twitter:data1\" content=\"1 minute\" \/>\n<script type=\"application\/ld+json\" class=\"yoast-schema-graph\">{\"@context\":\"https:\\\/\\\/schema.org\",\"@graph\":[{\"@type\":\"WebPage\",\"@id\":\"https:\\\/\\\/sublimationsoinsexperts.com\\\/index.php\\\/product\\\/bandes-de-gaze-extensibles-evocare-10-cm-x-4-m\\\/\",\"url\":\"https:\\\/\\\/sublimationsoinsexperts.com\\\/index.php\\\/product\\\/bandes-de-gaze-extensibles-evocare-10-cm-x-4-m\\\/\",\"name\":\"Bandes de gaze extensibles EVOCARE (10 cm x 4 m) - Sublimation soins experts\",\"isPartOf\":{\"@id\":\"https:\\\/\\\/sublimationsoinsexperts.com\\\/#website\"},\"primaryImageOfPage\":{\"@id\":\"https:\\\/\\\/sublimationsoinsexperts.com\\\/index.php\\\/product\\\/bandes-de-gaze-extensibles-evocare-10-cm-x-4-m\\\/#primaryimage\"},\"image\":{\"@id\":\"https:\\\/\\\/sublimationsoinsexperts.com\\\/index.php\\\/product\\\/bandes-de-gaze-extensibles-evocare-10-cm-x-4-m\\\/#primaryimage\"},\"thumbnailUrl\":\"https:\\\/\\\/sublimationsoinsexperts.com\\\/wp-content\\\/uploads\\\/2024\\\/04\\\/bande-gaz-10cm-x-4-m.webp\",\"datePublished\":\"2024-04-17T17:55:16+00:00\",\"dateModified\":\"2024-04-22T16:02:28+00:00\",\"breadcrumb\":{\"@id\":\"https:\\\/\\\/sublimationsoinsexperts.com\\\/index.php\\\/product\\\/bandes-de-gaze-extensibles-evocare-10-cm-x-4-m\\\/#breadcrumb\"},\"inLanguage\":\"fr-FR\",\"potentialAction\":[{\"@type\":\"ReadAction\",\"target\":[\"https:\\\/\\\/sublimationsoinsexperts.com\\\/index.php\\\/product\\\/bandes-de-gaze-extensibles-evocare-10-cm-x-4-m\\\/\"]}]},{\"@type\":\"ImageObject\",\"inLanguage\":\"fr-FR\",\"@id\":\"https:\\\/\\\/sublimationsoinsexperts.com\\\/index.php\\\/product\\\/bandes-de-gaze-extensibles-evocare-10-cm-x-4-m\\\/#primaryimage\",\"url\":\"https:\\\/\\\/sublimationsoinsexperts.com\\\/wp-content\\\/uploads\\\/2024\\\/04\\\/bande-gaz-10cm-x-4-m.webp\",\"contentUrl\":\"https:\\\/\\\/sublimationsoinsexperts.com\\\/wp-content\\\/uploads\\\/2024\\\/04\\\/bande-gaz-10cm-x-4-m.webp\",\"width\":500,\"height\":375},{\"@type\":\"BreadcrumbList\",\"@id\":\"https:\\\/\\\/sublimationsoinsexperts.com\\\/index.php\\\/product\\\/bandes-de-gaze-extensibles-evocare-10-cm-x-4-m\\\/#breadcrumb\",\"itemListElement\":[{\"@type\":\"ListItem\",\"position\":1,\"name\":\"Accueil\",\"item\":\"https:\\\/\\\/sublimationsoinsexperts.com\\\/\"},{\"@type\":\"ListItem\",\"position\":2,\"name\":\"Shop\",\"item\":\"https:\\\/\\\/sublimationsoinsexperts.com\\\/index.php\\\/shop\\\/\"},{\"@type\":\"ListItem\",\"position\":3,\"name\":\"Bandes de gaze extensibles EVOCARE (10 cm x 4 m)\"}]},{\"@type\":\"WebSite\",\"@id\":\"https:\\\/\\\/sublimationsoinsexperts.com\\\/#website\",\"url\":\"https:\\\/\\\/sublimationsoinsexperts.com\\\/\",\"name\":\"Sublimation soins experts\",\"description\":\"\",\"potentialAction\":[{\"@type\":\"SearchAction\",\"target\":{\"@type\":\"EntryPoint\",\"urlTemplate\":\"https:\\\/\\\/sublimationsoinsexperts.com\\\/?s={search_term_string}\"},\"query-input\":{\"@type\":\"PropertyValueSpecification\",\"valueRequired\":true,\"valueName\":\"search_term_string\"}}],\"inLanguage\":\"fr-FR\"}]}<\/script>\n<!-- \/ Yoast SEO plugin. -->","yoast_head_json":{"title":"Bandes de gaze extensibles EVOCARE (10 cm x 4 m) - Sublimation soins experts","robots":{"index":"index","follow":"follow","max-snippet":"max-snippet:-1","max-image-preview":"max-image-preview:large","max-video-preview":"max-video-preview:-1"},"canonical":"https:\/\/sublimationsoinsexperts.com\/index.php\/product\/bandes-de-gaze-extensibles-evocare-10-cm-x-4-m\/","og_locale":"fr_FR","og_type":"article","og_title":"Bandes de gaze extensibles EVOCARE (10 cm x 4 m) - Sublimation soins experts","og_description":"Bo\u00eete de 20 &nbsp; \u2022 Bande de viscose ourl\u00e9e qui doit son excellente \u00e9lasticit\u00e9 en longueur \u00e0 l\u2019utilisation de fils de polyamide et de viscose. \u2022 Emballage individuel sous cello. \u2022 Non st\u00e9rile. &nbsp; REF GOHY S526.309","og_url":"https:\/\/sublimationsoinsexperts.com\/index.php\/product\/bandes-de-gaze-extensibles-evocare-10-cm-x-4-m\/","og_site_name":"Sublimation soins experts","article_modified_time":"2024-04-22T16:02:28+00:00","og_image":[{"width":500,"height":375,"url":"http:\/\/sublimationsoinsexperts.com\/wp-content\/uploads\/2024\/04\/bande-gaz-10cm-x-4-m.webp","type":"image\/webp"}],"twitter_card":"summary_large_image","twitter_misc":{"Dur\u00e9e de lecture estim\u00e9e":"1 minute"},"schema":{"@context":"https:\/\/schema.org","@graph":[{"@type":"WebPage","@id":"https:\/\/sublimationsoinsexperts.com\/index.php\/product\/bandes-de-gaze-extensibles-evocare-10-cm-x-4-m\/","url":"https:\/\/sublimationsoinsexperts.com\/index.php\/product\/bandes-de-gaze-extensibles-evocare-10-cm-x-4-m\/","name":"Bandes de gaze extensibles EVOCARE (10 cm x 4 m) - Sublimation soins experts","isPartOf":{"@id":"https:\/\/sublimationsoinsexperts.com\/#website"},"primaryImageOfPage":{"@id":"https:\/\/sublimationsoinsexperts.com\/index.php\/product\/bandes-de-gaze-extensibles-evocare-10-cm-x-4-m\/#primaryimage"},"image":{"@id":"https:\/\/sublimationsoinsexperts.com\/index.php\/product\/bandes-de-gaze-extensibles-evocare-10-cm-x-4-m\/#primaryimage"},"thumbnailUrl":"https:\/\/sublimationsoinsexperts.com\/wp-content\/uploads\/2024\/04\/bande-gaz-10cm-x-4-m.webp","datePublished":"2024-04-17T17:55:16+00:00","dateModified":"2024-04-22T16:02:28+00:00","breadcrumb":{"@id":"https:\/\/sublimationsoinsexperts.com\/index.php\/product\/bandes-de-gaze-extensibles-evocare-10-cm-x-4-m\/#breadcrumb"},"inLanguage":"fr-FR","potentialAction":[{"@type":"ReadAction","target":["https:\/\/sublimationsoinsexperts.com\/index.php\/product\/bandes-de-gaze-extensibles-evocare-10-cm-x-4-m\/"]}]},{"@type":"ImageObject","inLanguage":"fr-FR","@id":"https:\/\/sublimationsoinsexperts.com\/index.php\/product\/bandes-de-gaze-extensibles-evocare-10-cm-x-4-m\/#primaryimage","url":"https:\/\/sublimationsoinsexperts.com\/wp-content\/uploads\/2024\/04\/bande-gaz-10cm-x-4-m.webp","contentUrl":"https:\/\/sublimationsoinsexperts.com\/wp-content\/uploads\/2024\/04\/bande-gaz-10cm-x-4-m.webp","width":500,"height":375},{"@type":"BreadcrumbList","@id":"https:\/\/sublimationsoinsexperts.com\/index.php\/product\/bandes-de-gaze-extensibles-evocare-10-cm-x-4-m\/#breadcrumb","itemListElement":[{"@type":"ListItem","position":1,"name":"Accueil","item":"https:\/\/sublimationsoinsexperts.com\/"},{"@type":"ListItem","position":2,"name":"Shop","item":"https:\/\/sublimationsoinsexperts.com\/index.php\/shop\/"},{"@type":"ListItem","position":3,"name":"Bandes de gaze extensibles EVOCARE (10 cm x 4 m)"}]},{"@type":"WebSite","@id":"https:\/\/sublimationsoinsexperts.com\/#website","url":"https:\/\/sublimationsoinsexperts.com\/","name":"Sublimation soins experts","description":"","potentialAction":[{"@type":"SearchAction","target":{"@type":"EntryPoint","urlTemplate":"https:\/\/sublimationsoinsexperts.com\/?s={search_term_string}"},"query-input":{"@type":"PropertyValueSpecification","valueRequired":true,"valueName":"search_term_string"}}],"inLanguage":"fr-FR"}]}},"_links":{"self":[{"href":"https:\/\/sublimationsoinsexperts.com\/index.php\/wp-json\/wp\/v2\/product\/3119","targetHints":{"allow":["GET"]}}],"collection":[{"href":"https:\/\/sublimationsoinsexperts.com\/index.php\/wp-json\/wp\/v2\/product"}],"about":[{"href":"https:\/\/sublimationsoinsexperts.com\/index.php\/wp-json\/wp\/v2\/types\/product"}],"replies":[{"embeddable":true,"href":"https:\/\/sublimationsoinsexperts.com\/index.php\/wp-json\/wp\/v2\/comments?post=3119"}],"wp:featuredmedia":[{"embeddable":true,"href":"https:\/\/sublimationsoinsexperts.com\/index.php\/wp-json\/wp\/v2\/media\/3120"}],"wp:attachment":[{"href":"https:\/\/sublimationsoinsexperts.com\/index.php\/wp-json\/wp\/v2\/media?parent=3119"}],"wp:term":[{"taxonomy":"product_brand","embeddable":true,"href":"https:\/\/sublimationsoinsexperts.com\/index.php\/wp-json\/wp\/v2\/product_brand?post=3119"},{"taxonomy":"product_cat","embeddable":true,"href":"https:\/\/sublimationsoinsexperts.com\/index.php\/wp-json\/wp\/v2\/product_cat?post=3119"},{"taxonomy":"product_tag","embeddable":true,"href":"https:\/\/sublimationsoinsexperts.com\/index.php\/wp-json\/wp\/v2\/product_tag?post=3119"}],"curies":[{"name":"wp","href":"https:\/\/api.w.org\/{rel}","templated":true}]}}