{"id":3140,"date":"2024-04-17T23:25:59","date_gmt":"2024-04-17T22:25:59","guid":{"rendered":"https:\/\/sublimationsoinsexperts.com\/?post_type=product&#038;p=3140"},"modified":"2024-04-22T17:02:28","modified_gmt":"2024-04-22T16:02:28","slug":"bande-contention-elast-cohesive-75-cm-x-45m","status":"publish","type":"product","link":"https:\/\/sublimationsoinsexperts.com\/index.php\/product\/bande-contention-elast-cohesive-75-cm-x-45m\/","title":{"rendered":"BANDE CONTENTION ELAST. COHESIVE 7,5 CM X 4,5M"},"content":{"rendered":"<p class=\"mds-font_paragraph MMM--gapBottom\">La bande de contention coh\u00e9sive \u00e9lastique a pour r\u00f4le d&rsquo;exercer\u00a0 le maintien des membres inf\u00e9rieurs.<\/p>\n<p class=\"mds-font_paragraph\">Elle est pr\u00e9sentes plusieurs indications:\u00a0 phl\u00e9bologie, elle permet une compression des membres ainsi elle favorise la circulation veineuse, ou pour tout traumatisme articulaire (entorse&#8230;) et musculaire (tendinite, &#8230;).<\/p>\n<p>&nbsp;<\/p>\n<p>REF GOHY S522.360<\/p>\n","protected":false},"excerpt":{"rendered":"<p>La bande de contention coh\u00e9sive \u00e9lastique a pour r\u00f4le d&rsquo;exercer\u00a0 le maintien des membres inf\u00e9rieurs. Elle est pr\u00e9sentes plusieurs indications:\u00a0 phl\u00e9bologie, elle permet une compression des membres ainsi elle favorise la circulation veineuse, ou pour tout traumatisme articulaire (entorse&#8230;) et musculaire (tendinite, &#8230;). &nbsp; REF GOHY S522.360<\/p>\n","protected":false},"featured_media":3082,"comment_status":"open","ping_status":"closed","template":"","meta":[],"product_brand":[],"product_cat":[151,155,40,17],"product_tag":[],"class_list":{"0":"post-3140","1":"product","2":"type-product","3":"status-publish","4":"has-post-thumbnail","6":"product_cat-bandages","7":"product_cat-bande-de-contention","8":"product_cat-gestion-de-la-plaie","9":"product_cat-soin","11":"first","12":"instock","13":"shipping-taxable","14":"purchasable","15":"product-type-simple"},"yoast_head":"<!-- This site is optimized with the Yoast SEO plugin v27.3 - https:\/\/yoast.com\/product\/yoast-seo-wordpress\/ -->\n<title>BANDE CONTENTION ELAST. COHESIVE 7,5 CM X 4,5M - Sublimation soins experts<\/title>\n<meta name=\"robots\" content=\"index, follow, max-snippet:-1, max-image-preview:large, max-video-preview:-1\" \/>\n<link rel=\"canonical\" href=\"https:\/\/sublimationsoinsexperts.com\/index.php\/product\/bande-contention-elast-cohesive-75-cm-x-45m\/\" \/>\n<meta property=\"og:locale\" content=\"fr_FR\" \/>\n<meta property=\"og:type\" content=\"article\" \/>\n<meta property=\"og:title\" content=\"BANDE CONTENTION ELAST. COHESIVE 7,5 CM X 4,5M - Sublimation soins experts\" \/>\n<meta property=\"og:description\" content=\"La bande de contention coh\u00e9sive \u00e9lastique a pour r\u00f4le d&rsquo;exercer\u00a0 le maintien des membres inf\u00e9rieurs. Elle est pr\u00e9sentes plusieurs indications:\u00a0 phl\u00e9bologie, elle permet une compression des membres ainsi elle favorise la circulation veineuse, ou pour tout traumatisme articulaire (entorse&#8230;) et musculaire (tendinite, &#8230;). &nbsp; REF GOHY S522.360\" \/>\n<meta property=\"og:url\" content=\"https:\/\/sublimationsoinsexperts.com\/index.php\/product\/bande-contention-elast-cohesive-75-cm-x-45m\/\" \/>\n<meta property=\"og:site_name\" content=\"Sublimation soins experts\" \/>\n<meta property=\"article:modified_time\" content=\"2024-04-22T16:02:28+00:00\" \/>\n<meta property=\"og:image\" content=\"http:\/\/sublimationsoinsexperts.com\/wp-content\/uploads\/2024\/04\/S522.360_bande-de-contention.jpg\" \/>\n\t<meta property=\"og:image:width\" content=\"400\" \/>\n\t<meta property=\"og:image:height\" content=\"400\" \/>\n\t<meta property=\"og:image:type\" content=\"image\/jpeg\" \/>\n<meta name=\"twitter:card\" content=\"summary_large_image\" \/>\n<meta name=\"twitter:label1\" content=\"Dur\u00e9e de lecture estim\u00e9e\" \/>\n\t<meta name=\"twitter:data1\" content=\"1 minute\" \/>\n<script type=\"application\/ld+json\" class=\"yoast-schema-graph\">{\"@context\":\"https:\\\/\\\/schema.org\",\"@graph\":[{\"@type\":\"WebPage\",\"@id\":\"https:\\\/\\\/sublimationsoinsexperts.com\\\/index.php\\\/product\\\/bande-contention-elast-cohesive-75-cm-x-45m\\\/\",\"url\":\"https:\\\/\\\/sublimationsoinsexperts.com\\\/index.php\\\/product\\\/bande-contention-elast-cohesive-75-cm-x-45m\\\/\",\"name\":\"BANDE CONTENTION ELAST. COHESIVE 7,5 CM X 4,5M - Sublimation soins experts\",\"isPartOf\":{\"@id\":\"https:\\\/\\\/sublimationsoinsexperts.com\\\/#website\"},\"primaryImageOfPage\":{\"@id\":\"https:\\\/\\\/sublimationsoinsexperts.com\\\/index.php\\\/product\\\/bande-contention-elast-cohesive-75-cm-x-45m\\\/#primaryimage\"},\"image\":{\"@id\":\"https:\\\/\\\/sublimationsoinsexperts.com\\\/index.php\\\/product\\\/bande-contention-elast-cohesive-75-cm-x-45m\\\/#primaryimage\"},\"thumbnailUrl\":\"https:\\\/\\\/sublimationsoinsexperts.com\\\/wp-content\\\/uploads\\\/2024\\\/04\\\/S522.360_bande-de-contention.jpg\",\"datePublished\":\"2024-04-17T22:25:59+00:00\",\"dateModified\":\"2024-04-22T16:02:28+00:00\",\"breadcrumb\":{\"@id\":\"https:\\\/\\\/sublimationsoinsexperts.com\\\/index.php\\\/product\\\/bande-contention-elast-cohesive-75-cm-x-45m\\\/#breadcrumb\"},\"inLanguage\":\"fr-FR\",\"potentialAction\":[{\"@type\":\"ReadAction\",\"target\":[\"https:\\\/\\\/sublimationsoinsexperts.com\\\/index.php\\\/product\\\/bande-contention-elast-cohesive-75-cm-x-45m\\\/\"]}]},{\"@type\":\"ImageObject\",\"inLanguage\":\"fr-FR\",\"@id\":\"https:\\\/\\\/sublimationsoinsexperts.com\\\/index.php\\\/product\\\/bande-contention-elast-cohesive-75-cm-x-45m\\\/#primaryimage\",\"url\":\"https:\\\/\\\/sublimationsoinsexperts.com\\\/wp-content\\\/uploads\\\/2024\\\/04\\\/S522.360_bande-de-contention.jpg\",\"contentUrl\":\"https:\\\/\\\/sublimationsoinsexperts.com\\\/wp-content\\\/uploads\\\/2024\\\/04\\\/S522.360_bande-de-contention.jpg\",\"width\":400,\"height\":400},{\"@type\":\"BreadcrumbList\",\"@id\":\"https:\\\/\\\/sublimationsoinsexperts.com\\\/index.php\\\/product\\\/bande-contention-elast-cohesive-75-cm-x-45m\\\/#breadcrumb\",\"itemListElement\":[{\"@type\":\"ListItem\",\"position\":1,\"name\":\"Accueil\",\"item\":\"https:\\\/\\\/sublimationsoinsexperts.com\\\/\"},{\"@type\":\"ListItem\",\"position\":2,\"name\":\"Shop\",\"item\":\"https:\\\/\\\/sublimationsoinsexperts.com\\\/index.php\\\/shop\\\/\"},{\"@type\":\"ListItem\",\"position\":3,\"name\":\"BANDE CONTENTION ELAST. COHESIVE 7,5 CM X 4,5M\"}]},{\"@type\":\"WebSite\",\"@id\":\"https:\\\/\\\/sublimationsoinsexperts.com\\\/#website\",\"url\":\"https:\\\/\\\/sublimationsoinsexperts.com\\\/\",\"name\":\"Sublimation soins experts\",\"description\":\"\",\"potentialAction\":[{\"@type\":\"SearchAction\",\"target\":{\"@type\":\"EntryPoint\",\"urlTemplate\":\"https:\\\/\\\/sublimationsoinsexperts.com\\\/?s={search_term_string}\"},\"query-input\":{\"@type\":\"PropertyValueSpecification\",\"valueRequired\":true,\"valueName\":\"search_term_string\"}}],\"inLanguage\":\"fr-FR\"}]}<\/script>\n<!-- \/ Yoast SEO plugin. -->","yoast_head_json":{"title":"BANDE CONTENTION ELAST. COHESIVE 7,5 CM X 4,5M - Sublimation soins experts","robots":{"index":"index","follow":"follow","max-snippet":"max-snippet:-1","max-image-preview":"max-image-preview:large","max-video-preview":"max-video-preview:-1"},"canonical":"https:\/\/sublimationsoinsexperts.com\/index.php\/product\/bande-contention-elast-cohesive-75-cm-x-45m\/","og_locale":"fr_FR","og_type":"article","og_title":"BANDE CONTENTION ELAST. COHESIVE 7,5 CM X 4,5M - Sublimation soins experts","og_description":"La bande de contention coh\u00e9sive \u00e9lastique a pour r\u00f4le d&rsquo;exercer\u00a0 le maintien des membres inf\u00e9rieurs. Elle est pr\u00e9sentes plusieurs indications:\u00a0 phl\u00e9bologie, elle permet une compression des membres ainsi elle favorise la circulation veineuse, ou pour tout traumatisme articulaire (entorse&#8230;) et musculaire (tendinite, &#8230;). &nbsp; REF GOHY S522.360","og_url":"https:\/\/sublimationsoinsexperts.com\/index.php\/product\/bande-contention-elast-cohesive-75-cm-x-45m\/","og_site_name":"Sublimation soins experts","article_modified_time":"2024-04-22T16:02:28+00:00","og_image":[{"width":400,"height":400,"url":"http:\/\/sublimationsoinsexperts.com\/wp-content\/uploads\/2024\/04\/S522.360_bande-de-contention.jpg","type":"image\/jpeg"}],"twitter_card":"summary_large_image","twitter_misc":{"Dur\u00e9e de lecture estim\u00e9e":"1 minute"},"schema":{"@context":"https:\/\/schema.org","@graph":[{"@type":"WebPage","@id":"https:\/\/sublimationsoinsexperts.com\/index.php\/product\/bande-contention-elast-cohesive-75-cm-x-45m\/","url":"https:\/\/sublimationsoinsexperts.com\/index.php\/product\/bande-contention-elast-cohesive-75-cm-x-45m\/","name":"BANDE CONTENTION ELAST. COHESIVE 7,5 CM X 4,5M - Sublimation soins experts","isPartOf":{"@id":"https:\/\/sublimationsoinsexperts.com\/#website"},"primaryImageOfPage":{"@id":"https:\/\/sublimationsoinsexperts.com\/index.php\/product\/bande-contention-elast-cohesive-75-cm-x-45m\/#primaryimage"},"image":{"@id":"https:\/\/sublimationsoinsexperts.com\/index.php\/product\/bande-contention-elast-cohesive-75-cm-x-45m\/#primaryimage"},"thumbnailUrl":"https:\/\/sublimationsoinsexperts.com\/wp-content\/uploads\/2024\/04\/S522.360_bande-de-contention.jpg","datePublished":"2024-04-17T22:25:59+00:00","dateModified":"2024-04-22T16:02:28+00:00","breadcrumb":{"@id":"https:\/\/sublimationsoinsexperts.com\/index.php\/product\/bande-contention-elast-cohesive-75-cm-x-45m\/#breadcrumb"},"inLanguage":"fr-FR","potentialAction":[{"@type":"ReadAction","target":["https:\/\/sublimationsoinsexperts.com\/index.php\/product\/bande-contention-elast-cohesive-75-cm-x-45m\/"]}]},{"@type":"ImageObject","inLanguage":"fr-FR","@id":"https:\/\/sublimationsoinsexperts.com\/index.php\/product\/bande-contention-elast-cohesive-75-cm-x-45m\/#primaryimage","url":"https:\/\/sublimationsoinsexperts.com\/wp-content\/uploads\/2024\/04\/S522.360_bande-de-contention.jpg","contentUrl":"https:\/\/sublimationsoinsexperts.com\/wp-content\/uploads\/2024\/04\/S522.360_bande-de-contention.jpg","width":400,"height":400},{"@type":"BreadcrumbList","@id":"https:\/\/sublimationsoinsexperts.com\/index.php\/product\/bande-contention-elast-cohesive-75-cm-x-45m\/#breadcrumb","itemListElement":[{"@type":"ListItem","position":1,"name":"Accueil","item":"https:\/\/sublimationsoinsexperts.com\/"},{"@type":"ListItem","position":2,"name":"Shop","item":"https:\/\/sublimationsoinsexperts.com\/index.php\/shop\/"},{"@type":"ListItem","position":3,"name":"BANDE CONTENTION ELAST. COHESIVE 7,5 CM X 4,5M"}]},{"@type":"WebSite","@id":"https:\/\/sublimationsoinsexperts.com\/#website","url":"https:\/\/sublimationsoinsexperts.com\/","name":"Sublimation soins experts","description":"","potentialAction":[{"@type":"SearchAction","target":{"@type":"EntryPoint","urlTemplate":"https:\/\/sublimationsoinsexperts.com\/?s={search_term_string}"},"query-input":{"@type":"PropertyValueSpecification","valueRequired":true,"valueName":"search_term_string"}}],"inLanguage":"fr-FR"}]}},"_links":{"self":[{"href":"https:\/\/sublimationsoinsexperts.com\/index.php\/wp-json\/wp\/v2\/product\/3140","targetHints":{"allow":["GET"]}}],"collection":[{"href":"https:\/\/sublimationsoinsexperts.com\/index.php\/wp-json\/wp\/v2\/product"}],"about":[{"href":"https:\/\/sublimationsoinsexperts.com\/index.php\/wp-json\/wp\/v2\/types\/product"}],"replies":[{"embeddable":true,"href":"https:\/\/sublimationsoinsexperts.com\/index.php\/wp-json\/wp\/v2\/comments?post=3140"}],"wp:featuredmedia":[{"embeddable":true,"href":"https:\/\/sublimationsoinsexperts.com\/index.php\/wp-json\/wp\/v2\/media\/3082"}],"wp:attachment":[{"href":"https:\/\/sublimationsoinsexperts.com\/index.php\/wp-json\/wp\/v2\/media?parent=3140"}],"wp:term":[{"taxonomy":"product_brand","embeddable":true,"href":"https:\/\/sublimationsoinsexperts.com\/index.php\/wp-json\/wp\/v2\/product_brand?post=3140"},{"taxonomy":"product_cat","embeddable":true,"href":"https:\/\/sublimationsoinsexperts.com\/index.php\/wp-json\/wp\/v2\/product_cat?post=3140"},{"taxonomy":"product_tag","embeddable":true,"href":"https:\/\/sublimationsoinsexperts.com\/index.php\/wp-json\/wp\/v2\/product_tag?post=3140"}],"curies":[{"name":"wp","href":"https:\/\/api.w.org\/{rel}","templated":true}]}}