{"id":3226,"date":"2024-04-29T00:13:17","date_gmt":"2024-04-28T23:13:17","guid":{"rendered":"https:\/\/sublimationsoinsexperts.com\/?post_type=product&#038;p=3226"},"modified":"2024-04-29T00:13:17","modified_gmt":"2024-04-28T23:13:17","slug":"abaisse-langue-en-bois-boite-de-100","status":"publish","type":"product","link":"https:\/\/sublimationsoinsexperts.com\/index.php\/product\/abaisse-langue-en-bois-boite-de-100\/","title":{"rendered":"Abaisse-langue, en bois. Bo\u00eete de 100"},"content":{"rendered":"<p>\u2022 Non st\u00e9rile \u00e0 usage unique.<br \/>\n\u2022 En bois naturel non trait\u00e9 pour adulte, sans \u00e9chardes.<br \/>\n\u2022 Mati\u00e8re : bois de bouleaux surfac\u00e9 et \u00e9corc\u00e9, d\u00e9bit\u00e9 selon dimensions et poli au tambour.<br \/>\n\u2022 Couleur naturelle, sans odeur et sans go\u00fbt.<br \/>\n\u2022 Dispositif pour examen m\u00e9dical. Instrument en forme de b\u00e2tonnet d&rsquo;esquimau servant \u00e0 abaisser la base de la langue pour l&rsquo;examen de la gorge de l&rsquo;adulte<br \/>\n\u2022 Dimensions produit :150x14x1,6 mm<br \/>\n\u2022 Conditionnement: Boite de 100<\/p>\n<p>&nbsp;<\/p>\n<p>REF S650.009<\/p>\n","protected":false},"excerpt":{"rendered":"<p>\u2022 Non st\u00e9rile \u00e0 usage unique. \u2022 En bois naturel non trait\u00e9 pour adulte, sans \u00e9chardes. \u2022 Mati\u00e8re : bois de bouleaux surfac\u00e9 et \u00e9corc\u00e9, d\u00e9bit\u00e9 selon dimensions et poli au tambour. \u2022 Couleur naturelle, sans odeur et sans go\u00fbt. \u2022 Dispositif pour examen m\u00e9dical. Instrument en forme de b\u00e2tonnet d&rsquo;esquimau servant \u00e0 abaisser la [&hellip;]<\/p>\n","protected":false},"featured_media":3227,"comment_status":"open","ping_status":"closed","template":"","meta":[],"product_brand":[],"product_cat":[160,42,159],"product_tag":[],"class_list":{"0":"post-3226","1":"product","2":"type-product","3":"status-publish","4":"has-post-thumbnail","6":"product_cat-materiel-d-examen","7":"product_cat-materiel-medical","8":"product_cat-materiel-pour-le-cabinet","10":"first","11":"instock","12":"shipping-taxable","13":"purchasable","14":"product-type-simple"},"yoast_head":"<!-- This site is optimized with the Yoast SEO plugin v27.5 - https:\/\/yoast.com\/product\/yoast-seo-wordpress\/ -->\n<title>Abaisse-langue, en bois. Bo\u00eete de 100 - Sublimation soins experts<\/title>\n<meta name=\"robots\" content=\"index, follow, max-snippet:-1, max-image-preview:large, max-video-preview:-1\" \/>\n<link rel=\"canonical\" href=\"https:\/\/sublimationsoinsexperts.com\/index.php\/product\/abaisse-langue-en-bois-boite-de-100\/\" \/>\n<meta property=\"og:locale\" content=\"fr_FR\" \/>\n<meta property=\"og:type\" content=\"article\" \/>\n<meta property=\"og:title\" content=\"Abaisse-langue, en bois. Bo\u00eete de 100 - Sublimation soins experts\" \/>\n<meta property=\"og:description\" content=\"\u2022 Non st\u00e9rile \u00e0 usage unique. \u2022 En bois naturel non trait\u00e9 pour adulte, sans \u00e9chardes. \u2022 Mati\u00e8re : bois de bouleaux surfac\u00e9 et \u00e9corc\u00e9, d\u00e9bit\u00e9 selon dimensions et poli au tambour. \u2022 Couleur naturelle, sans odeur et sans go\u00fbt. \u2022 Dispositif pour examen m\u00e9dical. Instrument en forme de b\u00e2tonnet d&rsquo;esquimau servant \u00e0 abaisser la [&hellip;]\" \/>\n<meta property=\"og:url\" content=\"https:\/\/sublimationsoinsexperts.com\/index.php\/product\/abaisse-langue-en-bois-boite-de-100\/\" \/>\n<meta property=\"og:site_name\" content=\"Sublimation soins experts\" \/>\n<meta property=\"og:image\" content=\"http:\/\/sublimationsoinsexperts.com\/wp-content\/uploads\/2024\/04\/S650.009_1-Abaisse-langue-en-bois.-BOITE-DE-100.jpg\" \/>\n\t<meta property=\"og:image:width\" content=\"400\" \/>\n\t<meta property=\"og:image:height\" content=\"300\" \/>\n\t<meta property=\"og:image:type\" content=\"image\/jpeg\" \/>\n<meta name=\"twitter:card\" content=\"summary_large_image\" \/>\n<meta name=\"twitter:label1\" content=\"Dur\u00e9e de lecture estim\u00e9e\" \/>\n\t<meta name=\"twitter:data1\" content=\"1 minute\" \/>\n<script type=\"application\/ld+json\" class=\"yoast-schema-graph\">{\"@context\":\"https:\\\/\\\/schema.org\",\"@graph\":[{\"@type\":\"WebPage\",\"@id\":\"https:\\\/\\\/sublimationsoinsexperts.com\\\/index.php\\\/product\\\/abaisse-langue-en-bois-boite-de-100\\\/\",\"url\":\"https:\\\/\\\/sublimationsoinsexperts.com\\\/index.php\\\/product\\\/abaisse-langue-en-bois-boite-de-100\\\/\",\"name\":\"Abaisse-langue, en bois. Bo\u00eete de 100 - Sublimation soins experts\",\"isPartOf\":{\"@id\":\"https:\\\/\\\/sublimationsoinsexperts.com\\\/#website\"},\"primaryImageOfPage\":{\"@id\":\"https:\\\/\\\/sublimationsoinsexperts.com\\\/index.php\\\/product\\\/abaisse-langue-en-bois-boite-de-100\\\/#primaryimage\"},\"image\":{\"@id\":\"https:\\\/\\\/sublimationsoinsexperts.com\\\/index.php\\\/product\\\/abaisse-langue-en-bois-boite-de-100\\\/#primaryimage\"},\"thumbnailUrl\":\"https:\\\/\\\/sublimationsoinsexperts.com\\\/wp-content\\\/uploads\\\/2024\\\/04\\\/S650.009_1-Abaisse-langue-en-bois.-BOITE-DE-100.jpg\",\"datePublished\":\"2024-04-28T23:13:17+00:00\",\"breadcrumb\":{\"@id\":\"https:\\\/\\\/sublimationsoinsexperts.com\\\/index.php\\\/product\\\/abaisse-langue-en-bois-boite-de-100\\\/#breadcrumb\"},\"inLanguage\":\"fr-FR\",\"potentialAction\":[{\"@type\":\"ReadAction\",\"target\":[\"https:\\\/\\\/sublimationsoinsexperts.com\\\/index.php\\\/product\\\/abaisse-langue-en-bois-boite-de-100\\\/\"]}]},{\"@type\":\"ImageObject\",\"inLanguage\":\"fr-FR\",\"@id\":\"https:\\\/\\\/sublimationsoinsexperts.com\\\/index.php\\\/product\\\/abaisse-langue-en-bois-boite-de-100\\\/#primaryimage\",\"url\":\"https:\\\/\\\/sublimationsoinsexperts.com\\\/wp-content\\\/uploads\\\/2024\\\/04\\\/S650.009_1-Abaisse-langue-en-bois.-BOITE-DE-100.jpg\",\"contentUrl\":\"https:\\\/\\\/sublimationsoinsexperts.com\\\/wp-content\\\/uploads\\\/2024\\\/04\\\/S650.009_1-Abaisse-langue-en-bois.-BOITE-DE-100.jpg\",\"width\":400,\"height\":300},{\"@type\":\"BreadcrumbList\",\"@id\":\"https:\\\/\\\/sublimationsoinsexperts.com\\\/index.php\\\/product\\\/abaisse-langue-en-bois-boite-de-100\\\/#breadcrumb\",\"itemListElement\":[{\"@type\":\"ListItem\",\"position\":1,\"name\":\"Accueil\",\"item\":\"https:\\\/\\\/sublimationsoinsexperts.com\\\/\"},{\"@type\":\"ListItem\",\"position\":2,\"name\":\"Shop\",\"item\":\"https:\\\/\\\/sublimationsoinsexperts.com\\\/index.php\\\/shop\\\/\"},{\"@type\":\"ListItem\",\"position\":3,\"name\":\"Abaisse-langue, en bois. Bo\u00eete de 100\"}]},{\"@type\":\"WebSite\",\"@id\":\"https:\\\/\\\/sublimationsoinsexperts.com\\\/#website\",\"url\":\"https:\\\/\\\/sublimationsoinsexperts.com\\\/\",\"name\":\"Sublimation soins experts\",\"description\":\"\",\"potentialAction\":[{\"@type\":\"SearchAction\",\"target\":{\"@type\":\"EntryPoint\",\"urlTemplate\":\"https:\\\/\\\/sublimationsoinsexperts.com\\\/?s={search_term_string}\"},\"query-input\":{\"@type\":\"PropertyValueSpecification\",\"valueRequired\":true,\"valueName\":\"search_term_string\"}}],\"inLanguage\":\"fr-FR\"}]}<\/script>\n<!-- \/ Yoast SEO plugin. -->","yoast_head_json":{"title":"Abaisse-langue, en bois. Bo\u00eete de 100 - Sublimation soins experts","robots":{"index":"index","follow":"follow","max-snippet":"max-snippet:-1","max-image-preview":"max-image-preview:large","max-video-preview":"max-video-preview:-1"},"canonical":"https:\/\/sublimationsoinsexperts.com\/index.php\/product\/abaisse-langue-en-bois-boite-de-100\/","og_locale":"fr_FR","og_type":"article","og_title":"Abaisse-langue, en bois. Bo\u00eete de 100 - Sublimation soins experts","og_description":"\u2022 Non st\u00e9rile \u00e0 usage unique. \u2022 En bois naturel non trait\u00e9 pour adulte, sans \u00e9chardes. \u2022 Mati\u00e8re : bois de bouleaux surfac\u00e9 et \u00e9corc\u00e9, d\u00e9bit\u00e9 selon dimensions et poli au tambour. \u2022 Couleur naturelle, sans odeur et sans go\u00fbt. \u2022 Dispositif pour examen m\u00e9dical. Instrument en forme de b\u00e2tonnet d&rsquo;esquimau servant \u00e0 abaisser la [&hellip;]","og_url":"https:\/\/sublimationsoinsexperts.com\/index.php\/product\/abaisse-langue-en-bois-boite-de-100\/","og_site_name":"Sublimation soins experts","og_image":[{"width":400,"height":300,"url":"http:\/\/sublimationsoinsexperts.com\/wp-content\/uploads\/2024\/04\/S650.009_1-Abaisse-langue-en-bois.-BOITE-DE-100.jpg","type":"image\/jpeg"}],"twitter_card":"summary_large_image","twitter_misc":{"Dur\u00e9e de lecture estim\u00e9e":"1 minute"},"schema":{"@context":"https:\/\/schema.org","@graph":[{"@type":"WebPage","@id":"https:\/\/sublimationsoinsexperts.com\/index.php\/product\/abaisse-langue-en-bois-boite-de-100\/","url":"https:\/\/sublimationsoinsexperts.com\/index.php\/product\/abaisse-langue-en-bois-boite-de-100\/","name":"Abaisse-langue, en bois. Bo\u00eete de 100 - Sublimation soins experts","isPartOf":{"@id":"https:\/\/sublimationsoinsexperts.com\/#website"},"primaryImageOfPage":{"@id":"https:\/\/sublimationsoinsexperts.com\/index.php\/product\/abaisse-langue-en-bois-boite-de-100\/#primaryimage"},"image":{"@id":"https:\/\/sublimationsoinsexperts.com\/index.php\/product\/abaisse-langue-en-bois-boite-de-100\/#primaryimage"},"thumbnailUrl":"https:\/\/sublimationsoinsexperts.com\/wp-content\/uploads\/2024\/04\/S650.009_1-Abaisse-langue-en-bois.-BOITE-DE-100.jpg","datePublished":"2024-04-28T23:13:17+00:00","breadcrumb":{"@id":"https:\/\/sublimationsoinsexperts.com\/index.php\/product\/abaisse-langue-en-bois-boite-de-100\/#breadcrumb"},"inLanguage":"fr-FR","potentialAction":[{"@type":"ReadAction","target":["https:\/\/sublimationsoinsexperts.com\/index.php\/product\/abaisse-langue-en-bois-boite-de-100\/"]}]},{"@type":"ImageObject","inLanguage":"fr-FR","@id":"https:\/\/sublimationsoinsexperts.com\/index.php\/product\/abaisse-langue-en-bois-boite-de-100\/#primaryimage","url":"https:\/\/sublimationsoinsexperts.com\/wp-content\/uploads\/2024\/04\/S650.009_1-Abaisse-langue-en-bois.-BOITE-DE-100.jpg","contentUrl":"https:\/\/sublimationsoinsexperts.com\/wp-content\/uploads\/2024\/04\/S650.009_1-Abaisse-langue-en-bois.-BOITE-DE-100.jpg","width":400,"height":300},{"@type":"BreadcrumbList","@id":"https:\/\/sublimationsoinsexperts.com\/index.php\/product\/abaisse-langue-en-bois-boite-de-100\/#breadcrumb","itemListElement":[{"@type":"ListItem","position":1,"name":"Accueil","item":"https:\/\/sublimationsoinsexperts.com\/"},{"@type":"ListItem","position":2,"name":"Shop","item":"https:\/\/sublimationsoinsexperts.com\/index.php\/shop\/"},{"@type":"ListItem","position":3,"name":"Abaisse-langue, en bois. Bo\u00eete de 100"}]},{"@type":"WebSite","@id":"https:\/\/sublimationsoinsexperts.com\/#website","url":"https:\/\/sublimationsoinsexperts.com\/","name":"Sublimation soins experts","description":"","potentialAction":[{"@type":"SearchAction","target":{"@type":"EntryPoint","urlTemplate":"https:\/\/sublimationsoinsexperts.com\/?s={search_term_string}"},"query-input":{"@type":"PropertyValueSpecification","valueRequired":true,"valueName":"search_term_string"}}],"inLanguage":"fr-FR"}]}},"_links":{"self":[{"href":"https:\/\/sublimationsoinsexperts.com\/index.php\/wp-json\/wp\/v2\/product\/3226","targetHints":{"allow":["GET"]}}],"collection":[{"href":"https:\/\/sublimationsoinsexperts.com\/index.php\/wp-json\/wp\/v2\/product"}],"about":[{"href":"https:\/\/sublimationsoinsexperts.com\/index.php\/wp-json\/wp\/v2\/types\/product"}],"replies":[{"embeddable":true,"href":"https:\/\/sublimationsoinsexperts.com\/index.php\/wp-json\/wp\/v2\/comments?post=3226"}],"wp:featuredmedia":[{"embeddable":true,"href":"https:\/\/sublimationsoinsexperts.com\/index.php\/wp-json\/wp\/v2\/media\/3227"}],"wp:attachment":[{"href":"https:\/\/sublimationsoinsexperts.com\/index.php\/wp-json\/wp\/v2\/media?parent=3226"}],"wp:term":[{"taxonomy":"product_brand","embeddable":true,"href":"https:\/\/sublimationsoinsexperts.com\/index.php\/wp-json\/wp\/v2\/product_brand?post=3226"},{"taxonomy":"product_cat","embeddable":true,"href":"https:\/\/sublimationsoinsexperts.com\/index.php\/wp-json\/wp\/v2\/product_cat?post=3226"},{"taxonomy":"product_tag","embeddable":true,"href":"https:\/\/sublimationsoinsexperts.com\/index.php\/wp-json\/wp\/v2\/product_tag?post=3226"}],"curies":[{"name":"wp","href":"https:\/\/api.w.org\/{rel}","templated":true}]}}