{"id":3254,"date":"2024-05-04T23:07:31","date_gmt":"2024-05-04T22:07:31","guid":{"rendered":"https:\/\/sublimationsoinsexperts.com\/?post_type=product&#038;p=3254"},"modified":"2025-06-02T10:34:54","modified_gmt":"2025-06-02T09:34:54","slug":"protege-poignet-elastique-orthopedic-3201","status":"publish","type":"product","link":"https:\/\/sublimationsoinsexperts.com\/index.php\/product\/protege-poignet-elastique-orthopedic-3201\/","title":{"rendered":"Prot\u00e8ge poignet \u00e9lastique &#8211; Orthopedic 3201"},"content":{"rendered":"<p>\u2022 Une orth\u00e8se en tricot assurant un maintien et une compression.<br \/>\n\u2022 Recommand\u00e9e lors de la pratique d&rsquo;une activit\u00e9 sportive ou la reprise<br \/>\napr\u00e8s blessure.<br \/>\n\u2022 Permet de soulager les douleurs et r\u00e9duire les tensions pour les poignets faibles<br \/>\nassurant une adaptation naturelle au poignet.<br \/>\n\u2022 Utilisation en cas de:<br \/>\n&#8211; Tendinite<br \/>\n&#8211; Une l\u00e9g\u00e8re t\u00e9nosynovite<br \/>\n\u2022 Mat\u00e9riaux:<br \/>\n&#8211; Tricot rectiligne dans le sens transversal, extensible en longueur, de contention classe 3, de confort au niveau du poignet<br \/>\n&#8211; Sangle de stabilisation pour renforcer s\u00e9lectivement la compression<\/p>\n","protected":false},"excerpt":{"rendered":"<p>\u2022 Une orth\u00e8se en tricot assurant un maintien et une compression. \u2022 Recommand\u00e9e lors de la pratique d&rsquo;une activit\u00e9 sportive ou la reprise apr\u00e8s blessure. \u2022 Permet de soulager les douleurs et r\u00e9duire les tensions pour les poignets faibles assurant une adaptation naturelle au poignet. \u2022 Utilisation en cas de: &#8211; Tendinite &#8211; Une l\u00e9g\u00e8re [&hellip;]<\/p>\n","protected":false},"featured_media":3253,"comment_status":"open","ping_status":"closed","template":"","meta":[],"product_brand":[],"product_cat":[111,162],"product_tag":[],"class_list":{"0":"post-3254","1":"product","2":"type-product","3":"status-publish","4":"has-post-thumbnail","6":"product_cat-orthopedie","7":"product_cat-protege-poignet","9":"first","10":"instock","11":"shipping-taxable","12":"purchasable","13":"product-type-variable"},"yoast_head":"<!-- This site is optimized with the Yoast SEO plugin v27.5 - https:\/\/yoast.com\/product\/yoast-seo-wordpress\/ -->\n<title>Prot\u00e8ge poignet \u00e9lastique &#8211; Orthopedic 3201 - Sublimation soins experts<\/title>\n<meta name=\"robots\" content=\"index, follow, max-snippet:-1, max-image-preview:large, max-video-preview:-1\" \/>\n<link rel=\"canonical\" href=\"https:\/\/sublimationsoinsexperts.com\/index.php\/product\/protege-poignet-elastique-orthopedic-3201\/\" \/>\n<meta property=\"og:locale\" content=\"fr_FR\" \/>\n<meta property=\"og:type\" content=\"article\" \/>\n<meta property=\"og:title\" content=\"Prot\u00e8ge poignet \u00e9lastique &#8211; Orthopedic 3201 - Sublimation soins experts\" \/>\n<meta property=\"og:description\" content=\"\u2022 Une orth\u00e8se en tricot assurant un maintien et une compression. \u2022 Recommand\u00e9e lors de la pratique d&rsquo;une activit\u00e9 sportive ou la reprise apr\u00e8s blessure. \u2022 Permet de soulager les douleurs et r\u00e9duire les tensions pour les poignets faibles assurant une adaptation naturelle au poignet. \u2022 Utilisation en cas de: &#8211; Tendinite &#8211; Une l\u00e9g\u00e8re [&hellip;]\" \/>\n<meta property=\"og:url\" content=\"https:\/\/sublimationsoinsexperts.com\/index.php\/product\/protege-poignet-elastique-orthopedic-3201\/\" \/>\n<meta property=\"og:site_name\" content=\"Sublimation soins experts\" \/>\n<meta property=\"article:modified_time\" content=\"2025-06-02T09:34:54+00:00\" \/>\n<meta property=\"og:image\" content=\"http:\/\/sublimationsoinsexperts.com\/wp-content\/uploads\/2024\/05\/O105.140_PROTEGE-POIGNET.jpg\" \/>\n\t<meta property=\"og:image:width\" content=\"400\" \/>\n\t<meta property=\"og:image:height\" content=\"387\" \/>\n\t<meta property=\"og:image:type\" content=\"image\/jpeg\" \/>\n<meta name=\"twitter:card\" content=\"summary_large_image\" \/>\n<meta name=\"twitter:label1\" content=\"Dur\u00e9e de lecture estim\u00e9e\" \/>\n\t<meta name=\"twitter:data1\" content=\"1 minute\" \/>\n<script type=\"application\/ld+json\" class=\"yoast-schema-graph\">{\"@context\":\"https:\\\/\\\/schema.org\",\"@graph\":[{\"@type\":\"WebPage\",\"@id\":\"https:\\\/\\\/sublimationsoinsexperts.com\\\/index.php\\\/product\\\/protege-poignet-elastique-orthopedic-3201\\\/\",\"url\":\"https:\\\/\\\/sublimationsoinsexperts.com\\\/index.php\\\/product\\\/protege-poignet-elastique-orthopedic-3201\\\/\",\"name\":\"Prot\u00e8ge poignet \u00e9lastique &#8211; Orthopedic 3201 - Sublimation soins experts\",\"isPartOf\":{\"@id\":\"https:\\\/\\\/sublimationsoinsexperts.com\\\/#website\"},\"primaryImageOfPage\":{\"@id\":\"https:\\\/\\\/sublimationsoinsexperts.com\\\/index.php\\\/product\\\/protege-poignet-elastique-orthopedic-3201\\\/#primaryimage\"},\"image\":{\"@id\":\"https:\\\/\\\/sublimationsoinsexperts.com\\\/index.php\\\/product\\\/protege-poignet-elastique-orthopedic-3201\\\/#primaryimage\"},\"thumbnailUrl\":\"https:\\\/\\\/sublimationsoinsexperts.com\\\/wp-content\\\/uploads\\\/2024\\\/05\\\/O105.140_PROTEGE-POIGNET.jpg\",\"datePublished\":\"2024-05-04T22:07:31+00:00\",\"dateModified\":\"2025-06-02T09:34:54+00:00\",\"breadcrumb\":{\"@id\":\"https:\\\/\\\/sublimationsoinsexperts.com\\\/index.php\\\/product\\\/protege-poignet-elastique-orthopedic-3201\\\/#breadcrumb\"},\"inLanguage\":\"fr-FR\",\"potentialAction\":[{\"@type\":\"ReadAction\",\"target\":[\"https:\\\/\\\/sublimationsoinsexperts.com\\\/index.php\\\/product\\\/protege-poignet-elastique-orthopedic-3201\\\/\"]}]},{\"@type\":\"ImageObject\",\"inLanguage\":\"fr-FR\",\"@id\":\"https:\\\/\\\/sublimationsoinsexperts.com\\\/index.php\\\/product\\\/protege-poignet-elastique-orthopedic-3201\\\/#primaryimage\",\"url\":\"https:\\\/\\\/sublimationsoinsexperts.com\\\/wp-content\\\/uploads\\\/2024\\\/05\\\/O105.140_PROTEGE-POIGNET.jpg\",\"contentUrl\":\"https:\\\/\\\/sublimationsoinsexperts.com\\\/wp-content\\\/uploads\\\/2024\\\/05\\\/O105.140_PROTEGE-POIGNET.jpg\",\"width\":400,\"height\":387},{\"@type\":\"BreadcrumbList\",\"@id\":\"https:\\\/\\\/sublimationsoinsexperts.com\\\/index.php\\\/product\\\/protege-poignet-elastique-orthopedic-3201\\\/#breadcrumb\",\"itemListElement\":[{\"@type\":\"ListItem\",\"position\":1,\"name\":\"Accueil\",\"item\":\"https:\\\/\\\/sublimationsoinsexperts.com\\\/\"},{\"@type\":\"ListItem\",\"position\":2,\"name\":\"Shop\",\"item\":\"https:\\\/\\\/sublimationsoinsexperts.com\\\/index.php\\\/shop\\\/\"},{\"@type\":\"ListItem\",\"position\":3,\"name\":\"Prot\u00e8ge poignet \u00e9lastique &#8211; Orthopedic 3201\"}]},{\"@type\":\"WebSite\",\"@id\":\"https:\\\/\\\/sublimationsoinsexperts.com\\\/#website\",\"url\":\"https:\\\/\\\/sublimationsoinsexperts.com\\\/\",\"name\":\"Sublimation soins experts\",\"description\":\"\",\"potentialAction\":[{\"@type\":\"SearchAction\",\"target\":{\"@type\":\"EntryPoint\",\"urlTemplate\":\"https:\\\/\\\/sublimationsoinsexperts.com\\\/?s={search_term_string}\"},\"query-input\":{\"@type\":\"PropertyValueSpecification\",\"valueRequired\":true,\"valueName\":\"search_term_string\"}}],\"inLanguage\":\"fr-FR\"}]}<\/script>\n<!-- \/ Yoast SEO plugin. -->","yoast_head_json":{"title":"Prot\u00e8ge poignet \u00e9lastique &#8211; Orthopedic 3201 - Sublimation soins experts","robots":{"index":"index","follow":"follow","max-snippet":"max-snippet:-1","max-image-preview":"max-image-preview:large","max-video-preview":"max-video-preview:-1"},"canonical":"https:\/\/sublimationsoinsexperts.com\/index.php\/product\/protege-poignet-elastique-orthopedic-3201\/","og_locale":"fr_FR","og_type":"article","og_title":"Prot\u00e8ge poignet \u00e9lastique &#8211; Orthopedic 3201 - Sublimation soins experts","og_description":"\u2022 Une orth\u00e8se en tricot assurant un maintien et une compression. \u2022 Recommand\u00e9e lors de la pratique d&rsquo;une activit\u00e9 sportive ou la reprise apr\u00e8s blessure. \u2022 Permet de soulager les douleurs et r\u00e9duire les tensions pour les poignets faibles assurant une adaptation naturelle au poignet. \u2022 Utilisation en cas de: &#8211; Tendinite &#8211; Une l\u00e9g\u00e8re [&hellip;]","og_url":"https:\/\/sublimationsoinsexperts.com\/index.php\/product\/protege-poignet-elastique-orthopedic-3201\/","og_site_name":"Sublimation soins experts","article_modified_time":"2025-06-02T09:34:54+00:00","og_image":[{"width":400,"height":387,"url":"http:\/\/sublimationsoinsexperts.com\/wp-content\/uploads\/2024\/05\/O105.140_PROTEGE-POIGNET.jpg","type":"image\/jpeg"}],"twitter_card":"summary_large_image","twitter_misc":{"Dur\u00e9e de lecture estim\u00e9e":"1 minute"},"schema":{"@context":"https:\/\/schema.org","@graph":[{"@type":"WebPage","@id":"https:\/\/sublimationsoinsexperts.com\/index.php\/product\/protege-poignet-elastique-orthopedic-3201\/","url":"https:\/\/sublimationsoinsexperts.com\/index.php\/product\/protege-poignet-elastique-orthopedic-3201\/","name":"Prot\u00e8ge poignet \u00e9lastique &#8211; Orthopedic 3201 - Sublimation soins experts","isPartOf":{"@id":"https:\/\/sublimationsoinsexperts.com\/#website"},"primaryImageOfPage":{"@id":"https:\/\/sublimationsoinsexperts.com\/index.php\/product\/protege-poignet-elastique-orthopedic-3201\/#primaryimage"},"image":{"@id":"https:\/\/sublimationsoinsexperts.com\/index.php\/product\/protege-poignet-elastique-orthopedic-3201\/#primaryimage"},"thumbnailUrl":"https:\/\/sublimationsoinsexperts.com\/wp-content\/uploads\/2024\/05\/O105.140_PROTEGE-POIGNET.jpg","datePublished":"2024-05-04T22:07:31+00:00","dateModified":"2025-06-02T09:34:54+00:00","breadcrumb":{"@id":"https:\/\/sublimationsoinsexperts.com\/index.php\/product\/protege-poignet-elastique-orthopedic-3201\/#breadcrumb"},"inLanguage":"fr-FR","potentialAction":[{"@type":"ReadAction","target":["https:\/\/sublimationsoinsexperts.com\/index.php\/product\/protege-poignet-elastique-orthopedic-3201\/"]}]},{"@type":"ImageObject","inLanguage":"fr-FR","@id":"https:\/\/sublimationsoinsexperts.com\/index.php\/product\/protege-poignet-elastique-orthopedic-3201\/#primaryimage","url":"https:\/\/sublimationsoinsexperts.com\/wp-content\/uploads\/2024\/05\/O105.140_PROTEGE-POIGNET.jpg","contentUrl":"https:\/\/sublimationsoinsexperts.com\/wp-content\/uploads\/2024\/05\/O105.140_PROTEGE-POIGNET.jpg","width":400,"height":387},{"@type":"BreadcrumbList","@id":"https:\/\/sublimationsoinsexperts.com\/index.php\/product\/protege-poignet-elastique-orthopedic-3201\/#breadcrumb","itemListElement":[{"@type":"ListItem","position":1,"name":"Accueil","item":"https:\/\/sublimationsoinsexperts.com\/"},{"@type":"ListItem","position":2,"name":"Shop","item":"https:\/\/sublimationsoinsexperts.com\/index.php\/shop\/"},{"@type":"ListItem","position":3,"name":"Prot\u00e8ge poignet \u00e9lastique &#8211; Orthopedic 3201"}]},{"@type":"WebSite","@id":"https:\/\/sublimationsoinsexperts.com\/#website","url":"https:\/\/sublimationsoinsexperts.com\/","name":"Sublimation soins experts","description":"","potentialAction":[{"@type":"SearchAction","target":{"@type":"EntryPoint","urlTemplate":"https:\/\/sublimationsoinsexperts.com\/?s={search_term_string}"},"query-input":{"@type":"PropertyValueSpecification","valueRequired":true,"valueName":"search_term_string"}}],"inLanguage":"fr-FR"}]}},"_links":{"self":[{"href":"https:\/\/sublimationsoinsexperts.com\/index.php\/wp-json\/wp\/v2\/product\/3254","targetHints":{"allow":["GET"]}}],"collection":[{"href":"https:\/\/sublimationsoinsexperts.com\/index.php\/wp-json\/wp\/v2\/product"}],"about":[{"href":"https:\/\/sublimationsoinsexperts.com\/index.php\/wp-json\/wp\/v2\/types\/product"}],"replies":[{"embeddable":true,"href":"https:\/\/sublimationsoinsexperts.com\/index.php\/wp-json\/wp\/v2\/comments?post=3254"}],"wp:featuredmedia":[{"embeddable":true,"href":"https:\/\/sublimationsoinsexperts.com\/index.php\/wp-json\/wp\/v2\/media\/3253"}],"wp:attachment":[{"href":"https:\/\/sublimationsoinsexperts.com\/index.php\/wp-json\/wp\/v2\/media?parent=3254"}],"wp:term":[{"taxonomy":"product_brand","embeddable":true,"href":"https:\/\/sublimationsoinsexperts.com\/index.php\/wp-json\/wp\/v2\/product_brand?post=3254"},{"taxonomy":"product_cat","embeddable":true,"href":"https:\/\/sublimationsoinsexperts.com\/index.php\/wp-json\/wp\/v2\/product_cat?post=3254"},{"taxonomy":"product_tag","embeddable":true,"href":"https:\/\/sublimationsoinsexperts.com\/index.php\/wp-json\/wp\/v2\/product_tag?post=3254"}],"curies":[{"name":"wp","href":"https:\/\/api.w.org\/{rel}","templated":true}]}}