{"id":3261,"date":"2024-05-04T23:48:10","date_gmt":"2024-05-04T22:48:10","guid":{"rendered":"https:\/\/sublimationsoinsexperts.com\/?post_type=product&#038;p=3261"},"modified":"2024-05-04T23:48:10","modified_gmt":"2024-05-04T22:48:10","slug":"sangle-claviculaire-orthopedic-1302","status":"publish","type":"product","link":"https:\/\/sublimationsoinsexperts.com\/index.php\/product\/sangle-claviculaire-orthopedic-1302\/","title":{"rendered":"Sangle claviculaire Orthopedic 1302"},"content":{"rendered":"<p>\u2022 Une orth\u00e8se assurant un soutien claviculaire.<br \/>\n\u2022 Recommand\u00e9e pour un maintien et un grand confort d&rsquo;utilisation tout en soutenant la clavicule.<br \/>\n\u2022 Elle \u00e9limine la fatigue musculaire avec une mise en place facile.<br \/>\n\u2022 Utilisation en cas de:<br \/>\n&#8211; Fracture claviculaire<br \/>\n&#8211; Entorses acromio-claviculaire<br \/>\n\u2022 Mat\u00e9riaux:<br \/>\n&#8211; R\u00e9glage angulaire et lat\u00e9ral gr\u00e2ce \u00e0 la boucle plastique capitonn\u00e9e en tissu lamin\u00e9 sur base en mousse recouverte de jersey coton<\/p>\n","protected":false},"excerpt":{"rendered":"<p>\u2022 Une orth\u00e8se assurant un soutien claviculaire. \u2022 Recommand\u00e9e pour un maintien et un grand confort d&rsquo;utilisation tout en soutenant la clavicule. \u2022 Elle \u00e9limine la fatigue musculaire avec une mise en place facile. \u2022 Utilisation en cas de: &#8211; Fracture claviculaire &#8211; Entorses acromio-claviculaire \u2022 Mat\u00e9riaux: &#8211; R\u00e9glage angulaire et lat\u00e9ral gr\u00e2ce \u00e0 la [&hellip;]<\/p>\n","protected":false},"featured_media":3260,"comment_status":"open","ping_status":"closed","template":"","meta":[],"product_brand":[],"product_cat":[111,163],"product_tag":[],"class_list":{"0":"post-3261","1":"product","2":"type-product","3":"status-publish","4":"has-post-thumbnail","6":"product_cat-orthopedie","7":"product_cat-sangle-claviculaire","9":"first","10":"instock","11":"shipping-taxable","12":"purchasable","13":"product-type-variable"},"yoast_head":"<!-- This site is optimized with the Yoast SEO plugin v27.3 - https:\/\/yoast.com\/product\/yoast-seo-wordpress\/ -->\n<title>Sangle claviculaire Orthopedic 1302 - Sublimation soins experts<\/title>\n<meta name=\"robots\" content=\"index, follow, max-snippet:-1, max-image-preview:large, max-video-preview:-1\" \/>\n<link rel=\"canonical\" href=\"https:\/\/sublimationsoinsexperts.com\/index.php\/product\/sangle-claviculaire-orthopedic-1302\/\" \/>\n<meta property=\"og:locale\" content=\"fr_FR\" \/>\n<meta property=\"og:type\" content=\"article\" \/>\n<meta property=\"og:title\" content=\"Sangle claviculaire Orthopedic 1302 - Sublimation soins experts\" \/>\n<meta property=\"og:description\" content=\"\u2022 Une orth\u00e8se assurant un soutien claviculaire. \u2022 Recommand\u00e9e pour un maintien et un grand confort d&rsquo;utilisation tout en soutenant la clavicule. \u2022 Elle \u00e9limine la fatigue musculaire avec une mise en place facile. \u2022 Utilisation en cas de: &#8211; Fracture claviculaire &#8211; Entorses acromio-claviculaire \u2022 Mat\u00e9riaux: &#8211; R\u00e9glage angulaire et lat\u00e9ral gr\u00e2ce \u00e0 la [&hellip;]\" \/>\n<meta property=\"og:url\" content=\"https:\/\/sublimationsoinsexperts.com\/index.php\/product\/sangle-claviculaire-orthopedic-1302\/\" \/>\n<meta property=\"og:site_name\" content=\"Sublimation soins experts\" \/>\n<meta property=\"og:image\" content=\"http:\/\/sublimationsoinsexperts.com\/wp-content\/uploads\/2024\/05\/O103_-SANGLE-CLAVICULAIRE.jpg\" \/>\n\t<meta property=\"og:image:width\" content=\"256\" \/>\n\t<meta property=\"og:image:height\" content=\"400\" \/>\n\t<meta property=\"og:image:type\" content=\"image\/jpeg\" \/>\n<meta name=\"twitter:card\" content=\"summary_large_image\" \/>\n<meta name=\"twitter:label1\" content=\"Dur\u00e9e de lecture estim\u00e9e\" \/>\n\t<meta name=\"twitter:data1\" content=\"1 minute\" \/>\n<script type=\"application\/ld+json\" class=\"yoast-schema-graph\">{\"@context\":\"https:\\\/\\\/schema.org\",\"@graph\":[{\"@type\":\"WebPage\",\"@id\":\"https:\\\/\\\/sublimationsoinsexperts.com\\\/index.php\\\/product\\\/sangle-claviculaire-orthopedic-1302\\\/\",\"url\":\"https:\\\/\\\/sublimationsoinsexperts.com\\\/index.php\\\/product\\\/sangle-claviculaire-orthopedic-1302\\\/\",\"name\":\"Sangle claviculaire Orthopedic 1302 - Sublimation soins experts\",\"isPartOf\":{\"@id\":\"https:\\\/\\\/sublimationsoinsexperts.com\\\/#website\"},\"primaryImageOfPage\":{\"@id\":\"https:\\\/\\\/sublimationsoinsexperts.com\\\/index.php\\\/product\\\/sangle-claviculaire-orthopedic-1302\\\/#primaryimage\"},\"image\":{\"@id\":\"https:\\\/\\\/sublimationsoinsexperts.com\\\/index.php\\\/product\\\/sangle-claviculaire-orthopedic-1302\\\/#primaryimage\"},\"thumbnailUrl\":\"https:\\\/\\\/sublimationsoinsexperts.com\\\/wp-content\\\/uploads\\\/2024\\\/05\\\/O103_-SANGLE-CLAVICULAIRE.jpg\",\"datePublished\":\"2024-05-04T22:48:10+00:00\",\"breadcrumb\":{\"@id\":\"https:\\\/\\\/sublimationsoinsexperts.com\\\/index.php\\\/product\\\/sangle-claviculaire-orthopedic-1302\\\/#breadcrumb\"},\"inLanguage\":\"fr-FR\",\"potentialAction\":[{\"@type\":\"ReadAction\",\"target\":[\"https:\\\/\\\/sublimationsoinsexperts.com\\\/index.php\\\/product\\\/sangle-claviculaire-orthopedic-1302\\\/\"]}]},{\"@type\":\"ImageObject\",\"inLanguage\":\"fr-FR\",\"@id\":\"https:\\\/\\\/sublimationsoinsexperts.com\\\/index.php\\\/product\\\/sangle-claviculaire-orthopedic-1302\\\/#primaryimage\",\"url\":\"https:\\\/\\\/sublimationsoinsexperts.com\\\/wp-content\\\/uploads\\\/2024\\\/05\\\/O103_-SANGLE-CLAVICULAIRE.jpg\",\"contentUrl\":\"https:\\\/\\\/sublimationsoinsexperts.com\\\/wp-content\\\/uploads\\\/2024\\\/05\\\/O103_-SANGLE-CLAVICULAIRE.jpg\",\"width\":256,\"height\":400},{\"@type\":\"BreadcrumbList\",\"@id\":\"https:\\\/\\\/sublimationsoinsexperts.com\\\/index.php\\\/product\\\/sangle-claviculaire-orthopedic-1302\\\/#breadcrumb\",\"itemListElement\":[{\"@type\":\"ListItem\",\"position\":1,\"name\":\"Accueil\",\"item\":\"https:\\\/\\\/sublimationsoinsexperts.com\\\/\"},{\"@type\":\"ListItem\",\"position\":2,\"name\":\"Shop\",\"item\":\"https:\\\/\\\/sublimationsoinsexperts.com\\\/index.php\\\/shop\\\/\"},{\"@type\":\"ListItem\",\"position\":3,\"name\":\"Sangle claviculaire Orthopedic 1302\"}]},{\"@type\":\"WebSite\",\"@id\":\"https:\\\/\\\/sublimationsoinsexperts.com\\\/#website\",\"url\":\"https:\\\/\\\/sublimationsoinsexperts.com\\\/\",\"name\":\"Sublimation soins experts\",\"description\":\"\",\"potentialAction\":[{\"@type\":\"SearchAction\",\"target\":{\"@type\":\"EntryPoint\",\"urlTemplate\":\"https:\\\/\\\/sublimationsoinsexperts.com\\\/?s={search_term_string}\"},\"query-input\":{\"@type\":\"PropertyValueSpecification\",\"valueRequired\":true,\"valueName\":\"search_term_string\"}}],\"inLanguage\":\"fr-FR\"}]}<\/script>\n<!-- \/ Yoast SEO plugin. -->","yoast_head_json":{"title":"Sangle claviculaire Orthopedic 1302 - Sublimation soins experts","robots":{"index":"index","follow":"follow","max-snippet":"max-snippet:-1","max-image-preview":"max-image-preview:large","max-video-preview":"max-video-preview:-1"},"canonical":"https:\/\/sublimationsoinsexperts.com\/index.php\/product\/sangle-claviculaire-orthopedic-1302\/","og_locale":"fr_FR","og_type":"article","og_title":"Sangle claviculaire Orthopedic 1302 - Sublimation soins experts","og_description":"\u2022 Une orth\u00e8se assurant un soutien claviculaire. \u2022 Recommand\u00e9e pour un maintien et un grand confort d&rsquo;utilisation tout en soutenant la clavicule. \u2022 Elle \u00e9limine la fatigue musculaire avec une mise en place facile. \u2022 Utilisation en cas de: &#8211; Fracture claviculaire &#8211; Entorses acromio-claviculaire \u2022 Mat\u00e9riaux: &#8211; R\u00e9glage angulaire et lat\u00e9ral gr\u00e2ce \u00e0 la [&hellip;]","og_url":"https:\/\/sublimationsoinsexperts.com\/index.php\/product\/sangle-claviculaire-orthopedic-1302\/","og_site_name":"Sublimation soins experts","og_image":[{"width":256,"height":400,"url":"http:\/\/sublimationsoinsexperts.com\/wp-content\/uploads\/2024\/05\/O103_-SANGLE-CLAVICULAIRE.jpg","type":"image\/jpeg"}],"twitter_card":"summary_large_image","twitter_misc":{"Dur\u00e9e de lecture estim\u00e9e":"1 minute"},"schema":{"@context":"https:\/\/schema.org","@graph":[{"@type":"WebPage","@id":"https:\/\/sublimationsoinsexperts.com\/index.php\/product\/sangle-claviculaire-orthopedic-1302\/","url":"https:\/\/sublimationsoinsexperts.com\/index.php\/product\/sangle-claviculaire-orthopedic-1302\/","name":"Sangle claviculaire Orthopedic 1302 - Sublimation soins experts","isPartOf":{"@id":"https:\/\/sublimationsoinsexperts.com\/#website"},"primaryImageOfPage":{"@id":"https:\/\/sublimationsoinsexperts.com\/index.php\/product\/sangle-claviculaire-orthopedic-1302\/#primaryimage"},"image":{"@id":"https:\/\/sublimationsoinsexperts.com\/index.php\/product\/sangle-claviculaire-orthopedic-1302\/#primaryimage"},"thumbnailUrl":"https:\/\/sublimationsoinsexperts.com\/wp-content\/uploads\/2024\/05\/O103_-SANGLE-CLAVICULAIRE.jpg","datePublished":"2024-05-04T22:48:10+00:00","breadcrumb":{"@id":"https:\/\/sublimationsoinsexperts.com\/index.php\/product\/sangle-claviculaire-orthopedic-1302\/#breadcrumb"},"inLanguage":"fr-FR","potentialAction":[{"@type":"ReadAction","target":["https:\/\/sublimationsoinsexperts.com\/index.php\/product\/sangle-claviculaire-orthopedic-1302\/"]}]},{"@type":"ImageObject","inLanguage":"fr-FR","@id":"https:\/\/sublimationsoinsexperts.com\/index.php\/product\/sangle-claviculaire-orthopedic-1302\/#primaryimage","url":"https:\/\/sublimationsoinsexperts.com\/wp-content\/uploads\/2024\/05\/O103_-SANGLE-CLAVICULAIRE.jpg","contentUrl":"https:\/\/sublimationsoinsexperts.com\/wp-content\/uploads\/2024\/05\/O103_-SANGLE-CLAVICULAIRE.jpg","width":256,"height":400},{"@type":"BreadcrumbList","@id":"https:\/\/sublimationsoinsexperts.com\/index.php\/product\/sangle-claviculaire-orthopedic-1302\/#breadcrumb","itemListElement":[{"@type":"ListItem","position":1,"name":"Accueil","item":"https:\/\/sublimationsoinsexperts.com\/"},{"@type":"ListItem","position":2,"name":"Shop","item":"https:\/\/sublimationsoinsexperts.com\/index.php\/shop\/"},{"@type":"ListItem","position":3,"name":"Sangle claviculaire Orthopedic 1302"}]},{"@type":"WebSite","@id":"https:\/\/sublimationsoinsexperts.com\/#website","url":"https:\/\/sublimationsoinsexperts.com\/","name":"Sublimation soins experts","description":"","potentialAction":[{"@type":"SearchAction","target":{"@type":"EntryPoint","urlTemplate":"https:\/\/sublimationsoinsexperts.com\/?s={search_term_string}"},"query-input":{"@type":"PropertyValueSpecification","valueRequired":true,"valueName":"search_term_string"}}],"inLanguage":"fr-FR"}]}},"_links":{"self":[{"href":"https:\/\/sublimationsoinsexperts.com\/index.php\/wp-json\/wp\/v2\/product\/3261","targetHints":{"allow":["GET"]}}],"collection":[{"href":"https:\/\/sublimationsoinsexperts.com\/index.php\/wp-json\/wp\/v2\/product"}],"about":[{"href":"https:\/\/sublimationsoinsexperts.com\/index.php\/wp-json\/wp\/v2\/types\/product"}],"replies":[{"embeddable":true,"href":"https:\/\/sublimationsoinsexperts.com\/index.php\/wp-json\/wp\/v2\/comments?post=3261"}],"wp:featuredmedia":[{"embeddable":true,"href":"https:\/\/sublimationsoinsexperts.com\/index.php\/wp-json\/wp\/v2\/media\/3260"}],"wp:attachment":[{"href":"https:\/\/sublimationsoinsexperts.com\/index.php\/wp-json\/wp\/v2\/media?parent=3261"}],"wp:term":[{"taxonomy":"product_brand","embeddable":true,"href":"https:\/\/sublimationsoinsexperts.com\/index.php\/wp-json\/wp\/v2\/product_brand?post=3261"},{"taxonomy":"product_cat","embeddable":true,"href":"https:\/\/sublimationsoinsexperts.com\/index.php\/wp-json\/wp\/v2\/product_cat?post=3261"},{"taxonomy":"product_tag","embeddable":true,"href":"https:\/\/sublimationsoinsexperts.com\/index.php\/wp-json\/wp\/v2\/product_tag?post=3261"}],"curies":[{"name":"wp","href":"https:\/\/api.w.org\/{rel}","templated":true}]}}