{"id":3269,"date":"2024-05-05T00:08:59","date_gmt":"2024-05-04T23:08:59","guid":{"rendered":"https:\/\/sublimationsoinsexperts.com\/?post_type=product&#038;p=3269"},"modified":"2025-06-02T11:07:20","modified_gmt":"2025-06-02T10:07:20","slug":"attelle-de-poignet-main-orthopedic-1906","status":"publish","type":"product","link":"https:\/\/sublimationsoinsexperts.com\/index.php\/product\/attelle-de-poignet-main-orthopedic-1906\/","title":{"rendered":"Attelle de poignet main Orthopedic 1906"},"content":{"rendered":"<p>\u2022 Orth\u00e8se assurant une stabilit\u00e9 pour le poignet et la main.<br \/>\n\u2022 L\u00e9g\u00e8re et confortable.<br \/>\n\u2022 Adaptabilit\u00e9 optimale \u00e0 la morphologie et \u00e0 la pathologie de chacun.<br \/>\n\u2022 anatomique au niveau de la main pour \u00e9liminer la fatigue musculaire avec une mise en place facile.<br \/>\n\u2022 Utilis\u00e9 en cas de :<br \/>\n&#8211; syndrome du canal carpien<br \/>\n&#8211; immobilisation post-traumatique et post-op\u00e9rative<br \/>\n&#8211; traumatisme du poignet<\/p>\n","protected":false},"excerpt":{"rendered":"<p>\u2022 Orth\u00e8se assurant une stabilit\u00e9 pour le poignet et la main. \u2022 L\u00e9g\u00e8re et confortable. \u2022 Adaptabilit\u00e9 optimale \u00e0 la morphologie et \u00e0 la pathologie de chacun. \u2022 anatomique au niveau de la main pour \u00e9liminer la fatigue musculaire avec une mise en place facile. \u2022 Utilis\u00e9 en cas de : &#8211; syndrome du canal [&hellip;]<\/p>\n","protected":false},"featured_media":3270,"comment_status":"open","ping_status":"closed","template":"","meta":[],"product_brand":[],"product_cat":[119,111],"product_tag":[],"class_list":{"0":"post-3269","1":"product","2":"type-product","3":"status-publish","4":"has-post-thumbnail","6":"product_cat-attelle-de-poignet","7":"product_cat-orthopedie","9":"first","10":"instock","11":"shipping-taxable","12":"purchasable","13":"product-type-variable"},"yoast_head":"<!-- This site is optimized with the Yoast SEO plugin v27.4 - https:\/\/yoast.com\/product\/yoast-seo-wordpress\/ -->\n<title>Attelle de poignet main Orthopedic 1906 - Sublimation soins experts<\/title>\n<meta name=\"robots\" content=\"index, follow, max-snippet:-1, max-image-preview:large, max-video-preview:-1\" \/>\n<link rel=\"canonical\" href=\"https:\/\/sublimationsoinsexperts.com\/index.php\/product\/attelle-de-poignet-main-orthopedic-1906\/\" \/>\n<meta property=\"og:locale\" content=\"fr_FR\" \/>\n<meta property=\"og:type\" content=\"article\" \/>\n<meta property=\"og:title\" content=\"Attelle de poignet main Orthopedic 1906 - Sublimation soins experts\" \/>\n<meta property=\"og:description\" content=\"\u2022 Orth\u00e8se assurant une stabilit\u00e9 pour le poignet et la main. \u2022 L\u00e9g\u00e8re et confortable. \u2022 Adaptabilit\u00e9 optimale \u00e0 la morphologie et \u00e0 la pathologie de chacun. \u2022 anatomique au niveau de la main pour \u00e9liminer la fatigue musculaire avec une mise en place facile. \u2022 Utilis\u00e9 en cas de : &#8211; syndrome du canal [&hellip;]\" \/>\n<meta property=\"og:url\" content=\"https:\/\/sublimationsoinsexperts.com\/index.php\/product\/attelle-de-poignet-main-orthopedic-1906\/\" \/>\n<meta property=\"og:site_name\" content=\"Sublimation soins experts\" \/>\n<meta property=\"article:modified_time\" content=\"2025-06-02T10:07:20+00:00\" \/>\n<meta property=\"og:image\" content=\"http:\/\/sublimationsoinsexperts.com\/wp-content\/uploads\/2024\/05\/O105.100_Attelle-de-poignet-main-Orthopedic-1906.jpg\" \/>\n\t<meta property=\"og:image:width\" content=\"229\" \/>\n\t<meta property=\"og:image:height\" content=\"400\" \/>\n\t<meta property=\"og:image:type\" content=\"image\/jpeg\" \/>\n<meta name=\"twitter:card\" content=\"summary_large_image\" \/>\n<meta name=\"twitter:label1\" content=\"Dur\u00e9e de lecture estim\u00e9e\" \/>\n\t<meta name=\"twitter:data1\" content=\"1 minute\" \/>\n<script type=\"application\/ld+json\" class=\"yoast-schema-graph\">{\"@context\":\"https:\\\/\\\/schema.org\",\"@graph\":[{\"@type\":\"WebPage\",\"@id\":\"https:\\\/\\\/sublimationsoinsexperts.com\\\/index.php\\\/product\\\/attelle-de-poignet-main-orthopedic-1906\\\/\",\"url\":\"https:\\\/\\\/sublimationsoinsexperts.com\\\/index.php\\\/product\\\/attelle-de-poignet-main-orthopedic-1906\\\/\",\"name\":\"Attelle de poignet main Orthopedic 1906 - Sublimation soins experts\",\"isPartOf\":{\"@id\":\"https:\\\/\\\/sublimationsoinsexperts.com\\\/#website\"},\"primaryImageOfPage\":{\"@id\":\"https:\\\/\\\/sublimationsoinsexperts.com\\\/index.php\\\/product\\\/attelle-de-poignet-main-orthopedic-1906\\\/#primaryimage\"},\"image\":{\"@id\":\"https:\\\/\\\/sublimationsoinsexperts.com\\\/index.php\\\/product\\\/attelle-de-poignet-main-orthopedic-1906\\\/#primaryimage\"},\"thumbnailUrl\":\"https:\\\/\\\/sublimationsoinsexperts.com\\\/wp-content\\\/uploads\\\/2024\\\/05\\\/O105.100_Attelle-de-poignet-main-Orthopedic-1906.jpg\",\"datePublished\":\"2024-05-04T23:08:59+00:00\",\"dateModified\":\"2025-06-02T10:07:20+00:00\",\"breadcrumb\":{\"@id\":\"https:\\\/\\\/sublimationsoinsexperts.com\\\/index.php\\\/product\\\/attelle-de-poignet-main-orthopedic-1906\\\/#breadcrumb\"},\"inLanguage\":\"fr-FR\",\"potentialAction\":[{\"@type\":\"ReadAction\",\"target\":[\"https:\\\/\\\/sublimationsoinsexperts.com\\\/index.php\\\/product\\\/attelle-de-poignet-main-orthopedic-1906\\\/\"]}]},{\"@type\":\"ImageObject\",\"inLanguage\":\"fr-FR\",\"@id\":\"https:\\\/\\\/sublimationsoinsexperts.com\\\/index.php\\\/product\\\/attelle-de-poignet-main-orthopedic-1906\\\/#primaryimage\",\"url\":\"https:\\\/\\\/sublimationsoinsexperts.com\\\/wp-content\\\/uploads\\\/2024\\\/05\\\/O105.100_Attelle-de-poignet-main-Orthopedic-1906.jpg\",\"contentUrl\":\"https:\\\/\\\/sublimationsoinsexperts.com\\\/wp-content\\\/uploads\\\/2024\\\/05\\\/O105.100_Attelle-de-poignet-main-Orthopedic-1906.jpg\",\"width\":229,\"height\":400},{\"@type\":\"BreadcrumbList\",\"@id\":\"https:\\\/\\\/sublimationsoinsexperts.com\\\/index.php\\\/product\\\/attelle-de-poignet-main-orthopedic-1906\\\/#breadcrumb\",\"itemListElement\":[{\"@type\":\"ListItem\",\"position\":1,\"name\":\"Accueil\",\"item\":\"https:\\\/\\\/sublimationsoinsexperts.com\\\/\"},{\"@type\":\"ListItem\",\"position\":2,\"name\":\"Shop\",\"item\":\"https:\\\/\\\/sublimationsoinsexperts.com\\\/index.php\\\/shop\\\/\"},{\"@type\":\"ListItem\",\"position\":3,\"name\":\"Attelle de poignet main Orthopedic 1906\"}]},{\"@type\":\"WebSite\",\"@id\":\"https:\\\/\\\/sublimationsoinsexperts.com\\\/#website\",\"url\":\"https:\\\/\\\/sublimationsoinsexperts.com\\\/\",\"name\":\"Sublimation soins experts\",\"description\":\"\",\"potentialAction\":[{\"@type\":\"SearchAction\",\"target\":{\"@type\":\"EntryPoint\",\"urlTemplate\":\"https:\\\/\\\/sublimationsoinsexperts.com\\\/?s={search_term_string}\"},\"query-input\":{\"@type\":\"PropertyValueSpecification\",\"valueRequired\":true,\"valueName\":\"search_term_string\"}}],\"inLanguage\":\"fr-FR\"}]}<\/script>\n<!-- \/ Yoast SEO plugin. -->","yoast_head_json":{"title":"Attelle de poignet main Orthopedic 1906 - Sublimation soins experts","robots":{"index":"index","follow":"follow","max-snippet":"max-snippet:-1","max-image-preview":"max-image-preview:large","max-video-preview":"max-video-preview:-1"},"canonical":"https:\/\/sublimationsoinsexperts.com\/index.php\/product\/attelle-de-poignet-main-orthopedic-1906\/","og_locale":"fr_FR","og_type":"article","og_title":"Attelle de poignet main Orthopedic 1906 - Sublimation soins experts","og_description":"\u2022 Orth\u00e8se assurant une stabilit\u00e9 pour le poignet et la main. \u2022 L\u00e9g\u00e8re et confortable. \u2022 Adaptabilit\u00e9 optimale \u00e0 la morphologie et \u00e0 la pathologie de chacun. \u2022 anatomique au niveau de la main pour \u00e9liminer la fatigue musculaire avec une mise en place facile. \u2022 Utilis\u00e9 en cas de : &#8211; syndrome du canal [&hellip;]","og_url":"https:\/\/sublimationsoinsexperts.com\/index.php\/product\/attelle-de-poignet-main-orthopedic-1906\/","og_site_name":"Sublimation soins experts","article_modified_time":"2025-06-02T10:07:20+00:00","og_image":[{"width":229,"height":400,"url":"http:\/\/sublimationsoinsexperts.com\/wp-content\/uploads\/2024\/05\/O105.100_Attelle-de-poignet-main-Orthopedic-1906.jpg","type":"image\/jpeg"}],"twitter_card":"summary_large_image","twitter_misc":{"Dur\u00e9e de lecture estim\u00e9e":"1 minute"},"schema":{"@context":"https:\/\/schema.org","@graph":[{"@type":"WebPage","@id":"https:\/\/sublimationsoinsexperts.com\/index.php\/product\/attelle-de-poignet-main-orthopedic-1906\/","url":"https:\/\/sublimationsoinsexperts.com\/index.php\/product\/attelle-de-poignet-main-orthopedic-1906\/","name":"Attelle de poignet main Orthopedic 1906 - Sublimation soins experts","isPartOf":{"@id":"https:\/\/sublimationsoinsexperts.com\/#website"},"primaryImageOfPage":{"@id":"https:\/\/sublimationsoinsexperts.com\/index.php\/product\/attelle-de-poignet-main-orthopedic-1906\/#primaryimage"},"image":{"@id":"https:\/\/sublimationsoinsexperts.com\/index.php\/product\/attelle-de-poignet-main-orthopedic-1906\/#primaryimage"},"thumbnailUrl":"https:\/\/sublimationsoinsexperts.com\/wp-content\/uploads\/2024\/05\/O105.100_Attelle-de-poignet-main-Orthopedic-1906.jpg","datePublished":"2024-05-04T23:08:59+00:00","dateModified":"2025-06-02T10:07:20+00:00","breadcrumb":{"@id":"https:\/\/sublimationsoinsexperts.com\/index.php\/product\/attelle-de-poignet-main-orthopedic-1906\/#breadcrumb"},"inLanguage":"fr-FR","potentialAction":[{"@type":"ReadAction","target":["https:\/\/sublimationsoinsexperts.com\/index.php\/product\/attelle-de-poignet-main-orthopedic-1906\/"]}]},{"@type":"ImageObject","inLanguage":"fr-FR","@id":"https:\/\/sublimationsoinsexperts.com\/index.php\/product\/attelle-de-poignet-main-orthopedic-1906\/#primaryimage","url":"https:\/\/sublimationsoinsexperts.com\/wp-content\/uploads\/2024\/05\/O105.100_Attelle-de-poignet-main-Orthopedic-1906.jpg","contentUrl":"https:\/\/sublimationsoinsexperts.com\/wp-content\/uploads\/2024\/05\/O105.100_Attelle-de-poignet-main-Orthopedic-1906.jpg","width":229,"height":400},{"@type":"BreadcrumbList","@id":"https:\/\/sublimationsoinsexperts.com\/index.php\/product\/attelle-de-poignet-main-orthopedic-1906\/#breadcrumb","itemListElement":[{"@type":"ListItem","position":1,"name":"Accueil","item":"https:\/\/sublimationsoinsexperts.com\/"},{"@type":"ListItem","position":2,"name":"Shop","item":"https:\/\/sublimationsoinsexperts.com\/index.php\/shop\/"},{"@type":"ListItem","position":3,"name":"Attelle de poignet main Orthopedic 1906"}]},{"@type":"WebSite","@id":"https:\/\/sublimationsoinsexperts.com\/#website","url":"https:\/\/sublimationsoinsexperts.com\/","name":"Sublimation soins experts","description":"","potentialAction":[{"@type":"SearchAction","target":{"@type":"EntryPoint","urlTemplate":"https:\/\/sublimationsoinsexperts.com\/?s={search_term_string}"},"query-input":{"@type":"PropertyValueSpecification","valueRequired":true,"valueName":"search_term_string"}}],"inLanguage":"fr-FR"}]}},"_links":{"self":[{"href":"https:\/\/sublimationsoinsexperts.com\/index.php\/wp-json\/wp\/v2\/product\/3269","targetHints":{"allow":["GET"]}}],"collection":[{"href":"https:\/\/sublimationsoinsexperts.com\/index.php\/wp-json\/wp\/v2\/product"}],"about":[{"href":"https:\/\/sublimationsoinsexperts.com\/index.php\/wp-json\/wp\/v2\/types\/product"}],"replies":[{"embeddable":true,"href":"https:\/\/sublimationsoinsexperts.com\/index.php\/wp-json\/wp\/v2\/comments?post=3269"}],"wp:featuredmedia":[{"embeddable":true,"href":"https:\/\/sublimationsoinsexperts.com\/index.php\/wp-json\/wp\/v2\/media\/3270"}],"wp:attachment":[{"href":"https:\/\/sublimationsoinsexperts.com\/index.php\/wp-json\/wp\/v2\/media?parent=3269"}],"wp:term":[{"taxonomy":"product_brand","embeddable":true,"href":"https:\/\/sublimationsoinsexperts.com\/index.php\/wp-json\/wp\/v2\/product_brand?post=3269"},{"taxonomy":"product_cat","embeddable":true,"href":"https:\/\/sublimationsoinsexperts.com\/index.php\/wp-json\/wp\/v2\/product_cat?post=3269"},{"taxonomy":"product_tag","embeddable":true,"href":"https:\/\/sublimationsoinsexperts.com\/index.php\/wp-json\/wp\/v2\/product_tag?post=3269"}],"curies":[{"name":"wp","href":"https:\/\/api.w.org\/{rel}","templated":true}]}}