{"id":3290,"date":"2024-05-05T23:11:37","date_gmt":"2024-05-05T22:11:37","guid":{"rendered":"https:\/\/sublimationsoinsexperts.com\/?post_type=product&#038;p=3290"},"modified":"2024-05-05T23:15:51","modified_gmt":"2024-05-05T22:15:51","slug":"attelle-de-doigt-4-5-gauche-droite-orthopedic-1908","status":"publish","type":"product","link":"https:\/\/sublimationsoinsexperts.com\/index.php\/product\/attelle-de-doigt-4-5-gauche-droite-orthopedic-1908\/","title":{"rendered":"Attelle de doigt 4\/5 gauche \/ droite \u2013 Orthopedic 1908"},"content":{"rendered":"<p>\u2022 Une orth\u00e8se assurant une stabilit\u00e9 du poignet et de la main, recommand\u00e9e pour emp\u00eacher les mouvements de l&rsquo;articulation afin de favoriser la consolidation osseuse.<br \/>\n\u2022 Adaptabilit\u00e9 optimale d&rsquo;immobilisation de l&rsquo;index et du majeur.<br \/>\n\u2022 Anatomique au niveau de la main pour \u00e9liminer la fatigue musculaire.<br \/>\n\u2022 Utilisation en cas de :<br \/>\n&#8211; Fracture des annulaire \/ auriculaire<br \/>\n&#8211; Traumatisme du poignet, main, doigt<br \/>\n&#8211; Post-op\u00e9ratoire<br \/>\n\u2022 Mat\u00e9riaux:<br \/>\n&#8211; Baleine souple et amovible<br \/>\n&#8211; Flexible \u00e0 la main pour une immobilisation optimale<br \/>\n&#8211; Fermeture des doigts \u00e0 fixation velcro<br \/>\n&#8211; Tissu ext\u00e9rieur en polyester<\/p>\n","protected":false},"excerpt":{"rendered":"<p>\u2022 Une orth\u00e8se assurant une stabilit\u00e9 du poignet et de la main, recommand\u00e9e pour emp\u00eacher les mouvements de l&rsquo;articulation afin de favoriser la consolidation osseuse. \u2022 Adaptabilit\u00e9 optimale d&rsquo;immobilisation de l&rsquo;index et du majeur. \u2022 Anatomique au niveau de la main pour \u00e9liminer la fatigue musculaire. \u2022 Utilisation en cas de : &#8211; Fracture des [&hellip;]<\/p>\n","protected":false},"featured_media":3297,"comment_status":"open","ping_status":"closed","template":"","meta":[],"product_brand":[],"product_cat":[120,111],"product_tag":[],"class_list":{"0":"post-3290","1":"product","2":"type-product","3":"status-publish","4":"has-post-thumbnail","6":"product_cat-attelle-de-doigt","7":"product_cat-orthopedie","9":"first","10":"instock","11":"shipping-taxable","12":"purchasable","13":"product-type-variable"},"yoast_head":"<!-- This site is optimized with the Yoast SEO plugin v27.4 - https:\/\/yoast.com\/product\/yoast-seo-wordpress\/ -->\n<title>Attelle de doigt 4\/5 gauche \/ droite \u2013 Orthopedic 1908 - Sublimation soins experts<\/title>\n<meta name=\"robots\" content=\"index, follow, max-snippet:-1, max-image-preview:large, max-video-preview:-1\" \/>\n<link rel=\"canonical\" href=\"https:\/\/sublimationsoinsexperts.com\/index.php\/product\/attelle-de-doigt-4-5-gauche-droite-orthopedic-1908\/\" \/>\n<meta property=\"og:locale\" content=\"fr_FR\" \/>\n<meta property=\"og:type\" content=\"article\" \/>\n<meta property=\"og:title\" content=\"Attelle de doigt 4\/5 gauche \/ droite \u2013 Orthopedic 1908 - Sublimation soins experts\" \/>\n<meta property=\"og:description\" content=\"\u2022 Une orth\u00e8se assurant une stabilit\u00e9 du poignet et de la main, recommand\u00e9e pour emp\u00eacher les mouvements de l&rsquo;articulation afin de favoriser la consolidation osseuse. \u2022 Adaptabilit\u00e9 optimale d&rsquo;immobilisation de l&rsquo;index et du majeur. \u2022 Anatomique au niveau de la main pour \u00e9liminer la fatigue musculaire. \u2022 Utilisation en cas de : &#8211; Fracture des [&hellip;]\" \/>\n<meta property=\"og:url\" content=\"https:\/\/sublimationsoinsexperts.com\/index.php\/product\/attelle-de-doigt-4-5-gauche-droite-orthopedic-1908\/\" \/>\n<meta property=\"og:site_name\" content=\"Sublimation soins experts\" \/>\n<meta property=\"article:modified_time\" content=\"2024-05-05T22:15:51+00:00\" \/>\n<meta property=\"og:image\" content=\"http:\/\/sublimationsoinsexperts.com\/wp-content\/uploads\/2024\/05\/O106.100_Attelle-de-doigt-4-5-gauche-droite-Orthopedic-1908.jpg\" \/>\n\t<meta property=\"og:image:width\" content=\"236\" \/>\n\t<meta property=\"og:image:height\" content=\"400\" \/>\n\t<meta property=\"og:image:type\" content=\"image\/jpeg\" \/>\n<meta name=\"twitter:card\" content=\"summary_large_image\" \/>\n<meta name=\"twitter:label1\" content=\"Dur\u00e9e de lecture estim\u00e9e\" \/>\n\t<meta name=\"twitter:data1\" content=\"1 minute\" \/>\n<script type=\"application\/ld+json\" class=\"yoast-schema-graph\">{\"@context\":\"https:\\\/\\\/schema.org\",\"@graph\":[{\"@type\":\"WebPage\",\"@id\":\"https:\\\/\\\/sublimationsoinsexperts.com\\\/index.php\\\/product\\\/attelle-de-doigt-4-5-gauche-droite-orthopedic-1908\\\/\",\"url\":\"https:\\\/\\\/sublimationsoinsexperts.com\\\/index.php\\\/product\\\/attelle-de-doigt-4-5-gauche-droite-orthopedic-1908\\\/\",\"name\":\"Attelle de doigt 4\\\/5 gauche \\\/ droite \u2013 Orthopedic 1908 - Sublimation soins experts\",\"isPartOf\":{\"@id\":\"https:\\\/\\\/sublimationsoinsexperts.com\\\/#website\"},\"primaryImageOfPage\":{\"@id\":\"https:\\\/\\\/sublimationsoinsexperts.com\\\/index.php\\\/product\\\/attelle-de-doigt-4-5-gauche-droite-orthopedic-1908\\\/#primaryimage\"},\"image\":{\"@id\":\"https:\\\/\\\/sublimationsoinsexperts.com\\\/index.php\\\/product\\\/attelle-de-doigt-4-5-gauche-droite-orthopedic-1908\\\/#primaryimage\"},\"thumbnailUrl\":\"https:\\\/\\\/sublimationsoinsexperts.com\\\/wp-content\\\/uploads\\\/2024\\\/05\\\/O106.100_Attelle-de-doigt-4-5-gauche-droite-Orthopedic-1908.jpg\",\"datePublished\":\"2024-05-05T22:11:37+00:00\",\"dateModified\":\"2024-05-05T22:15:51+00:00\",\"breadcrumb\":{\"@id\":\"https:\\\/\\\/sublimationsoinsexperts.com\\\/index.php\\\/product\\\/attelle-de-doigt-4-5-gauche-droite-orthopedic-1908\\\/#breadcrumb\"},\"inLanguage\":\"fr-FR\",\"potentialAction\":[{\"@type\":\"ReadAction\",\"target\":[\"https:\\\/\\\/sublimationsoinsexperts.com\\\/index.php\\\/product\\\/attelle-de-doigt-4-5-gauche-droite-orthopedic-1908\\\/\"]}]},{\"@type\":\"ImageObject\",\"inLanguage\":\"fr-FR\",\"@id\":\"https:\\\/\\\/sublimationsoinsexperts.com\\\/index.php\\\/product\\\/attelle-de-doigt-4-5-gauche-droite-orthopedic-1908\\\/#primaryimage\",\"url\":\"https:\\\/\\\/sublimationsoinsexperts.com\\\/wp-content\\\/uploads\\\/2024\\\/05\\\/O106.100_Attelle-de-doigt-4-5-gauche-droite-Orthopedic-1908.jpg\",\"contentUrl\":\"https:\\\/\\\/sublimationsoinsexperts.com\\\/wp-content\\\/uploads\\\/2024\\\/05\\\/O106.100_Attelle-de-doigt-4-5-gauche-droite-Orthopedic-1908.jpg\",\"width\":236,\"height\":400},{\"@type\":\"BreadcrumbList\",\"@id\":\"https:\\\/\\\/sublimationsoinsexperts.com\\\/index.php\\\/product\\\/attelle-de-doigt-4-5-gauche-droite-orthopedic-1908\\\/#breadcrumb\",\"itemListElement\":[{\"@type\":\"ListItem\",\"position\":1,\"name\":\"Accueil\",\"item\":\"https:\\\/\\\/sublimationsoinsexperts.com\\\/\"},{\"@type\":\"ListItem\",\"position\":2,\"name\":\"Shop\",\"item\":\"https:\\\/\\\/sublimationsoinsexperts.com\\\/index.php\\\/shop\\\/\"},{\"@type\":\"ListItem\",\"position\":3,\"name\":\"Attelle de doigt 4\\\/5 gauche \\\/ droite \u2013 Orthopedic 1908\"}]},{\"@type\":\"WebSite\",\"@id\":\"https:\\\/\\\/sublimationsoinsexperts.com\\\/#website\",\"url\":\"https:\\\/\\\/sublimationsoinsexperts.com\\\/\",\"name\":\"Sublimation soins experts\",\"description\":\"\",\"potentialAction\":[{\"@type\":\"SearchAction\",\"target\":{\"@type\":\"EntryPoint\",\"urlTemplate\":\"https:\\\/\\\/sublimationsoinsexperts.com\\\/?s={search_term_string}\"},\"query-input\":{\"@type\":\"PropertyValueSpecification\",\"valueRequired\":true,\"valueName\":\"search_term_string\"}}],\"inLanguage\":\"fr-FR\"}]}<\/script>\n<!-- \/ Yoast SEO plugin. -->","yoast_head_json":{"title":"Attelle de doigt 4\/5 gauche \/ droite \u2013 Orthopedic 1908 - Sublimation soins experts","robots":{"index":"index","follow":"follow","max-snippet":"max-snippet:-1","max-image-preview":"max-image-preview:large","max-video-preview":"max-video-preview:-1"},"canonical":"https:\/\/sublimationsoinsexperts.com\/index.php\/product\/attelle-de-doigt-4-5-gauche-droite-orthopedic-1908\/","og_locale":"fr_FR","og_type":"article","og_title":"Attelle de doigt 4\/5 gauche \/ droite \u2013 Orthopedic 1908 - Sublimation soins experts","og_description":"\u2022 Une orth\u00e8se assurant une stabilit\u00e9 du poignet et de la main, recommand\u00e9e pour emp\u00eacher les mouvements de l&rsquo;articulation afin de favoriser la consolidation osseuse. \u2022 Adaptabilit\u00e9 optimale d&rsquo;immobilisation de l&rsquo;index et du majeur. \u2022 Anatomique au niveau de la main pour \u00e9liminer la fatigue musculaire. \u2022 Utilisation en cas de : &#8211; Fracture des [&hellip;]","og_url":"https:\/\/sublimationsoinsexperts.com\/index.php\/product\/attelle-de-doigt-4-5-gauche-droite-orthopedic-1908\/","og_site_name":"Sublimation soins experts","article_modified_time":"2024-05-05T22:15:51+00:00","og_image":[{"width":236,"height":400,"url":"http:\/\/sublimationsoinsexperts.com\/wp-content\/uploads\/2024\/05\/O106.100_Attelle-de-doigt-4-5-gauche-droite-Orthopedic-1908.jpg","type":"image\/jpeg"}],"twitter_card":"summary_large_image","twitter_misc":{"Dur\u00e9e de lecture estim\u00e9e":"1 minute"},"schema":{"@context":"https:\/\/schema.org","@graph":[{"@type":"WebPage","@id":"https:\/\/sublimationsoinsexperts.com\/index.php\/product\/attelle-de-doigt-4-5-gauche-droite-orthopedic-1908\/","url":"https:\/\/sublimationsoinsexperts.com\/index.php\/product\/attelle-de-doigt-4-5-gauche-droite-orthopedic-1908\/","name":"Attelle de doigt 4\/5 gauche \/ droite \u2013 Orthopedic 1908 - Sublimation soins experts","isPartOf":{"@id":"https:\/\/sublimationsoinsexperts.com\/#website"},"primaryImageOfPage":{"@id":"https:\/\/sublimationsoinsexperts.com\/index.php\/product\/attelle-de-doigt-4-5-gauche-droite-orthopedic-1908\/#primaryimage"},"image":{"@id":"https:\/\/sublimationsoinsexperts.com\/index.php\/product\/attelle-de-doigt-4-5-gauche-droite-orthopedic-1908\/#primaryimage"},"thumbnailUrl":"https:\/\/sublimationsoinsexperts.com\/wp-content\/uploads\/2024\/05\/O106.100_Attelle-de-doigt-4-5-gauche-droite-Orthopedic-1908.jpg","datePublished":"2024-05-05T22:11:37+00:00","dateModified":"2024-05-05T22:15:51+00:00","breadcrumb":{"@id":"https:\/\/sublimationsoinsexperts.com\/index.php\/product\/attelle-de-doigt-4-5-gauche-droite-orthopedic-1908\/#breadcrumb"},"inLanguage":"fr-FR","potentialAction":[{"@type":"ReadAction","target":["https:\/\/sublimationsoinsexperts.com\/index.php\/product\/attelle-de-doigt-4-5-gauche-droite-orthopedic-1908\/"]}]},{"@type":"ImageObject","inLanguage":"fr-FR","@id":"https:\/\/sublimationsoinsexperts.com\/index.php\/product\/attelle-de-doigt-4-5-gauche-droite-orthopedic-1908\/#primaryimage","url":"https:\/\/sublimationsoinsexperts.com\/wp-content\/uploads\/2024\/05\/O106.100_Attelle-de-doigt-4-5-gauche-droite-Orthopedic-1908.jpg","contentUrl":"https:\/\/sublimationsoinsexperts.com\/wp-content\/uploads\/2024\/05\/O106.100_Attelle-de-doigt-4-5-gauche-droite-Orthopedic-1908.jpg","width":236,"height":400},{"@type":"BreadcrumbList","@id":"https:\/\/sublimationsoinsexperts.com\/index.php\/product\/attelle-de-doigt-4-5-gauche-droite-orthopedic-1908\/#breadcrumb","itemListElement":[{"@type":"ListItem","position":1,"name":"Accueil","item":"https:\/\/sublimationsoinsexperts.com\/"},{"@type":"ListItem","position":2,"name":"Shop","item":"https:\/\/sublimationsoinsexperts.com\/index.php\/shop\/"},{"@type":"ListItem","position":3,"name":"Attelle de doigt 4\/5 gauche \/ droite \u2013 Orthopedic 1908"}]},{"@type":"WebSite","@id":"https:\/\/sublimationsoinsexperts.com\/#website","url":"https:\/\/sublimationsoinsexperts.com\/","name":"Sublimation soins experts","description":"","potentialAction":[{"@type":"SearchAction","target":{"@type":"EntryPoint","urlTemplate":"https:\/\/sublimationsoinsexperts.com\/?s={search_term_string}"},"query-input":{"@type":"PropertyValueSpecification","valueRequired":true,"valueName":"search_term_string"}}],"inLanguage":"fr-FR"}]}},"_links":{"self":[{"href":"https:\/\/sublimationsoinsexperts.com\/index.php\/wp-json\/wp\/v2\/product\/3290","targetHints":{"allow":["GET"]}}],"collection":[{"href":"https:\/\/sublimationsoinsexperts.com\/index.php\/wp-json\/wp\/v2\/product"}],"about":[{"href":"https:\/\/sublimationsoinsexperts.com\/index.php\/wp-json\/wp\/v2\/types\/product"}],"replies":[{"embeddable":true,"href":"https:\/\/sublimationsoinsexperts.com\/index.php\/wp-json\/wp\/v2\/comments?post=3290"}],"wp:featuredmedia":[{"embeddable":true,"href":"https:\/\/sublimationsoinsexperts.com\/index.php\/wp-json\/wp\/v2\/media\/3297"}],"wp:attachment":[{"href":"https:\/\/sublimationsoinsexperts.com\/index.php\/wp-json\/wp\/v2\/media?parent=3290"}],"wp:term":[{"taxonomy":"product_brand","embeddable":true,"href":"https:\/\/sublimationsoinsexperts.com\/index.php\/wp-json\/wp\/v2\/product_brand?post=3290"},{"taxonomy":"product_cat","embeddable":true,"href":"https:\/\/sublimationsoinsexperts.com\/index.php\/wp-json\/wp\/v2\/product_cat?post=3290"},{"taxonomy":"product_tag","embeddable":true,"href":"https:\/\/sublimationsoinsexperts.com\/index.php\/wp-json\/wp\/v2\/product_tag?post=3290"}],"curies":[{"name":"wp","href":"https:\/\/api.w.org\/{rel}","templated":true}]}}