{"id":3299,"date":"2024-05-05T23:40:12","date_gmt":"2024-05-05T22:40:12","guid":{"rendered":"https:\/\/sublimationsoinsexperts.com\/?post_type=product&#038;p=3299"},"modified":"2024-05-05T23:40:12","modified_gmt":"2024-05-05T22:40:12","slug":"cuissard-neoprene-orthopedic-2170-10","status":"publish","type":"product","link":"https:\/\/sublimationsoinsexperts.com\/index.php\/product\/cuissard-neoprene-orthopedic-2170-10\/","title":{"rendered":"Cuissard N\u00e9opr\u00e8ne &#8211; Orthopedic 2170-10"},"content":{"rendered":"<p>\u2022 Dispositif con\u00e7u pour une utilisation quotidienne lorsqu&rsquo;une compression est n\u00e9cessaire pour permettre le mouvement.<br \/>\n\u2022 Orth\u00e8se ajustable gr\u00e2ce \u00e0 sa bande de fermeture pour faciliter l&rsquo;adaptation.<br \/>\n\u2022 Elle est accompagn\u00e9e d&rsquo;un effet thermique afin de mieux soulager les douleurs, assurant un maintien, une stabilit\u00e9 et l&rsquo;\u00e9limination des tensions.<br \/>\n\u2022 Utilisation en cas de :<br \/>\n&#8211; l\u00e9sions musculaires des adducteurs<br \/>\n&#8211; \u00e9longations et \u00e9tirement<br \/>\n&#8211; d\u00e9chirures fibrillaires des quadriceps<\/p>\n<p>&nbsp;<\/p>\n<p>REF 107.110<\/p>\n","protected":false},"excerpt":{"rendered":"<p>\u2022 Dispositif con\u00e7u pour une utilisation quotidienne lorsqu&rsquo;une compression est n\u00e9cessaire pour permettre le mouvement. \u2022 Orth\u00e8se ajustable gr\u00e2ce \u00e0 sa bande de fermeture pour faciliter l&rsquo;adaptation. \u2022 Elle est accompagn\u00e9e d&rsquo;un effet thermique afin de mieux soulager les douleurs, assurant un maintien, une stabilit\u00e9 et l&rsquo;\u00e9limination des tensions. \u2022 Utilisation en cas de : [&hellip;]<\/p>\n","protected":false},"featured_media":3298,"comment_status":"open","ping_status":"closed","template":"","meta":[],"product_brand":[],"product_cat":[164,111],"product_tag":[],"class_list":{"0":"post-3299","1":"product","2":"type-product","3":"status-publish","4":"has-post-thumbnail","6":"product_cat-cuissard","7":"product_cat-orthopedie","9":"first","10":"instock","11":"shipping-taxable","12":"purchasable","13":"product-type-simple"},"yoast_head":"<!-- This site is optimized with the Yoast SEO plugin v27.4 - https:\/\/yoast.com\/product\/yoast-seo-wordpress\/ -->\n<title>Cuissard N\u00e9opr\u00e8ne &#8211; Orthopedic 2170-10 - Sublimation soins experts<\/title>\n<meta name=\"robots\" content=\"index, follow, max-snippet:-1, max-image-preview:large, max-video-preview:-1\" \/>\n<link rel=\"canonical\" href=\"https:\/\/sublimationsoinsexperts.com\/index.php\/product\/cuissard-neoprene-orthopedic-2170-10\/\" \/>\n<meta property=\"og:locale\" content=\"fr_FR\" \/>\n<meta property=\"og:type\" content=\"article\" \/>\n<meta property=\"og:title\" content=\"Cuissard N\u00e9opr\u00e8ne &#8211; Orthopedic 2170-10 - Sublimation soins experts\" \/>\n<meta property=\"og:description\" content=\"\u2022 Dispositif con\u00e7u pour une utilisation quotidienne lorsqu&rsquo;une compression est n\u00e9cessaire pour permettre le mouvement. \u2022 Orth\u00e8se ajustable gr\u00e2ce \u00e0 sa bande de fermeture pour faciliter l&rsquo;adaptation. \u2022 Elle est accompagn\u00e9e d&rsquo;un effet thermique afin de mieux soulager les douleurs, assurant un maintien, une stabilit\u00e9 et l&rsquo;\u00e9limination des tensions. \u2022 Utilisation en cas de : [&hellip;]\" \/>\n<meta property=\"og:url\" content=\"https:\/\/sublimationsoinsexperts.com\/index.php\/product\/cuissard-neoprene-orthopedic-2170-10\/\" \/>\n<meta property=\"og:site_name\" content=\"Sublimation soins experts\" \/>\n<meta property=\"og:image\" content=\"http:\/\/sublimationsoinsexperts.com\/wp-content\/uploads\/2024\/05\/O107.110_CUISSARD.jpg\" \/>\n\t<meta property=\"og:image:width\" content=\"214\" \/>\n\t<meta property=\"og:image:height\" content=\"400\" \/>\n\t<meta property=\"og:image:type\" content=\"image\/jpeg\" \/>\n<meta name=\"twitter:card\" content=\"summary_large_image\" \/>\n<meta name=\"twitter:label1\" content=\"Dur\u00e9e de lecture estim\u00e9e\" \/>\n\t<meta name=\"twitter:data1\" content=\"1 minute\" \/>\n<script type=\"application\/ld+json\" class=\"yoast-schema-graph\">{\"@context\":\"https:\\\/\\\/schema.org\",\"@graph\":[{\"@type\":\"WebPage\",\"@id\":\"https:\\\/\\\/sublimationsoinsexperts.com\\\/index.php\\\/product\\\/cuissard-neoprene-orthopedic-2170-10\\\/\",\"url\":\"https:\\\/\\\/sublimationsoinsexperts.com\\\/index.php\\\/product\\\/cuissard-neoprene-orthopedic-2170-10\\\/\",\"name\":\"Cuissard N\u00e9opr\u00e8ne &#8211; Orthopedic 2170-10 - Sublimation soins experts\",\"isPartOf\":{\"@id\":\"https:\\\/\\\/sublimationsoinsexperts.com\\\/#website\"},\"primaryImageOfPage\":{\"@id\":\"https:\\\/\\\/sublimationsoinsexperts.com\\\/index.php\\\/product\\\/cuissard-neoprene-orthopedic-2170-10\\\/#primaryimage\"},\"image\":{\"@id\":\"https:\\\/\\\/sublimationsoinsexperts.com\\\/index.php\\\/product\\\/cuissard-neoprene-orthopedic-2170-10\\\/#primaryimage\"},\"thumbnailUrl\":\"https:\\\/\\\/sublimationsoinsexperts.com\\\/wp-content\\\/uploads\\\/2024\\\/05\\\/O107.110_CUISSARD.jpg\",\"datePublished\":\"2024-05-05T22:40:12+00:00\",\"breadcrumb\":{\"@id\":\"https:\\\/\\\/sublimationsoinsexperts.com\\\/index.php\\\/product\\\/cuissard-neoprene-orthopedic-2170-10\\\/#breadcrumb\"},\"inLanguage\":\"fr-FR\",\"potentialAction\":[{\"@type\":\"ReadAction\",\"target\":[\"https:\\\/\\\/sublimationsoinsexperts.com\\\/index.php\\\/product\\\/cuissard-neoprene-orthopedic-2170-10\\\/\"]}]},{\"@type\":\"ImageObject\",\"inLanguage\":\"fr-FR\",\"@id\":\"https:\\\/\\\/sublimationsoinsexperts.com\\\/index.php\\\/product\\\/cuissard-neoprene-orthopedic-2170-10\\\/#primaryimage\",\"url\":\"https:\\\/\\\/sublimationsoinsexperts.com\\\/wp-content\\\/uploads\\\/2024\\\/05\\\/O107.110_CUISSARD.jpg\",\"contentUrl\":\"https:\\\/\\\/sublimationsoinsexperts.com\\\/wp-content\\\/uploads\\\/2024\\\/05\\\/O107.110_CUISSARD.jpg\",\"width\":214,\"height\":400},{\"@type\":\"BreadcrumbList\",\"@id\":\"https:\\\/\\\/sublimationsoinsexperts.com\\\/index.php\\\/product\\\/cuissard-neoprene-orthopedic-2170-10\\\/#breadcrumb\",\"itemListElement\":[{\"@type\":\"ListItem\",\"position\":1,\"name\":\"Accueil\",\"item\":\"https:\\\/\\\/sublimationsoinsexperts.com\\\/\"},{\"@type\":\"ListItem\",\"position\":2,\"name\":\"Shop\",\"item\":\"https:\\\/\\\/sublimationsoinsexperts.com\\\/index.php\\\/shop\\\/\"},{\"@type\":\"ListItem\",\"position\":3,\"name\":\"Cuissard N\u00e9opr\u00e8ne &#8211; Orthopedic 2170-10\"}]},{\"@type\":\"WebSite\",\"@id\":\"https:\\\/\\\/sublimationsoinsexperts.com\\\/#website\",\"url\":\"https:\\\/\\\/sublimationsoinsexperts.com\\\/\",\"name\":\"Sublimation soins experts\",\"description\":\"\",\"potentialAction\":[{\"@type\":\"SearchAction\",\"target\":{\"@type\":\"EntryPoint\",\"urlTemplate\":\"https:\\\/\\\/sublimationsoinsexperts.com\\\/?s={search_term_string}\"},\"query-input\":{\"@type\":\"PropertyValueSpecification\",\"valueRequired\":true,\"valueName\":\"search_term_string\"}}],\"inLanguage\":\"fr-FR\"}]}<\/script>\n<!-- \/ Yoast SEO plugin. -->","yoast_head_json":{"title":"Cuissard N\u00e9opr\u00e8ne &#8211; Orthopedic 2170-10 - Sublimation soins experts","robots":{"index":"index","follow":"follow","max-snippet":"max-snippet:-1","max-image-preview":"max-image-preview:large","max-video-preview":"max-video-preview:-1"},"canonical":"https:\/\/sublimationsoinsexperts.com\/index.php\/product\/cuissard-neoprene-orthopedic-2170-10\/","og_locale":"fr_FR","og_type":"article","og_title":"Cuissard N\u00e9opr\u00e8ne &#8211; Orthopedic 2170-10 - Sublimation soins experts","og_description":"\u2022 Dispositif con\u00e7u pour une utilisation quotidienne lorsqu&rsquo;une compression est n\u00e9cessaire pour permettre le mouvement. \u2022 Orth\u00e8se ajustable gr\u00e2ce \u00e0 sa bande de fermeture pour faciliter l&rsquo;adaptation. \u2022 Elle est accompagn\u00e9e d&rsquo;un effet thermique afin de mieux soulager les douleurs, assurant un maintien, une stabilit\u00e9 et l&rsquo;\u00e9limination des tensions. \u2022 Utilisation en cas de : [&hellip;]","og_url":"https:\/\/sublimationsoinsexperts.com\/index.php\/product\/cuissard-neoprene-orthopedic-2170-10\/","og_site_name":"Sublimation soins experts","og_image":[{"width":214,"height":400,"url":"http:\/\/sublimationsoinsexperts.com\/wp-content\/uploads\/2024\/05\/O107.110_CUISSARD.jpg","type":"image\/jpeg"}],"twitter_card":"summary_large_image","twitter_misc":{"Dur\u00e9e de lecture estim\u00e9e":"1 minute"},"schema":{"@context":"https:\/\/schema.org","@graph":[{"@type":"WebPage","@id":"https:\/\/sublimationsoinsexperts.com\/index.php\/product\/cuissard-neoprene-orthopedic-2170-10\/","url":"https:\/\/sublimationsoinsexperts.com\/index.php\/product\/cuissard-neoprene-orthopedic-2170-10\/","name":"Cuissard N\u00e9opr\u00e8ne &#8211; Orthopedic 2170-10 - Sublimation soins experts","isPartOf":{"@id":"https:\/\/sublimationsoinsexperts.com\/#website"},"primaryImageOfPage":{"@id":"https:\/\/sublimationsoinsexperts.com\/index.php\/product\/cuissard-neoprene-orthopedic-2170-10\/#primaryimage"},"image":{"@id":"https:\/\/sublimationsoinsexperts.com\/index.php\/product\/cuissard-neoprene-orthopedic-2170-10\/#primaryimage"},"thumbnailUrl":"https:\/\/sublimationsoinsexperts.com\/wp-content\/uploads\/2024\/05\/O107.110_CUISSARD.jpg","datePublished":"2024-05-05T22:40:12+00:00","breadcrumb":{"@id":"https:\/\/sublimationsoinsexperts.com\/index.php\/product\/cuissard-neoprene-orthopedic-2170-10\/#breadcrumb"},"inLanguage":"fr-FR","potentialAction":[{"@type":"ReadAction","target":["https:\/\/sublimationsoinsexperts.com\/index.php\/product\/cuissard-neoprene-orthopedic-2170-10\/"]}]},{"@type":"ImageObject","inLanguage":"fr-FR","@id":"https:\/\/sublimationsoinsexperts.com\/index.php\/product\/cuissard-neoprene-orthopedic-2170-10\/#primaryimage","url":"https:\/\/sublimationsoinsexperts.com\/wp-content\/uploads\/2024\/05\/O107.110_CUISSARD.jpg","contentUrl":"https:\/\/sublimationsoinsexperts.com\/wp-content\/uploads\/2024\/05\/O107.110_CUISSARD.jpg","width":214,"height":400},{"@type":"BreadcrumbList","@id":"https:\/\/sublimationsoinsexperts.com\/index.php\/product\/cuissard-neoprene-orthopedic-2170-10\/#breadcrumb","itemListElement":[{"@type":"ListItem","position":1,"name":"Accueil","item":"https:\/\/sublimationsoinsexperts.com\/"},{"@type":"ListItem","position":2,"name":"Shop","item":"https:\/\/sublimationsoinsexperts.com\/index.php\/shop\/"},{"@type":"ListItem","position":3,"name":"Cuissard N\u00e9opr\u00e8ne &#8211; Orthopedic 2170-10"}]},{"@type":"WebSite","@id":"https:\/\/sublimationsoinsexperts.com\/#website","url":"https:\/\/sublimationsoinsexperts.com\/","name":"Sublimation soins experts","description":"","potentialAction":[{"@type":"SearchAction","target":{"@type":"EntryPoint","urlTemplate":"https:\/\/sublimationsoinsexperts.com\/?s={search_term_string}"},"query-input":{"@type":"PropertyValueSpecification","valueRequired":true,"valueName":"search_term_string"}}],"inLanguage":"fr-FR"}]}},"_links":{"self":[{"href":"https:\/\/sublimationsoinsexperts.com\/index.php\/wp-json\/wp\/v2\/product\/3299","targetHints":{"allow":["GET"]}}],"collection":[{"href":"https:\/\/sublimationsoinsexperts.com\/index.php\/wp-json\/wp\/v2\/product"}],"about":[{"href":"https:\/\/sublimationsoinsexperts.com\/index.php\/wp-json\/wp\/v2\/types\/product"}],"replies":[{"embeddable":true,"href":"https:\/\/sublimationsoinsexperts.com\/index.php\/wp-json\/wp\/v2\/comments?post=3299"}],"wp:featuredmedia":[{"embeddable":true,"href":"https:\/\/sublimationsoinsexperts.com\/index.php\/wp-json\/wp\/v2\/media\/3298"}],"wp:attachment":[{"href":"https:\/\/sublimationsoinsexperts.com\/index.php\/wp-json\/wp\/v2\/media?parent=3299"}],"wp:term":[{"taxonomy":"product_brand","embeddable":true,"href":"https:\/\/sublimationsoinsexperts.com\/index.php\/wp-json\/wp\/v2\/product_brand?post=3299"},{"taxonomy":"product_cat","embeddable":true,"href":"https:\/\/sublimationsoinsexperts.com\/index.php\/wp-json\/wp\/v2\/product_cat?post=3299"},{"taxonomy":"product_tag","embeddable":true,"href":"https:\/\/sublimationsoinsexperts.com\/index.php\/wp-json\/wp\/v2\/product_tag?post=3299"}],"curies":[{"name":"wp","href":"https:\/\/api.w.org\/{rel}","templated":true}]}}