{"id":3302,"date":"2024-05-05T23:55:17","date_gmt":"2024-05-05T22:55:17","guid":{"rendered":"https:\/\/sublimationsoinsexperts.com\/?post_type=product&#038;p=3302"},"modified":"2024-05-05T23:55:17","modified_gmt":"2024-05-05T22:55:17","slug":"orthese-poignet-pouce-neoprene-orthopedic-2130-10","status":"publish","type":"product","link":"https:\/\/sublimationsoinsexperts.com\/index.php\/product\/orthese-poignet-pouce-neoprene-orthopedic-2130-10\/","title":{"rendered":"Orth\u00e8se poignet-pouce n\u00e9opr\u00e8ne &#8211; Orthopedic 2130-10"},"content":{"rendered":"<p>\u2022 Dispositif con\u00e7u pour une utilisation quotidienne lorsqu&rsquo;une compression est n\u00e9cessaire pour permettre le mouvement.<br \/>\n\u2022 Orth\u00e8se ajustable gr\u00e2ce \u00e0 sa bande de fermeture pour faciliter l&rsquo;adaptation.<br \/>\n\u2022 Elle est accompagn\u00e9e d&rsquo;un effet thermique afin de mieux soulager les douleurs, assurant un maintien, une stabilit\u00e9 et l&rsquo;\u00e9limination des tensions.<br \/>\n\u2022 Utilisation en cas de:<br \/>\n&#8211; blessure mineures au poignet<br \/>\n&#8211; arthrose l\u00e9g\u00e8re<br \/>\n&#8211; bursite<br \/>\n&#8211; arthrite<br \/>\n&#8211; traumatisme articulaire mineur<\/p>\n","protected":false},"excerpt":{"rendered":"<p>\u2022 Dispositif con\u00e7u pour une utilisation quotidienne lorsqu&rsquo;une compression est n\u00e9cessaire pour permettre le mouvement. \u2022 Orth\u00e8se ajustable gr\u00e2ce \u00e0 sa bande de fermeture pour faciliter l&rsquo;adaptation. \u2022 Elle est accompagn\u00e9e d&rsquo;un effet thermique afin de mieux soulager les douleurs, assurant un maintien, une stabilit\u00e9 et l&rsquo;\u00e9limination des tensions. \u2022 Utilisation en cas de: &#8211; [&hellip;]<\/p>\n","protected":false},"featured_media":0,"comment_status":"open","ping_status":"closed","template":"","meta":[],"product_brand":[],"product_cat":[120,111],"product_tag":[],"class_list":{"0":"post-3302","1":"product","2":"type-product","3":"status-publish","5":"product_cat-attelle-de-doigt","6":"product_cat-orthopedie","8":"first","9":"instock","10":"shipping-taxable","11":"purchasable","12":"product-type-simple"},"yoast_head":"<!-- This site is optimized with the Yoast SEO plugin v27.3 - https:\/\/yoast.com\/product\/yoast-seo-wordpress\/ -->\n<title>Orth\u00e8se poignet-pouce n\u00e9opr\u00e8ne &#8211; Orthopedic 2130-10 - Sublimation soins experts<\/title>\n<meta name=\"robots\" content=\"index, follow, max-snippet:-1, max-image-preview:large, max-video-preview:-1\" \/>\n<link rel=\"canonical\" href=\"https:\/\/sublimationsoinsexperts.com\/index.php\/product\/orthese-poignet-pouce-neoprene-orthopedic-2130-10\/\" \/>\n<meta property=\"og:locale\" content=\"fr_FR\" \/>\n<meta property=\"og:type\" content=\"article\" \/>\n<meta property=\"og:title\" content=\"Orth\u00e8se poignet-pouce n\u00e9opr\u00e8ne &#8211; Orthopedic 2130-10 - Sublimation soins experts\" \/>\n<meta property=\"og:description\" content=\"\u2022 Dispositif con\u00e7u pour une utilisation quotidienne lorsqu&rsquo;une compression est n\u00e9cessaire pour permettre le mouvement. \u2022 Orth\u00e8se ajustable gr\u00e2ce \u00e0 sa bande de fermeture pour faciliter l&rsquo;adaptation. \u2022 Elle est accompagn\u00e9e d&rsquo;un effet thermique afin de mieux soulager les douleurs, assurant un maintien, une stabilit\u00e9 et l&rsquo;\u00e9limination des tensions. \u2022 Utilisation en cas de: &#8211; [&hellip;]\" \/>\n<meta property=\"og:url\" content=\"https:\/\/sublimationsoinsexperts.com\/index.php\/product\/orthese-poignet-pouce-neoprene-orthopedic-2130-10\/\" \/>\n<meta property=\"og:site_name\" content=\"Sublimation soins experts\" \/>\n<meta name=\"twitter:card\" content=\"summary_large_image\" \/>\n<meta name=\"twitter:label1\" content=\"Dur\u00e9e de lecture estim\u00e9e\" \/>\n\t<meta name=\"twitter:data1\" content=\"1 minute\" \/>\n<script type=\"application\/ld+json\" class=\"yoast-schema-graph\">{\"@context\":\"https:\\\/\\\/schema.org\",\"@graph\":[{\"@type\":\"WebPage\",\"@id\":\"https:\\\/\\\/sublimationsoinsexperts.com\\\/index.php\\\/product\\\/orthese-poignet-pouce-neoprene-orthopedic-2130-10\\\/\",\"url\":\"https:\\\/\\\/sublimationsoinsexperts.com\\\/index.php\\\/product\\\/orthese-poignet-pouce-neoprene-orthopedic-2130-10\\\/\",\"name\":\"Orth\u00e8se poignet-pouce n\u00e9opr\u00e8ne &#8211; Orthopedic 2130-10 - Sublimation soins experts\",\"isPartOf\":{\"@id\":\"https:\\\/\\\/sublimationsoinsexperts.com\\\/#website\"},\"datePublished\":\"2024-05-05T22:55:17+00:00\",\"breadcrumb\":{\"@id\":\"https:\\\/\\\/sublimationsoinsexperts.com\\\/index.php\\\/product\\\/orthese-poignet-pouce-neoprene-orthopedic-2130-10\\\/#breadcrumb\"},\"inLanguage\":\"fr-FR\",\"potentialAction\":[{\"@type\":\"ReadAction\",\"target\":[\"https:\\\/\\\/sublimationsoinsexperts.com\\\/index.php\\\/product\\\/orthese-poignet-pouce-neoprene-orthopedic-2130-10\\\/\"]}]},{\"@type\":\"BreadcrumbList\",\"@id\":\"https:\\\/\\\/sublimationsoinsexperts.com\\\/index.php\\\/product\\\/orthese-poignet-pouce-neoprene-orthopedic-2130-10\\\/#breadcrumb\",\"itemListElement\":[{\"@type\":\"ListItem\",\"position\":1,\"name\":\"Accueil\",\"item\":\"https:\\\/\\\/sublimationsoinsexperts.com\\\/\"},{\"@type\":\"ListItem\",\"position\":2,\"name\":\"Shop\",\"item\":\"https:\\\/\\\/sublimationsoinsexperts.com\\\/index.php\\\/shop\\\/\"},{\"@type\":\"ListItem\",\"position\":3,\"name\":\"Orth\u00e8se poignet-pouce n\u00e9opr\u00e8ne &#8211; Orthopedic 2130-10\"}]},{\"@type\":\"WebSite\",\"@id\":\"https:\\\/\\\/sublimationsoinsexperts.com\\\/#website\",\"url\":\"https:\\\/\\\/sublimationsoinsexperts.com\\\/\",\"name\":\"Sublimation soins experts\",\"description\":\"\",\"potentialAction\":[{\"@type\":\"SearchAction\",\"target\":{\"@type\":\"EntryPoint\",\"urlTemplate\":\"https:\\\/\\\/sublimationsoinsexperts.com\\\/?s={search_term_string}\"},\"query-input\":{\"@type\":\"PropertyValueSpecification\",\"valueRequired\":true,\"valueName\":\"search_term_string\"}}],\"inLanguage\":\"fr-FR\"}]}<\/script>\n<!-- \/ Yoast SEO plugin. -->","yoast_head_json":{"title":"Orth\u00e8se poignet-pouce n\u00e9opr\u00e8ne &#8211; Orthopedic 2130-10 - Sublimation soins experts","robots":{"index":"index","follow":"follow","max-snippet":"max-snippet:-1","max-image-preview":"max-image-preview:large","max-video-preview":"max-video-preview:-1"},"canonical":"https:\/\/sublimationsoinsexperts.com\/index.php\/product\/orthese-poignet-pouce-neoprene-orthopedic-2130-10\/","og_locale":"fr_FR","og_type":"article","og_title":"Orth\u00e8se poignet-pouce n\u00e9opr\u00e8ne &#8211; Orthopedic 2130-10 - Sublimation soins experts","og_description":"\u2022 Dispositif con\u00e7u pour une utilisation quotidienne lorsqu&rsquo;une compression est n\u00e9cessaire pour permettre le mouvement. \u2022 Orth\u00e8se ajustable gr\u00e2ce \u00e0 sa bande de fermeture pour faciliter l&rsquo;adaptation. \u2022 Elle est accompagn\u00e9e d&rsquo;un effet thermique afin de mieux soulager les douleurs, assurant un maintien, une stabilit\u00e9 et l&rsquo;\u00e9limination des tensions. \u2022 Utilisation en cas de: &#8211; [&hellip;]","og_url":"https:\/\/sublimationsoinsexperts.com\/index.php\/product\/orthese-poignet-pouce-neoprene-orthopedic-2130-10\/","og_site_name":"Sublimation soins experts","twitter_card":"summary_large_image","twitter_misc":{"Dur\u00e9e de lecture estim\u00e9e":"1 minute"},"schema":{"@context":"https:\/\/schema.org","@graph":[{"@type":"WebPage","@id":"https:\/\/sublimationsoinsexperts.com\/index.php\/product\/orthese-poignet-pouce-neoprene-orthopedic-2130-10\/","url":"https:\/\/sublimationsoinsexperts.com\/index.php\/product\/orthese-poignet-pouce-neoprene-orthopedic-2130-10\/","name":"Orth\u00e8se poignet-pouce n\u00e9opr\u00e8ne &#8211; Orthopedic 2130-10 - Sublimation soins experts","isPartOf":{"@id":"https:\/\/sublimationsoinsexperts.com\/#website"},"datePublished":"2024-05-05T22:55:17+00:00","breadcrumb":{"@id":"https:\/\/sublimationsoinsexperts.com\/index.php\/product\/orthese-poignet-pouce-neoprene-orthopedic-2130-10\/#breadcrumb"},"inLanguage":"fr-FR","potentialAction":[{"@type":"ReadAction","target":["https:\/\/sublimationsoinsexperts.com\/index.php\/product\/orthese-poignet-pouce-neoprene-orthopedic-2130-10\/"]}]},{"@type":"BreadcrumbList","@id":"https:\/\/sublimationsoinsexperts.com\/index.php\/product\/orthese-poignet-pouce-neoprene-orthopedic-2130-10\/#breadcrumb","itemListElement":[{"@type":"ListItem","position":1,"name":"Accueil","item":"https:\/\/sublimationsoinsexperts.com\/"},{"@type":"ListItem","position":2,"name":"Shop","item":"https:\/\/sublimationsoinsexperts.com\/index.php\/shop\/"},{"@type":"ListItem","position":3,"name":"Orth\u00e8se poignet-pouce n\u00e9opr\u00e8ne &#8211; Orthopedic 2130-10"}]},{"@type":"WebSite","@id":"https:\/\/sublimationsoinsexperts.com\/#website","url":"https:\/\/sublimationsoinsexperts.com\/","name":"Sublimation soins experts","description":"","potentialAction":[{"@type":"SearchAction","target":{"@type":"EntryPoint","urlTemplate":"https:\/\/sublimationsoinsexperts.com\/?s={search_term_string}"},"query-input":{"@type":"PropertyValueSpecification","valueRequired":true,"valueName":"search_term_string"}}],"inLanguage":"fr-FR"}]}},"_links":{"self":[{"href":"https:\/\/sublimationsoinsexperts.com\/index.php\/wp-json\/wp\/v2\/product\/3302","targetHints":{"allow":["GET"]}}],"collection":[{"href":"https:\/\/sublimationsoinsexperts.com\/index.php\/wp-json\/wp\/v2\/product"}],"about":[{"href":"https:\/\/sublimationsoinsexperts.com\/index.php\/wp-json\/wp\/v2\/types\/product"}],"replies":[{"embeddable":true,"href":"https:\/\/sublimationsoinsexperts.com\/index.php\/wp-json\/wp\/v2\/comments?post=3302"}],"wp:attachment":[{"href":"https:\/\/sublimationsoinsexperts.com\/index.php\/wp-json\/wp\/v2\/media?parent=3302"}],"wp:term":[{"taxonomy":"product_brand","embeddable":true,"href":"https:\/\/sublimationsoinsexperts.com\/index.php\/wp-json\/wp\/v2\/product_brand?post=3302"},{"taxonomy":"product_cat","embeddable":true,"href":"https:\/\/sublimationsoinsexperts.com\/index.php\/wp-json\/wp\/v2\/product_cat?post=3302"},{"taxonomy":"product_tag","embeddable":true,"href":"https:\/\/sublimationsoinsexperts.com\/index.php\/wp-json\/wp\/v2\/product_tag?post=3302"}],"curies":[{"name":"wp","href":"https:\/\/api.w.org\/{rel}","templated":true}]}}