{"id":3359,"date":"2025-08-11T09:24:44","date_gmt":"2025-08-11T08:24:44","guid":{"rendered":"https:\/\/sublimationsoinsexperts.com\/?post_type=product&#038;p=3359"},"modified":"2025-08-11T09:38:37","modified_gmt":"2025-08-11T08:38:37","slug":"canne-anglaise-evolution-alu-avec-poignee-gris-fonce","status":"publish","type":"product","link":"https:\/\/sublimationsoinsexperts.com\/index.php\/product\/canne-anglaise-evolution-alu-avec-poignee-gris-fonce\/","title":{"rendered":"Canne anglaise Evolution, alu, avec poign\u00e9e gris fonc\u00e9"},"content":{"rendered":"<p>\u2022 Un design associ\u00e9 \u00e0 une ergonomie optimale, assure une parfaite pr\u00e9hension de la main et un bon positionnement de l\u2019avant bras.<br \/>\n\u2022 Le tube inf\u00e9rieur est \u00e9quip\u00e9 d\u2019un bouchon anti bruit, et le clip permet une amplitude de r\u00e9glage importante.<br \/>\n\u2022 Cette canne supporte 130 kg et fait l\u2019objet d\u2019une certification aupr\u00e8s d\u2019un laboratoire Europ\u00e9en r\u00e9put\u00e9 (GsT\u00fcv Berlin).<br \/>\n\u2022 Mat\u00e9riaux : Polypropyl\u00e8ne et duraluminium.<br \/>\n\u2022 Poids max autoris\u00e9: 130 kg<br \/>\n\u2022 Hauteur max: 121 cm<br \/>\n\u2022 Hauteur min: 96 cm<br \/>\n\u2022 Hauteur poign\u00e9e\/sol: 77\/98 cm<br \/>\n\u2022 Longueur poign\u00e9e: 10 cm<br \/>\n\u2022 Largeur manchette: 11 cm<br \/>\n\u2022 Hauteur appui brachial: 22 cm<br \/>\n\u2022 Diam\u00e8tre ext\u00e9rieur embout: 40 mm<br \/>\n\u2022 Diam\u00e8tre int\u00e9rieur: 18 mm<br \/>\n\u2022 Poids canne: 510 g<\/p>\n<p>&nbsp;<\/p>\n<p>REF GOHY 060.030<\/p>\n","protected":false},"excerpt":{"rendered":"<p>\u2022 Un design associ\u00e9 \u00e0 une ergonomie optimale, assure une parfaite pr\u00e9hension de la main et un bon positionnement de l\u2019avant bras. \u2022 Le tube inf\u00e9rieur est \u00e9quip\u00e9 d\u2019un bouchon anti bruit, et le clip permet une amplitude de r\u00e9glage importante. \u2022 Cette canne supporte 130 kg et fait l\u2019objet d\u2019une certification aupr\u00e8s d\u2019un laboratoire [&hellip;]<\/p>\n","protected":false},"featured_media":3360,"comment_status":"open","ping_status":"closed","template":"","meta":[],"product_brand":[],"product_cat":[127,112],"product_tag":[],"class_list":{"0":"post-3359","1":"product","2":"type-product","3":"status-publish","4":"has-post-thumbnail","6":"product_cat-bequille-cannes","7":"product_cat-mobilite","9":"first","10":"instock","11":"shipping-taxable","12":"purchasable","13":"product-type-simple"},"yoast_head":"<!-- This site is optimized with the Yoast SEO plugin v27.4 - https:\/\/yoast.com\/product\/yoast-seo-wordpress\/ -->\n<title>Canne anglaise Evolution, alu, avec poign\u00e9e gris fonc\u00e9 - Sublimation soins experts<\/title>\n<meta name=\"robots\" content=\"index, follow, max-snippet:-1, max-image-preview:large, max-video-preview:-1\" \/>\n<link rel=\"canonical\" href=\"https:\/\/sublimationsoinsexperts.com\/index.php\/product\/canne-anglaise-evolution-alu-avec-poignee-gris-fonce\/\" \/>\n<meta property=\"og:locale\" content=\"fr_FR\" \/>\n<meta property=\"og:type\" content=\"article\" \/>\n<meta property=\"og:title\" content=\"Canne anglaise Evolution, alu, avec poign\u00e9e gris fonc\u00e9 - Sublimation soins experts\" \/>\n<meta property=\"og:description\" content=\"\u2022 Un design associ\u00e9 \u00e0 une ergonomie optimale, assure une parfaite pr\u00e9hension de la main et un bon positionnement de l\u2019avant bras. \u2022 Le tube inf\u00e9rieur est \u00e9quip\u00e9 d\u2019un bouchon anti bruit, et le clip permet une amplitude de r\u00e9glage importante. \u2022 Cette canne supporte 130 kg et fait l\u2019objet d\u2019une certification aupr\u00e8s d\u2019un laboratoire [&hellip;]\" \/>\n<meta property=\"og:url\" content=\"https:\/\/sublimationsoinsexperts.com\/index.php\/product\/canne-anglaise-evolution-alu-avec-poignee-gris-fonce\/\" \/>\n<meta property=\"og:site_name\" content=\"Sublimation soins experts\" \/>\n<meta property=\"article:modified_time\" content=\"2025-08-11T08:38:37+00:00\" \/>\n<meta property=\"og:image\" content=\"http:\/\/sublimationsoinsexperts.com\/wp-content\/uploads\/2025\/08\/060.030_Canne-anglaise-EVOLUTION-alu-et-gris-fonce.jpg\" \/>\n\t<meta property=\"og:image:width\" content=\"1006\" \/>\n\t<meta property=\"og:image:height\" content=\"1314\" \/>\n\t<meta property=\"og:image:type\" content=\"image\/jpeg\" \/>\n<meta name=\"twitter:card\" content=\"summary_large_image\" \/>\n<meta name=\"twitter:label1\" content=\"Dur\u00e9e de lecture estim\u00e9e\" \/>\n\t<meta name=\"twitter:data1\" content=\"1 minute\" \/>\n<script type=\"application\/ld+json\" class=\"yoast-schema-graph\">{\"@context\":\"https:\\\/\\\/schema.org\",\"@graph\":[{\"@type\":\"WebPage\",\"@id\":\"https:\\\/\\\/sublimationsoinsexperts.com\\\/index.php\\\/product\\\/canne-anglaise-evolution-alu-avec-poignee-gris-fonce\\\/\",\"url\":\"https:\\\/\\\/sublimationsoinsexperts.com\\\/index.php\\\/product\\\/canne-anglaise-evolution-alu-avec-poignee-gris-fonce\\\/\",\"name\":\"Canne anglaise Evolution, alu, avec poign\u00e9e gris fonc\u00e9 - Sublimation soins experts\",\"isPartOf\":{\"@id\":\"https:\\\/\\\/sublimationsoinsexperts.com\\\/#website\"},\"primaryImageOfPage\":{\"@id\":\"https:\\\/\\\/sublimationsoinsexperts.com\\\/index.php\\\/product\\\/canne-anglaise-evolution-alu-avec-poignee-gris-fonce\\\/#primaryimage\"},\"image\":{\"@id\":\"https:\\\/\\\/sublimationsoinsexperts.com\\\/index.php\\\/product\\\/canne-anglaise-evolution-alu-avec-poignee-gris-fonce\\\/#primaryimage\"},\"thumbnailUrl\":\"https:\\\/\\\/sublimationsoinsexperts.com\\\/wp-content\\\/uploads\\\/2025\\\/08\\\/060.030_Canne-anglaise-EVOLUTION-alu-et-gris-fonce.jpg\",\"datePublished\":\"2025-08-11T08:24:44+00:00\",\"dateModified\":\"2025-08-11T08:38:37+00:00\",\"breadcrumb\":{\"@id\":\"https:\\\/\\\/sublimationsoinsexperts.com\\\/index.php\\\/product\\\/canne-anglaise-evolution-alu-avec-poignee-gris-fonce\\\/#breadcrumb\"},\"inLanguage\":\"fr-FR\",\"potentialAction\":[{\"@type\":\"ReadAction\",\"target\":[\"https:\\\/\\\/sublimationsoinsexperts.com\\\/index.php\\\/product\\\/canne-anglaise-evolution-alu-avec-poignee-gris-fonce\\\/\"]}]},{\"@type\":\"ImageObject\",\"inLanguage\":\"fr-FR\",\"@id\":\"https:\\\/\\\/sublimationsoinsexperts.com\\\/index.php\\\/product\\\/canne-anglaise-evolution-alu-avec-poignee-gris-fonce\\\/#primaryimage\",\"url\":\"https:\\\/\\\/sublimationsoinsexperts.com\\\/wp-content\\\/uploads\\\/2025\\\/08\\\/060.030_Canne-anglaise-EVOLUTION-alu-et-gris-fonce.jpg\",\"contentUrl\":\"https:\\\/\\\/sublimationsoinsexperts.com\\\/wp-content\\\/uploads\\\/2025\\\/08\\\/060.030_Canne-anglaise-EVOLUTION-alu-et-gris-fonce.jpg\",\"width\":1006,\"height\":1314},{\"@type\":\"BreadcrumbList\",\"@id\":\"https:\\\/\\\/sublimationsoinsexperts.com\\\/index.php\\\/product\\\/canne-anglaise-evolution-alu-avec-poignee-gris-fonce\\\/#breadcrumb\",\"itemListElement\":[{\"@type\":\"ListItem\",\"position\":1,\"name\":\"Accueil\",\"item\":\"https:\\\/\\\/sublimationsoinsexperts.com\\\/\"},{\"@type\":\"ListItem\",\"position\":2,\"name\":\"Shop\",\"item\":\"https:\\\/\\\/sublimationsoinsexperts.com\\\/index.php\\\/shop\\\/\"},{\"@type\":\"ListItem\",\"position\":3,\"name\":\"Canne anglaise Evolution, alu, avec poign\u00e9e gris fonc\u00e9\"}]},{\"@type\":\"WebSite\",\"@id\":\"https:\\\/\\\/sublimationsoinsexperts.com\\\/#website\",\"url\":\"https:\\\/\\\/sublimationsoinsexperts.com\\\/\",\"name\":\"Sublimation soins experts\",\"description\":\"\",\"potentialAction\":[{\"@type\":\"SearchAction\",\"target\":{\"@type\":\"EntryPoint\",\"urlTemplate\":\"https:\\\/\\\/sublimationsoinsexperts.com\\\/?s={search_term_string}\"},\"query-input\":{\"@type\":\"PropertyValueSpecification\",\"valueRequired\":true,\"valueName\":\"search_term_string\"}}],\"inLanguage\":\"fr-FR\"}]}<\/script>\n<!-- \/ Yoast SEO plugin. -->","yoast_head_json":{"title":"Canne anglaise Evolution, alu, avec poign\u00e9e gris fonc\u00e9 - Sublimation soins experts","robots":{"index":"index","follow":"follow","max-snippet":"max-snippet:-1","max-image-preview":"max-image-preview:large","max-video-preview":"max-video-preview:-1"},"canonical":"https:\/\/sublimationsoinsexperts.com\/index.php\/product\/canne-anglaise-evolution-alu-avec-poignee-gris-fonce\/","og_locale":"fr_FR","og_type":"article","og_title":"Canne anglaise Evolution, alu, avec poign\u00e9e gris fonc\u00e9 - Sublimation soins experts","og_description":"\u2022 Un design associ\u00e9 \u00e0 une ergonomie optimale, assure une parfaite pr\u00e9hension de la main et un bon positionnement de l\u2019avant bras. \u2022 Le tube inf\u00e9rieur est \u00e9quip\u00e9 d\u2019un bouchon anti bruit, et le clip permet une amplitude de r\u00e9glage importante. \u2022 Cette canne supporte 130 kg et fait l\u2019objet d\u2019une certification aupr\u00e8s d\u2019un laboratoire [&hellip;]","og_url":"https:\/\/sublimationsoinsexperts.com\/index.php\/product\/canne-anglaise-evolution-alu-avec-poignee-gris-fonce\/","og_site_name":"Sublimation soins experts","article_modified_time":"2025-08-11T08:38:37+00:00","og_image":[{"width":1006,"height":1314,"url":"http:\/\/sublimationsoinsexperts.com\/wp-content\/uploads\/2025\/08\/060.030_Canne-anglaise-EVOLUTION-alu-et-gris-fonce.jpg","type":"image\/jpeg"}],"twitter_card":"summary_large_image","twitter_misc":{"Dur\u00e9e de lecture estim\u00e9e":"1 minute"},"schema":{"@context":"https:\/\/schema.org","@graph":[{"@type":"WebPage","@id":"https:\/\/sublimationsoinsexperts.com\/index.php\/product\/canne-anglaise-evolution-alu-avec-poignee-gris-fonce\/","url":"https:\/\/sublimationsoinsexperts.com\/index.php\/product\/canne-anglaise-evolution-alu-avec-poignee-gris-fonce\/","name":"Canne anglaise Evolution, alu, avec poign\u00e9e gris fonc\u00e9 - Sublimation soins experts","isPartOf":{"@id":"https:\/\/sublimationsoinsexperts.com\/#website"},"primaryImageOfPage":{"@id":"https:\/\/sublimationsoinsexperts.com\/index.php\/product\/canne-anglaise-evolution-alu-avec-poignee-gris-fonce\/#primaryimage"},"image":{"@id":"https:\/\/sublimationsoinsexperts.com\/index.php\/product\/canne-anglaise-evolution-alu-avec-poignee-gris-fonce\/#primaryimage"},"thumbnailUrl":"https:\/\/sublimationsoinsexperts.com\/wp-content\/uploads\/2025\/08\/060.030_Canne-anglaise-EVOLUTION-alu-et-gris-fonce.jpg","datePublished":"2025-08-11T08:24:44+00:00","dateModified":"2025-08-11T08:38:37+00:00","breadcrumb":{"@id":"https:\/\/sublimationsoinsexperts.com\/index.php\/product\/canne-anglaise-evolution-alu-avec-poignee-gris-fonce\/#breadcrumb"},"inLanguage":"fr-FR","potentialAction":[{"@type":"ReadAction","target":["https:\/\/sublimationsoinsexperts.com\/index.php\/product\/canne-anglaise-evolution-alu-avec-poignee-gris-fonce\/"]}]},{"@type":"ImageObject","inLanguage":"fr-FR","@id":"https:\/\/sublimationsoinsexperts.com\/index.php\/product\/canne-anglaise-evolution-alu-avec-poignee-gris-fonce\/#primaryimage","url":"https:\/\/sublimationsoinsexperts.com\/wp-content\/uploads\/2025\/08\/060.030_Canne-anglaise-EVOLUTION-alu-et-gris-fonce.jpg","contentUrl":"https:\/\/sublimationsoinsexperts.com\/wp-content\/uploads\/2025\/08\/060.030_Canne-anglaise-EVOLUTION-alu-et-gris-fonce.jpg","width":1006,"height":1314},{"@type":"BreadcrumbList","@id":"https:\/\/sublimationsoinsexperts.com\/index.php\/product\/canne-anglaise-evolution-alu-avec-poignee-gris-fonce\/#breadcrumb","itemListElement":[{"@type":"ListItem","position":1,"name":"Accueil","item":"https:\/\/sublimationsoinsexperts.com\/"},{"@type":"ListItem","position":2,"name":"Shop","item":"https:\/\/sublimationsoinsexperts.com\/index.php\/shop\/"},{"@type":"ListItem","position":3,"name":"Canne anglaise Evolution, alu, avec poign\u00e9e gris fonc\u00e9"}]},{"@type":"WebSite","@id":"https:\/\/sublimationsoinsexperts.com\/#website","url":"https:\/\/sublimationsoinsexperts.com\/","name":"Sublimation soins experts","description":"","potentialAction":[{"@type":"SearchAction","target":{"@type":"EntryPoint","urlTemplate":"https:\/\/sublimationsoinsexperts.com\/?s={search_term_string}"},"query-input":{"@type":"PropertyValueSpecification","valueRequired":true,"valueName":"search_term_string"}}],"inLanguage":"fr-FR"}]}},"_links":{"self":[{"href":"https:\/\/sublimationsoinsexperts.com\/index.php\/wp-json\/wp\/v2\/product\/3359","targetHints":{"allow":["GET"]}}],"collection":[{"href":"https:\/\/sublimationsoinsexperts.com\/index.php\/wp-json\/wp\/v2\/product"}],"about":[{"href":"https:\/\/sublimationsoinsexperts.com\/index.php\/wp-json\/wp\/v2\/types\/product"}],"replies":[{"embeddable":true,"href":"https:\/\/sublimationsoinsexperts.com\/index.php\/wp-json\/wp\/v2\/comments?post=3359"}],"wp:featuredmedia":[{"embeddable":true,"href":"https:\/\/sublimationsoinsexperts.com\/index.php\/wp-json\/wp\/v2\/media\/3360"}],"wp:attachment":[{"href":"https:\/\/sublimationsoinsexperts.com\/index.php\/wp-json\/wp\/v2\/media?parent=3359"}],"wp:term":[{"taxonomy":"product_brand","embeddable":true,"href":"https:\/\/sublimationsoinsexperts.com\/index.php\/wp-json\/wp\/v2\/product_brand?post=3359"},{"taxonomy":"product_cat","embeddable":true,"href":"https:\/\/sublimationsoinsexperts.com\/index.php\/wp-json\/wp\/v2\/product_cat?post=3359"},{"taxonomy":"product_tag","embeddable":true,"href":"https:\/\/sublimationsoinsexperts.com\/index.php\/wp-json\/wp\/v2\/product_tag?post=3359"}],"curies":[{"name":"wp","href":"https:\/\/api.w.org\/{rel}","templated":true}]}}