{"id":766,"date":"2023-06-19T19:21:11","date_gmt":"2023-06-19T18:21:11","guid":{"rendered":"https:\/\/sublimationsoinsexperts.com\/?post_type=product&#038;p=766"},"modified":"2024-04-10T19:28:17","modified_gmt":"2024-04-10T18:28:17","slug":"alese-textile-lavable-bordable-avec-rabats","status":"publish","type":"product","link":"https:\/\/sublimationsoinsexperts.com\/index.php\/product\/alese-textile-lavable-bordable-avec-rabats\/","title":{"rendered":"ALESE TEXTILE LAVABLE BORDABLE AVEC RABATS 100 % POLYESTER"},"content":{"rendered":"<ul>\n<li>A l&rsquo;aide de ses ailettes l&rsquo;al\u00e8se reste parfaitement en place<\/li>\n<li>75 x 90 cm<\/li>\n<li>100 % polyester (c\u00f4t\u00e9s dormeur)<\/li>\n<li>Barri\u00e8re imperm\u00e9able en PVC<\/li>\n<\/ul>\n<p>REF 600.501<\/p>\n","protected":false},"excerpt":{"rendered":"<p>A l&rsquo;aide de ses ailettes l&rsquo;al\u00e8se reste parfaitement en place 75 x 90 cm 100 % polyester (c\u00f4t\u00e9s dormeur) Barri\u00e8re imperm\u00e9able en PVC REF 600.501<\/p>\n","protected":false},"featured_media":765,"comment_status":"open","ping_status":"closed","template":"","meta":[],"product_brand":[],"product_cat":[54,16],"product_tag":[],"class_list":{"0":"post-766","1":"product","2":"type-product","3":"status-publish","4":"has-post-thumbnail","6":"product_cat-aleses-textiles-lavables","7":"product_cat-incontinence","9":"first","10":"instock","11":"shipping-taxable","12":"purchasable","13":"product-type-simple"},"yoast_head":"<!-- This site is optimized with the Yoast SEO plugin v27.3 - https:\/\/yoast.com\/product\/yoast-seo-wordpress\/ -->\n<title>ALESE TEXTILE LAVABLE BORDABLE AVEC RABATS 100 % POLYESTER - Sublimation soins experts<\/title>\n<meta name=\"robots\" content=\"index, follow, max-snippet:-1, max-image-preview:large, max-video-preview:-1\" \/>\n<link rel=\"canonical\" href=\"https:\/\/sublimationsoinsexperts.com\/index.php\/product\/alese-textile-lavable-bordable-avec-rabats\/\" \/>\n<meta property=\"og:locale\" content=\"fr_FR\" \/>\n<meta property=\"og:type\" content=\"article\" \/>\n<meta property=\"og:title\" content=\"ALESE TEXTILE LAVABLE BORDABLE AVEC RABATS 100 % POLYESTER - Sublimation soins experts\" \/>\n<meta property=\"og:description\" content=\"A l&rsquo;aide de ses ailettes l&rsquo;al\u00e8se reste parfaitement en place 75 x 90 cm 100 % polyester (c\u00f4t\u00e9s dormeur) Barri\u00e8re imperm\u00e9able en PVC REF 600.501\" \/>\n<meta property=\"og:url\" content=\"https:\/\/sublimationsoinsexperts.com\/index.php\/product\/alese-textile-lavable-bordable-avec-rabats\/\" \/>\n<meta property=\"og:site_name\" content=\"Sublimation soins experts\" \/>\n<meta property=\"article:modified_time\" content=\"2024-04-10T18:28:17+00:00\" \/>\n<meta property=\"og:image\" content=\"http:\/\/sublimationsoinsexperts.com\/wp-content\/uploads\/2023\/06\/600.500_1-ALESE-SANS-RABATS-PLIEES.jpg\" \/>\n\t<meta property=\"og:image:width\" content=\"97\" \/>\n\t<meta property=\"og:image:height\" content=\"120\" \/>\n\t<meta property=\"og:image:type\" content=\"image\/jpeg\" \/>\n<meta name=\"twitter:card\" content=\"summary_large_image\" \/>\n<meta name=\"twitter:label1\" content=\"Dur\u00e9e de lecture estim\u00e9e\" \/>\n\t<meta name=\"twitter:data1\" content=\"1 minute\" \/>\n<script type=\"application\/ld+json\" class=\"yoast-schema-graph\">{\"@context\":\"https:\\\/\\\/schema.org\",\"@graph\":[{\"@type\":\"WebPage\",\"@id\":\"https:\\\/\\\/sublimationsoinsexperts.com\\\/index.php\\\/product\\\/alese-textile-lavable-bordable-avec-rabats\\\/\",\"url\":\"https:\\\/\\\/sublimationsoinsexperts.com\\\/index.php\\\/product\\\/alese-textile-lavable-bordable-avec-rabats\\\/\",\"name\":\"ALESE TEXTILE LAVABLE BORDABLE AVEC RABATS 100 % POLYESTER - Sublimation soins experts\",\"isPartOf\":{\"@id\":\"https:\\\/\\\/sublimationsoinsexperts.com\\\/#website\"},\"primaryImageOfPage\":{\"@id\":\"https:\\\/\\\/sublimationsoinsexperts.com\\\/index.php\\\/product\\\/alese-textile-lavable-bordable-avec-rabats\\\/#primaryimage\"},\"image\":{\"@id\":\"https:\\\/\\\/sublimationsoinsexperts.com\\\/index.php\\\/product\\\/alese-textile-lavable-bordable-avec-rabats\\\/#primaryimage\"},\"thumbnailUrl\":\"https:\\\/\\\/sublimationsoinsexperts.com\\\/wp-content\\\/uploads\\\/2023\\\/06\\\/600.500_1-ALESE-SANS-RABATS-PLIEES.jpg\",\"datePublished\":\"2023-06-19T18:21:11+00:00\",\"dateModified\":\"2024-04-10T18:28:17+00:00\",\"breadcrumb\":{\"@id\":\"https:\\\/\\\/sublimationsoinsexperts.com\\\/index.php\\\/product\\\/alese-textile-lavable-bordable-avec-rabats\\\/#breadcrumb\"},\"inLanguage\":\"fr-FR\",\"potentialAction\":[{\"@type\":\"ReadAction\",\"target\":[\"https:\\\/\\\/sublimationsoinsexperts.com\\\/index.php\\\/product\\\/alese-textile-lavable-bordable-avec-rabats\\\/\"]}]},{\"@type\":\"ImageObject\",\"inLanguage\":\"fr-FR\",\"@id\":\"https:\\\/\\\/sublimationsoinsexperts.com\\\/index.php\\\/product\\\/alese-textile-lavable-bordable-avec-rabats\\\/#primaryimage\",\"url\":\"https:\\\/\\\/sublimationsoinsexperts.com\\\/wp-content\\\/uploads\\\/2023\\\/06\\\/600.500_1-ALESE-SANS-RABATS-PLIEES.jpg\",\"contentUrl\":\"https:\\\/\\\/sublimationsoinsexperts.com\\\/wp-content\\\/uploads\\\/2023\\\/06\\\/600.500_1-ALESE-SANS-RABATS-PLIEES.jpg\",\"width\":97,\"height\":120},{\"@type\":\"BreadcrumbList\",\"@id\":\"https:\\\/\\\/sublimationsoinsexperts.com\\\/index.php\\\/product\\\/alese-textile-lavable-bordable-avec-rabats\\\/#breadcrumb\",\"itemListElement\":[{\"@type\":\"ListItem\",\"position\":1,\"name\":\"Accueil\",\"item\":\"https:\\\/\\\/sublimationsoinsexperts.com\\\/\"},{\"@type\":\"ListItem\",\"position\":2,\"name\":\"Shop\",\"item\":\"https:\\\/\\\/sublimationsoinsexperts.com\\\/index.php\\\/shop\\\/\"},{\"@type\":\"ListItem\",\"position\":3,\"name\":\"ALESE TEXTILE LAVABLE BORDABLE AVEC RABATS 100 % POLYESTER\"}]},{\"@type\":\"WebSite\",\"@id\":\"https:\\\/\\\/sublimationsoinsexperts.com\\\/#website\",\"url\":\"https:\\\/\\\/sublimationsoinsexperts.com\\\/\",\"name\":\"Sublimation soins experts\",\"description\":\"\",\"potentialAction\":[{\"@type\":\"SearchAction\",\"target\":{\"@type\":\"EntryPoint\",\"urlTemplate\":\"https:\\\/\\\/sublimationsoinsexperts.com\\\/?s={search_term_string}\"},\"query-input\":{\"@type\":\"PropertyValueSpecification\",\"valueRequired\":true,\"valueName\":\"search_term_string\"}}],\"inLanguage\":\"fr-FR\"}]}<\/script>\n<!-- \/ Yoast SEO plugin. -->","yoast_head_json":{"title":"ALESE TEXTILE LAVABLE BORDABLE AVEC RABATS 100 % POLYESTER - Sublimation soins experts","robots":{"index":"index","follow":"follow","max-snippet":"max-snippet:-1","max-image-preview":"max-image-preview:large","max-video-preview":"max-video-preview:-1"},"canonical":"https:\/\/sublimationsoinsexperts.com\/index.php\/product\/alese-textile-lavable-bordable-avec-rabats\/","og_locale":"fr_FR","og_type":"article","og_title":"ALESE TEXTILE LAVABLE BORDABLE AVEC RABATS 100 % POLYESTER - Sublimation soins experts","og_description":"A l&rsquo;aide de ses ailettes l&rsquo;al\u00e8se reste parfaitement en place 75 x 90 cm 100 % polyester (c\u00f4t\u00e9s dormeur) Barri\u00e8re imperm\u00e9able en PVC REF 600.501","og_url":"https:\/\/sublimationsoinsexperts.com\/index.php\/product\/alese-textile-lavable-bordable-avec-rabats\/","og_site_name":"Sublimation soins experts","article_modified_time":"2024-04-10T18:28:17+00:00","og_image":[{"width":97,"height":120,"url":"http:\/\/sublimationsoinsexperts.com\/wp-content\/uploads\/2023\/06\/600.500_1-ALESE-SANS-RABATS-PLIEES.jpg","type":"image\/jpeg"}],"twitter_card":"summary_large_image","twitter_misc":{"Dur\u00e9e de lecture estim\u00e9e":"1 minute"},"schema":{"@context":"https:\/\/schema.org","@graph":[{"@type":"WebPage","@id":"https:\/\/sublimationsoinsexperts.com\/index.php\/product\/alese-textile-lavable-bordable-avec-rabats\/","url":"https:\/\/sublimationsoinsexperts.com\/index.php\/product\/alese-textile-lavable-bordable-avec-rabats\/","name":"ALESE TEXTILE LAVABLE BORDABLE AVEC RABATS 100 % POLYESTER - Sublimation soins experts","isPartOf":{"@id":"https:\/\/sublimationsoinsexperts.com\/#website"},"primaryImageOfPage":{"@id":"https:\/\/sublimationsoinsexperts.com\/index.php\/product\/alese-textile-lavable-bordable-avec-rabats\/#primaryimage"},"image":{"@id":"https:\/\/sublimationsoinsexperts.com\/index.php\/product\/alese-textile-lavable-bordable-avec-rabats\/#primaryimage"},"thumbnailUrl":"https:\/\/sublimationsoinsexperts.com\/wp-content\/uploads\/2023\/06\/600.500_1-ALESE-SANS-RABATS-PLIEES.jpg","datePublished":"2023-06-19T18:21:11+00:00","dateModified":"2024-04-10T18:28:17+00:00","breadcrumb":{"@id":"https:\/\/sublimationsoinsexperts.com\/index.php\/product\/alese-textile-lavable-bordable-avec-rabats\/#breadcrumb"},"inLanguage":"fr-FR","potentialAction":[{"@type":"ReadAction","target":["https:\/\/sublimationsoinsexperts.com\/index.php\/product\/alese-textile-lavable-bordable-avec-rabats\/"]}]},{"@type":"ImageObject","inLanguage":"fr-FR","@id":"https:\/\/sublimationsoinsexperts.com\/index.php\/product\/alese-textile-lavable-bordable-avec-rabats\/#primaryimage","url":"https:\/\/sublimationsoinsexperts.com\/wp-content\/uploads\/2023\/06\/600.500_1-ALESE-SANS-RABATS-PLIEES.jpg","contentUrl":"https:\/\/sublimationsoinsexperts.com\/wp-content\/uploads\/2023\/06\/600.500_1-ALESE-SANS-RABATS-PLIEES.jpg","width":97,"height":120},{"@type":"BreadcrumbList","@id":"https:\/\/sublimationsoinsexperts.com\/index.php\/product\/alese-textile-lavable-bordable-avec-rabats\/#breadcrumb","itemListElement":[{"@type":"ListItem","position":1,"name":"Accueil","item":"https:\/\/sublimationsoinsexperts.com\/"},{"@type":"ListItem","position":2,"name":"Shop","item":"https:\/\/sublimationsoinsexperts.com\/index.php\/shop\/"},{"@type":"ListItem","position":3,"name":"ALESE TEXTILE LAVABLE BORDABLE AVEC RABATS 100 % POLYESTER"}]},{"@type":"WebSite","@id":"https:\/\/sublimationsoinsexperts.com\/#website","url":"https:\/\/sublimationsoinsexperts.com\/","name":"Sublimation soins experts","description":"","potentialAction":[{"@type":"SearchAction","target":{"@type":"EntryPoint","urlTemplate":"https:\/\/sublimationsoinsexperts.com\/?s={search_term_string}"},"query-input":{"@type":"PropertyValueSpecification","valueRequired":true,"valueName":"search_term_string"}}],"inLanguage":"fr-FR"}]}},"_links":{"self":[{"href":"https:\/\/sublimationsoinsexperts.com\/index.php\/wp-json\/wp\/v2\/product\/766","targetHints":{"allow":["GET"]}}],"collection":[{"href":"https:\/\/sublimationsoinsexperts.com\/index.php\/wp-json\/wp\/v2\/product"}],"about":[{"href":"https:\/\/sublimationsoinsexperts.com\/index.php\/wp-json\/wp\/v2\/types\/product"}],"replies":[{"embeddable":true,"href":"https:\/\/sublimationsoinsexperts.com\/index.php\/wp-json\/wp\/v2\/comments?post=766"}],"wp:featuredmedia":[{"embeddable":true,"href":"https:\/\/sublimationsoinsexperts.com\/index.php\/wp-json\/wp\/v2\/media\/765"}],"wp:attachment":[{"href":"https:\/\/sublimationsoinsexperts.com\/index.php\/wp-json\/wp\/v2\/media?parent=766"}],"wp:term":[{"taxonomy":"product_brand","embeddable":true,"href":"https:\/\/sublimationsoinsexperts.com\/index.php\/wp-json\/wp\/v2\/product_brand?post=766"},{"taxonomy":"product_cat","embeddable":true,"href":"https:\/\/sublimationsoinsexperts.com\/index.php\/wp-json\/wp\/v2\/product_cat?post=766"},{"taxonomy":"product_tag","embeddable":true,"href":"https:\/\/sublimationsoinsexperts.com\/index.php\/wp-json\/wp\/v2\/product_tag?post=766"}],"curies":[{"name":"wp","href":"https:\/\/api.w.org\/{rel}","templated":true}]}}